{"id":9886,"date":"2022-12-08T12:09:04","date_gmt":"2022-12-08T12:09:04","guid":{"rendered":"https:\/\/mamibacosmetics.comcommodites-2\/"},"modified":"2025-12-28T22:38:00","modified_gmt":"2025-12-28T22:38:00","slug":"commodites-2","status":"publish","type":"page","link":"https:\/\/mamibacosmetics.com\/fr\/commodites-2\/","title":{"rendered":"commodit\u00e9s"},"content":{"rendered":"\t\t<div data-elementor-type=\"wp-page\" data-elementor-id=\"9886\" class=\"elementor elementor-9886 elementor-7682\">\n\t\t\t\t\t\t<section class=\"elementor-section elementor-top-section elementor-element elementor-element-03a9721 elementor-section-boxed elementor-section-height-default elementor-section-height-default\" data-id=\"03a9721\" data-element_type=\"section\" data-e-type=\"section\" data-settings=\"{&quot;jet_parallax_layout_list&quot;:[]}\">\n\t\t\t\t\t\t<div class=\"elementor-container elementor-column-gap-default\">\n\t\t\t\t\t<div class=\"elementor-column elementor-col-100 elementor-top-column elementor-element elementor-element-f67d9d5\" data-id=\"f67d9d5\" data-element_type=\"column\" data-e-type=\"column\">\n\t\t\t<div class=\"elementor-widget-wrap elementor-element-populated\">\n\t\t\t\t\t\t<div class=\"elementor-element elementor-element-dc85245 elementor-widget elementor-widget-heading\" data-id=\"dc85245\" data-element_type=\"widget\" data-e-type=\"widget\" data-widget_type=\"heading.default\">\n\t\t\t\t\t<h2 class=\"elementor-heading-title elementor-size-default\">\u00c9QUIPEMENTS DE LA SALLE DE BAINS<\/h2>\t\t\t\t<\/div>\n\t\t\t\t<div class=\"elementor-element elementor-element-0f1a424 elementor-widget elementor-widget-text-editor\" data-id=\"0f1a424\" data-element_type=\"widget\" data-e-type=\"widget\" data-widget_type=\"text-editor.default\">\n\t\t\t\t\t\t\t\t\t<p>ARTICLES DE TOILETTE, PRODUITS SECS, ACCESSOIRES ET PLUS ENCORE<\/p>\t\t\t\t\t\t\t\t<\/div>\n\t\t\t\t\t<\/div>\n\t\t<\/div>\n\t\t\t\t\t<\/div>\n\t\t<\/section>\n\t\t\t\t<section class=\"elementor-section elementor-top-section elementor-element elementor-element-eec80d2 elementor-section-boxed elementor-section-height-default elementor-section-height-default\" data-id=\"eec80d2\" data-element_type=\"section\" data-e-type=\"section\" data-settings=\"{&quot;jet_parallax_layout_list&quot;:[]}\">\n\t\t\t\t\t\t<div class=\"elementor-container elementor-column-gap-default\">\n\t\t\t\t\t<div class=\"elementor-column elementor-col-50 elementor-top-column elementor-element elementor-element-38430e8\" data-id=\"38430e8\" data-element_type=\"column\" data-e-type=\"column\">\n\t\t\t<div class=\"elementor-widget-wrap elementor-element-populated\">\n\t\t\t\t\t\t<div class=\"elementor-element elementor-element-a08c4ae elementor-widget elementor-widget-image\" data-id=\"a08c4ae\" data-element_type=\"widget\" data-e-type=\"widget\" data-widget_type=\"image.default\">\n\t\t\t\t\t\t\t\t\t\t\t\t<figure class=\"wp-caption\">\n\t\t\t\t\t\t\t\t\t\t\t<a href=\"https:\/\/mamibacosmetics.com\/elle-all\/\">\n\t\t\t\t\t\t\t<img fetchpriority=\"high\" decoding=\"async\" width=\"600\" height=\"600\" src=\"https:\/\/mamibacosmetics.com\/wp-content\/uploads\/2025\/05\/huhu-600x600-1.webp\" class=\"attachment-full size-full wp-image-25342\" alt=\"\" srcset=\"https:\/\/mamibacosmetics.com\/wp-content\/uploads\/2025\/05\/huhu-600x600-1.webp 600w, https:\/\/mamibacosmetics.com\/wp-content\/uploads\/2025\/05\/huhu-600x600-1-300x300.webp 300w, https:\/\/mamibacosmetics.com\/wp-content\/uploads\/2025\/05\/huhu-600x600-1-150x150.webp 150w, https:\/\/mamibacosmetics.com\/wp-content\/uploads\/2025\/05\/huhu-600x600-1-500x500.webp 500w\" sizes=\"(max-width: 600px) 100vw, 600px\" \/>\t\t\t\t\t\t\t\t<\/a>\n\t\t\t\t\t\t\t\t\t\t\t<figcaption class=\"widget-image-caption wp-caption-text\"><\/figcaption>\n\t\t\t\t\t\t\t\t\t\t<\/figure>\n\t\t\t\t\t\t\t\t\t<\/div>\n\t\t\t\t<div class=\"elementor-element elementor-element-ac80306 elementor-widget elementor-widget-image\" data-id=\"ac80306\" data-element_type=\"widget\" data-e-type=\"widget\" data-widget_type=\"image.default\">\n\t\t\t\t\t\t\t\t\t\t\t\t<figure class=\"wp-caption\">\n\t\t\t\t\t\t\t\t\t\t\t<a href=\"https:\/\/mamibacosmetics.com\/fr\/m-dora\/\">\n\t\t\t\t\t\t\t<img decoding=\"async\" width=\"600\" height=\"600\" data-src=\"https:\/\/mamibacosmetics.com\/wp-content\/uploads\/2025\/05\/err-600x600-1.webp\" class=\"attachment-full size-full wp-image-25351 lazyload\" alt=\"\" data-srcset=\"https:\/\/mamibacosmetics.com\/wp-content\/uploads\/2025\/05\/err-600x600-1.webp 600w, https:\/\/mamibacosmetics.com\/wp-content\/uploads\/2025\/05\/err-600x600-1-300x300.webp 300w, https:\/\/mamibacosmetics.com\/wp-content\/uploads\/2025\/05\/err-600x600-1-150x150.webp 150w, https:\/\/mamibacosmetics.com\/wp-content\/uploads\/2025\/05\/err-600x600-1-500x500.webp 500w\" data-sizes=\"(max-width: 600px) 100vw, 600px\" src=\"data:image\/svg+xml;base64,PHN2ZyB3aWR0aD0iMSIgaGVpZ2h0PSIxIiB4bWxucz0iaHR0cDovL3d3dy53My5vcmcvMjAwMC9zdmciPjwvc3ZnPg==\" style=\"--smush-placeholder-width: 600px; --smush-placeholder-aspect-ratio: 600\/600;\" \/>\t\t\t\t\t\t\t\t<\/a>\n\t\t\t\t\t\t\t\t\t\t\t<figcaption class=\"widget-image-caption wp-caption-text\"><\/figcaption>\n\t\t\t\t\t\t\t\t\t\t<\/figure>\n\t\t\t\t\t\t\t\t\t<\/div>\n\t\t\t\t<div class=\"elementor-element elementor-element-48be8a8 elementor-widget elementor-widget-image\" data-id=\"48be8a8\" data-element_type=\"widget\" data-e-type=\"widget\" data-widget_type=\"image.default\">\n\t\t\t\t\t\t\t\t\t\t\t\t<figure class=\"wp-caption\">\n\t\t\t\t\t\t\t\t\t\t\t<a href=\"https:\/\/mamibacosmetics.com\/spa-rituals\/\">\n\t\t\t\t\t\t\t<img decoding=\"async\" width=\"2000\" height=\"2000\" data-src=\"https:\/\/mamibacosmetics.com\/wp-content\/uploads\/2025\/05\/SPA-2.jpg\" class=\"attachment-full size-full wp-image-25357 lazyload\" alt=\"\" data-srcset=\"https:\/\/mamibacosmetics.com\/wp-content\/uploads\/2025\/05\/SPA-2.jpg 2000w, https:\/\/mamibacosmetics.com\/wp-content\/uploads\/2025\/05\/SPA-2-300x300.jpg 300w, https:\/\/mamibacosmetics.com\/wp-content\/uploads\/2025\/05\/SPA-2-1024x1024.jpg 1024w, https:\/\/mamibacosmetics.com\/wp-content\/uploads\/2025\/05\/SPA-2-150x150.jpg 150w, https:\/\/mamibacosmetics.com\/wp-content\/uploads\/2025\/05\/SPA-2-768x768.jpg 768w, https:\/\/mamibacosmetics.com\/wp-content\/uploads\/2025\/05\/SPA-2-1536x1536.jpg 1536w, https:\/\/mamibacosmetics.com\/wp-content\/uploads\/2025\/05\/SPA-2-500x500.jpg 500w, https:\/\/mamibacosmetics.com\/wp-content\/uploads\/2025\/05\/SPA-2-600x600.jpg 600w\" data-sizes=\"(max-width: 2000px) 100vw, 2000px\" src=\"data:image\/svg+xml;base64,PHN2ZyB3aWR0aD0iMSIgaGVpZ2h0PSIxIiB4bWxucz0iaHR0cDovL3d3dy53My5vcmcvMjAwMC9zdmciPjwvc3ZnPg==\" style=\"--smush-placeholder-width: 2000px; --smush-placeholder-aspect-ratio: 2000\/2000;\" \/>\t\t\t\t\t\t\t\t<\/a>\n\t\t\t\t\t\t\t\t\t\t\t<figcaption class=\"widget-image-caption wp-caption-text\"><\/figcaption>\n\t\t\t\t\t\t\t\t\t\t<\/figure>\n\t\t\t\t\t\t\t\t\t<\/div>\n\t\t\t\t\t<\/div>\n\t\t<\/div>\n\t\t\t\t<div class=\"elementor-column elementor-col-50 elementor-top-column elementor-element elementor-element-9de6acf\" data-id=\"9de6acf\" data-element_type=\"column\" data-e-type=\"column\">\n\t\t\t<div class=\"elementor-widget-wrap elementor-element-populated\">\n\t\t\t\t\t\t<div class=\"elementor-element elementor-element-4c0d773 elementor-widget elementor-widget-image\" data-id=\"4c0d773\" data-element_type=\"widget\" data-e-type=\"widget\" data-widget_type=\"image.default\">\n\t\t\t\t\t\t\t\t\t\t\t\t<figure class=\"wp-caption\">\n\t\t\t\t\t\t\t\t\t\t\t<a href=\"https:\/\/mamibacosmetics.com\/fr\/angelo-caroli\/\">\n\t\t\t\t\t\t\t<img decoding=\"async\" width=\"600\" height=\"600\" data-src=\"https:\/\/mamibacosmetics.com\/wp-content\/uploads\/2025\/05\/mkm-600x600-1.webp\" class=\"attachment-full size-full wp-image-25345 lazyload\" alt=\"\" data-srcset=\"https:\/\/mamibacosmetics.com\/wp-content\/uploads\/2025\/05\/mkm-600x600-1.webp 600w, https:\/\/mamibacosmetics.com\/wp-content\/uploads\/2025\/05\/mkm-600x600-1-300x300.webp 300w, https:\/\/mamibacosmetics.com\/wp-content\/uploads\/2025\/05\/mkm-600x600-1-150x150.webp 150w, https:\/\/mamibacosmetics.com\/wp-content\/uploads\/2025\/05\/mkm-600x600-1-500x500.webp 500w\" data-sizes=\"(max-width: 600px) 100vw, 600px\" src=\"data:image\/svg+xml;base64,PHN2ZyB3aWR0aD0iMSIgaGVpZ2h0PSIxIiB4bWxucz0iaHR0cDovL3d3dy53My5vcmcvMjAwMC9zdmciPjwvc3ZnPg==\" style=\"--smush-placeholder-width: 600px; --smush-placeholder-aspect-ratio: 600\/600;\" \/>\t\t\t\t\t\t\t\t<\/a>\n\t\t\t\t\t\t\t\t\t\t\t<figcaption class=\"widget-image-caption wp-caption-text\"><\/figcaption>\n\t\t\t\t\t\t\t\t\t\t<\/figure>\n\t\t\t\t\t\t\t\t\t<\/div>\n\t\t\t\t<div class=\"elementor-element elementor-element-273f0be elementor-widget elementor-widget-image\" data-id=\"273f0be\" data-element_type=\"widget\" data-e-type=\"widget\" data-widget_type=\"image.default\">\n\t\t\t\t\t\t\t\t\t\t\t\t<figure class=\"wp-caption\">\n\t\t\t\t\t\t\t\t\t\t\t<a href=\"https:\/\/mamibacosmetics.com\/fr\/acqua-di-portofino\/\">\n\t\t\t\t\t\t\t<img decoding=\"async\" width=\"600\" height=\"600\" data-src=\"https:\/\/mamibacosmetics.com\/wp-content\/uploads\/2025\/05\/uuuy-600x600-1.webp\" class=\"attachment-full size-full wp-image-25348 lazyload\" alt=\"\" data-srcset=\"https:\/\/mamibacosmetics.com\/wp-content\/uploads\/2025\/05\/uuuy-600x600-1.webp 600w, https:\/\/mamibacosmetics.com\/wp-content\/uploads\/2025\/05\/uuuy-600x600-1-300x300.webp 300w, https:\/\/mamibacosmetics.com\/wp-content\/uploads\/2025\/05\/uuuy-600x600-1-150x150.webp 150w, https:\/\/mamibacosmetics.com\/wp-content\/uploads\/2025\/05\/uuuy-600x600-1-500x500.webp 500w\" data-sizes=\"(max-width: 600px) 100vw, 600px\" src=\"data:image\/svg+xml;base64,PHN2ZyB3aWR0aD0iMSIgaGVpZ2h0PSIxIiB4bWxucz0iaHR0cDovL3d3dy53My5vcmcvMjAwMC9zdmciPjwvc3ZnPg==\" style=\"--smush-placeholder-width: 600px; --smush-placeholder-aspect-ratio: 600\/600;\" \/>\t\t\t\t\t\t\t\t<\/a>\n\t\t\t\t\t\t\t\t\t\t\t<figcaption class=\"widget-image-caption wp-caption-text\"><\/figcaption>\n\t\t\t\t\t\t\t\t\t\t<\/figure>\n\t\t\t\t\t\t\t\t\t<\/div>\n\t\t\t\t<div class=\"elementor-element elementor-element-0bb478c elementor-widget elementor-widget-image\" data-id=\"0bb478c\" data-element_type=\"widget\" data-e-type=\"widget\" data-widget_type=\"image.default\">\n\t\t\t\t\t\t\t\t\t\t\t\t<figure class=\"wp-caption\">\n\t\t\t\t\t\t\t\t\t\t\t<a href=\"https:\/\/mamibacosmetics.com\/fr\/m-carnval\/\">\n\t\t\t\t\t\t\t<img decoding=\"async\" width=\"600\" height=\"600\" data-src=\"https:\/\/mamibacosmetics.com\/wp-content\/uploads\/2025\/05\/ae-600x600-1.webp\" class=\"attachment-full size-full wp-image-25354 lazyload\" alt=\"\" data-srcset=\"https:\/\/mamibacosmetics.com\/wp-content\/uploads\/2025\/05\/ae-600x600-1.webp 600w, https:\/\/mamibacosmetics.com\/wp-content\/uploads\/2025\/05\/ae-600x600-1-300x300.webp 300w, https:\/\/mamibacosmetics.com\/wp-content\/uploads\/2025\/05\/ae-600x600-1-150x150.webp 150w, https:\/\/mamibacosmetics.com\/wp-content\/uploads\/2025\/05\/ae-600x600-1-500x500.webp 500w\" data-sizes=\"(max-width: 600px) 100vw, 600px\" src=\"data:image\/svg+xml;base64,PHN2ZyB3aWR0aD0iMSIgaGVpZ2h0PSIxIiB4bWxucz0iaHR0cDovL3d3dy53My5vcmcvMjAwMC9zdmciPjwvc3ZnPg==\" style=\"--smush-placeholder-width: 600px; --smush-placeholder-aspect-ratio: 600\/600;\" \/>\t\t\t\t\t\t\t\t<\/a>\n\t\t\t\t\t\t\t\t\t\t\t<figcaption class=\"widget-image-caption wp-caption-text\"><\/figcaption>\n\t\t\t\t\t\t\t\t\t\t<\/figure>\n\t\t\t\t\t\t\t\t\t<\/div>\n\t\t\t\t\t<\/div>\n\t\t<\/div>\n\t\t\t\t\t<\/div>\n\t\t<\/section>\n\t\t\t\t<\/div>\n\t\t","protected":false},"excerpt":{"rendered":"<p>\u00c9QUIPEMENTS DE LA SALLE DE BAINS ARTICLES DE TOILETTE, PRODUITS SECS, ACCESSOIRES ET PLUS ENCORE<\/p>\n","protected":false},"author":10,"featured_media":0,"parent":0,"menu_order":0,"comment_status":"closed","ping_status":"closed","template":"elementor_header_footer","meta":{"_acf_changed":false,"om_disable_all_campaigns":false,"footnotes":""},"class_list":["post-9886","page","type-page","status-publish","hentry"],"acf":[],"yoast_head":"<!-- This site is optimized with the Yoast SEO plugin v27.4 - https:\/\/yoast.com\/product\/yoast-seo-wordpress\/ -->\n<title>\u00c9QUIPEMENTS DE SALLE DE BAINS<\/title>\n<meta name=\"description\" content=\"Nous pensons que vous devriez toujours avoir une exp\u00e9rience exceptionnelle en ce qui concerne la qualit\u00e9 des \u00e9quipements personnels de la salle de bains.\" \/>\n<meta name=\"robots\" content=\"index, follow, max-snippet:-1, max-image-preview:large, max-video-preview:-1\" \/>\n<link rel=\"canonical\" href=\"https:\/\/mamibacosmetics.com\/bathroom-amenities\/\" \/>\n<meta property=\"og:locale\" content=\"fr_FR\" \/>\n<meta property=\"og:type\" content=\"article\" \/>\n<meta property=\"og:title\" content=\"\u00c9QUIPEMENTS DE SALLE DE BAINS\" \/>\n<meta property=\"og:description\" content=\"Nous pensons que vous devriez toujours avoir une exp\u00e9rience exceptionnelle en ce qui concerne la qualit\u00e9 des \u00e9quipements personnels de la salle de bains.\" \/>\n<meta property=\"og:url\" content=\"https:\/\/mamibacosmetics.com\/bathroom-amenities\/\" \/>\n<meta property=\"og:site_name\" content=\"MAMIBA\" \/>\n<meta property=\"article:publisher\" content=\"https:\/\/www.facebook.com\/MamibaHotelSupplies\" \/>\n<meta property=\"article:modified_time\" content=\"2025-12-28T22:38:00+00:00\" \/>\n<meta property=\"og:image\" content=\"https:\/\/mamibacosmetics.com\/wp-content\/uploads\/2025\/05\/huhu-600x600-1.webp\" \/>\n\t<meta property=\"og:image:width\" content=\"600\" \/>\n\t<meta property=\"og:image:height\" content=\"600\" \/>\n\t<meta property=\"og:image:type\" content=\"image\/webp\" \/>\n<meta name=\"twitter:card\" content=\"summary_large_image\" \/>\n<meta name=\"twitter:label1\" content=\"Dur\u00e9e de lecture estim\u00e9e\" \/>\n\t<meta name=\"twitter:data1\" content=\"2 minutes\" \/>\n<script type=\"application\/ld+json\" class=\"yoast-schema-graph\">{\"@context\":\"https:\\\/\\\/schema.org\",\"@graph\":[{\"@type\":\"WebPage\",\"@id\":\"https:\\\/\\\/mamibacosmetics.com\\\/bathroom-amenities\\\/\",\"url\":\"https:\\\/\\\/mamibacosmetics.com\\\/bathroom-amenities\\\/\",\"name\":\"\u00c9QUIPEMENTS DE SALLE DE BAINS\",\"isPartOf\":{\"@id\":\"https:\\\/\\\/mamibacosmetics.com\\\/#website\"},\"primaryImageOfPage\":{\"@id\":\"https:\\\/\\\/mamibacosmetics.com\\\/bathroom-amenities\\\/#primaryimage\"},\"image\":{\"@id\":\"https:\\\/\\\/mamibacosmetics.com\\\/bathroom-amenities\\\/#primaryimage\"},\"thumbnailUrl\":\"https:\\\/\\\/mamibacosmetics.com\\\/wp-content\\\/uploads\\\/2025\\\/05\\\/huhu-600x600-1.webp\",\"datePublished\":\"2022-12-08T12:09:04+00:00\",\"dateModified\":\"2025-12-28T22:38:00+00:00\",\"description\":\"Nous pensons que vous devriez toujours avoir une exp\u00e9rience exceptionnelle en ce qui concerne la qualit\u00e9 des \u00e9quipements personnels de la salle de bains.\",\"breadcrumb\":{\"@id\":\"https:\\\/\\\/mamibacosmetics.com\\\/bathroom-amenities\\\/#breadcrumb\"},\"inLanguage\":\"fr-FR\",\"potentialAction\":[{\"@type\":\"ReadAction\",\"target\":[\"https:\\\/\\\/mamibacosmetics.com\\\/bathroom-amenities\\\/\"]}]},{\"@type\":\"ImageObject\",\"inLanguage\":\"fr-FR\",\"@id\":\"https:\\\/\\\/mamibacosmetics.com\\\/bathroom-amenities\\\/#primaryimage\",\"url\":\"https:\\\/\\\/mamibacosmetics.com\\\/wp-content\\\/uploads\\\/2025\\\/05\\\/huhu-600x600-1.webp\",\"contentUrl\":\"https:\\\/\\\/mamibacosmetics.com\\\/wp-content\\\/uploads\\\/2025\\\/05\\\/huhu-600x600-1.webp\"},{\"@type\":\"BreadcrumbList\",\"@id\":\"https:\\\/\\\/mamibacosmetics.com\\\/bathroom-amenities\\\/#breadcrumb\",\"itemListElement\":[{\"@type\":\"ListItem\",\"position\":1,\"name\":\"Home\",\"item\":\"https:\\\/\\\/mamibacosmetics.com\\\/\"},{\"@type\":\"ListItem\",\"position\":2,\"name\":\"commodit\u00e9s\"}]},{\"@type\":\"WebSite\",\"@id\":\"https:\\\/\\\/mamibacosmetics.com\\\/#website\",\"url\":\"https:\\\/\\\/mamibacosmetics.com\\\/\",\"name\":\"MAMIBA\",\"description\":\"MAMIBA is a hospitality one-stop shop We have a young and fresh approach with each one of our clients\",\"potentialAction\":[{\"@type\":\"SearchAction\",\"target\":{\"@type\":\"EntryPoint\",\"urlTemplate\":\"https:\\\/\\\/mamibacosmetics.com\\\/?s={search_term_string}\"},\"query-input\":{\"@type\":\"PropertyValueSpecification\",\"valueRequired\":true,\"valueName\":\"search_term_string\"}}],\"inLanguage\":\"fr-FR\"}]}<\/script>\n<!-- \/ Yoast SEO plugin. -->","yoast_head_json":{"title":"\u00c9QUIPEMENTS DE SALLE DE BAINS","description":"Nous pensons que vous devriez toujours avoir une exp\u00e9rience exceptionnelle en ce qui concerne la qualit\u00e9 des \u00e9quipements personnels de la salle de bains.","robots":{"index":"index","follow":"follow","max-snippet":"max-snippet:-1","max-image-preview":"max-image-preview:large","max-video-preview":"max-video-preview:-1"},"canonical":"https:\/\/mamibacosmetics.com\/bathroom-amenities\/","og_locale":"fr_FR","og_type":"article","og_title":"\u00c9QUIPEMENTS DE SALLE DE BAINS","og_description":"Nous pensons que vous devriez toujours avoir une exp\u00e9rience exceptionnelle en ce qui concerne la qualit\u00e9 des \u00e9quipements personnels de la salle de bains.","og_url":"https:\/\/mamibacosmetics.com\/bathroom-amenities\/","og_site_name":"MAMIBA","article_publisher":"https:\/\/www.facebook.com\/MamibaHotelSupplies","article_modified_time":"2025-12-28T22:38:00+00:00","og_image":[{"width":600,"height":600,"url":"https:\/\/mamibacosmetics.com\/wp-content\/uploads\/2025\/05\/huhu-600x600-1.webp","type":"image\/webp"}],"twitter_card":"summary_large_image","twitter_misc":{"Dur\u00e9e de lecture estim\u00e9e":"2 minutes"},"schema":{"@context":"https:\/\/schema.org","@graph":[{"@type":"WebPage","@id":"https:\/\/mamibacosmetics.com\/bathroom-amenities\/","url":"https:\/\/mamibacosmetics.com\/bathroom-amenities\/","name":"\u00c9QUIPEMENTS DE SALLE DE BAINS","isPartOf":{"@id":"https:\/\/mamibacosmetics.com\/#website"},"primaryImageOfPage":{"@id":"https:\/\/mamibacosmetics.com\/bathroom-amenities\/#primaryimage"},"image":{"@id":"https:\/\/mamibacosmetics.com\/bathroom-amenities\/#primaryimage"},"thumbnailUrl":"https:\/\/mamibacosmetics.com\/wp-content\/uploads\/2025\/05\/huhu-600x600-1.webp","datePublished":"2022-12-08T12:09:04+00:00","dateModified":"2025-12-28T22:38:00+00:00","description":"Nous pensons que vous devriez toujours avoir une exp\u00e9rience exceptionnelle en ce qui concerne la qualit\u00e9 des \u00e9quipements personnels de la salle de bains.","breadcrumb":{"@id":"https:\/\/mamibacosmetics.com\/bathroom-amenities\/#breadcrumb"},"inLanguage":"fr-FR","potentialAction":[{"@type":"ReadAction","target":["https:\/\/mamibacosmetics.com\/bathroom-amenities\/"]}]},{"@type":"ImageObject","inLanguage":"fr-FR","@id":"https:\/\/mamibacosmetics.com\/bathroom-amenities\/#primaryimage","url":"https:\/\/mamibacosmetics.com\/wp-content\/uploads\/2025\/05\/huhu-600x600-1.webp","contentUrl":"https:\/\/mamibacosmetics.com\/wp-content\/uploads\/2025\/05\/huhu-600x600-1.webp"},{"@type":"BreadcrumbList","@id":"https:\/\/mamibacosmetics.com\/bathroom-amenities\/#breadcrumb","itemListElement":[{"@type":"ListItem","position":1,"name":"Home","item":"https:\/\/mamibacosmetics.com\/"},{"@type":"ListItem","position":2,"name":"commodit\u00e9s"}]},{"@type":"WebSite","@id":"https:\/\/mamibacosmetics.com\/#website","url":"https:\/\/mamibacosmetics.com\/","name":"MAMIBA","description":"MAMIBA is a hospitality one-stop shop We have a young and fresh approach with each one of our clients","potentialAction":[{"@type":"SearchAction","target":{"@type":"EntryPoint","urlTemplate":"https:\/\/mamibacosmetics.com\/?s={search_term_string}"},"query-input":{"@type":"PropertyValueSpecification","valueRequired":true,"valueName":"search_term_string"}}],"inLanguage":"fr-FR"}]}},"_links":{"self":[{"href":"https:\/\/mamibacosmetics.com\/fr\/wp-json\/wp\/v2\/pages\/9886","targetHints":{"allow":["GET"]}}],"collection":[{"href":"https:\/\/mamibacosmetics.com\/fr\/wp-json\/wp\/v2\/pages"}],"about":[{"href":"https:\/\/mamibacosmetics.com\/fr\/wp-json\/wp\/v2\/types\/page"}],"author":[{"embeddable":true,"href":"https:\/\/mamibacosmetics.com\/fr\/wp-json\/wp\/v2\/users\/10"}],"replies":[{"embeddable":true,"href":"https:\/\/mamibacosmetics.com\/fr\/wp-json\/wp\/v2\/comments?post=9886"}],"version-history":[{"count":15,"href":"https:\/\/mamibacosmetics.com\/fr\/wp-json\/wp\/v2\/pages\/9886\/revisions"}],"predecessor-version":[{"id":28453,"href":"https:\/\/mamibacosmetics.com\/fr\/wp-json\/wp\/v2\/pages\/9886\/revisions\/28453"}],"wp:attachment":[{"href":"https:\/\/mamibacosmetics.com\/fr\/wp-json\/wp\/v2\/media?parent=9886"}],"curies":[{"name":"wp","href":"https:\/\/api.w.org\/{rel}","templated":true}]}}