{"id":9881,"date":"2022-12-08T14:17:26","date_gmt":"2022-12-08T14:17:26","guid":{"rendered":"https:\/\/mamibacosmetics.comproduits\/"},"modified":"2025-12-29T12:49:23","modified_gmt":"2025-12-29T12:49:23","slug":"produits","status":"publish","type":"page","link":"https:\/\/mamibacosmetics.com\/fr\/produits\/","title":{"rendered":"Produits"},"content":{"rendered":"\t\t<div data-elementor-type=\"wp-page\" data-elementor-id=\"9881\" class=\"elementor elementor-9881 elementor-7758\">\n\t\t\t\t\t\t<section class=\"elementor-section elementor-top-section elementor-element elementor-element-364fa178 elementor-section-boxed elementor-section-height-default elementor-section-height-default\" data-id=\"364fa178\" data-element_type=\"section\" data-e-type=\"section\" data-settings=\"{&quot;jet_parallax_layout_list&quot;:[]}\">\n\t\t\t\t\t\t<div class=\"elementor-container elementor-column-gap-default\">\n\t\t\t\t\t<div class=\"elementor-column elementor-col-100 elementor-top-column elementor-element elementor-element-1f5273a\" data-id=\"1f5273a\" data-element_type=\"column\" data-e-type=\"column\">\n\t\t\t<div class=\"elementor-widget-wrap elementor-element-populated\">\n\t\t\t\t\t\t<div class=\"elementor-element elementor-element-7c841966 elementor-widget elementor-widget-heading\" data-id=\"7c841966\" data-element_type=\"widget\" data-e-type=\"widget\" data-widget_type=\"heading.default\">\n\t\t\t\t\t<h2 class=\"elementor-heading-title elementor-size-default\">PRODUITS<\/h2>\t\t\t\t<\/div>\n\t\t\t\t\t<\/div>\n\t\t<\/div>\n\t\t\t\t\t<\/div>\n\t\t<\/section>\n\t\t\t\t<section class=\"elementor-section elementor-top-section elementor-element elementor-element-1c574c3d elementor-section-boxed elementor-section-height-default elementor-section-height-default\" data-id=\"1c574c3d\" data-element_type=\"section\" data-e-type=\"section\" data-settings=\"{&quot;jet_parallax_layout_list&quot;:[]}\">\n\t\t\t\t\t\t<div class=\"elementor-container elementor-column-gap-default\">\n\t\t\t\t\t<div class=\"elementor-column elementor-col-100 elementor-top-column elementor-element elementor-element-796b626d\" data-id=\"796b626d\" data-element_type=\"column\" data-e-type=\"column\">\n\t\t\t<div class=\"elementor-widget-wrap\">\n\t\t\t\t\t\t\t<\/div>\n\t\t<\/div>\n\t\t\t\t\t<\/div>\n\t\t<\/section>\n\t\t\t\t<section class=\"elementor-section elementor-top-section elementor-element elementor-element-67265fb4 elementor-section-boxed elementor-section-height-default elementor-section-height-default\" data-id=\"67265fb4\" data-element_type=\"section\" data-e-type=\"section\" data-settings=\"{&quot;jet_parallax_layout_list&quot;:[]}\">\n\t\t\t\t\t\t<div class=\"elementor-container elementor-column-gap-default\">\n\t\t\t\t\t<div class=\"elementor-column elementor-col-33 elementor-top-column elementor-element elementor-element-224fb88b\" data-id=\"224fb88b\" data-element_type=\"column\" data-e-type=\"column\">\n\t\t\t<div class=\"elementor-widget-wrap elementor-element-populated\">\n\t\t\t\t\t\t<div class=\"elementor-element elementor-element-74d73ea4 elementor-widget elementor-widget-heading\" data-id=\"74d73ea4\" data-element_type=\"widget\" data-e-type=\"widget\" data-widget_type=\"heading.default\">\n\t\t\t\t\t<h2 class=\"elementor-heading-title elementor-size-default\">\u00c9QUIPEMENTS<\/h2>\t\t\t\t<\/div>\n\t\t\t\t<div class=\"elementor-element elementor-element-3d2c7f5a elementor-widget elementor-widget-image\" data-id=\"3d2c7f5a\" data-element_type=\"widget\" data-e-type=\"widget\" data-widget_type=\"image.default\">\n\t\t\t\t\t\t\t\t\t\t\t\t<figure class=\"wp-caption\">\n\t\t\t\t\t\t\t\t\t\t\t<a href=\"https:\/\/mamibacosmetics.comfr\/?page_id=9886\">\n\t\t\t\t\t\t\t<img fetchpriority=\"high\" decoding=\"async\" width=\"400\" height=\"400\" src=\"https:\/\/mamibacosmetics.com\/wp-content\/uploads\/2022\/12\/amenities.jpg\" class=\"attachment-full size-full wp-image-7786\" alt=\"Amenities\u200b\" srcset=\"https:\/\/mamibacosmetics.com\/wp-content\/uploads\/2022\/12\/amenities.jpg 400w, https:\/\/mamibacosmetics.com\/wp-content\/uploads\/2022\/12\/amenities-300x300.jpg 300w, https:\/\/mamibacosmetics.com\/wp-content\/uploads\/2022\/12\/amenities-150x150.jpg 150w\" sizes=\"(max-width: 400px) 100vw, 400px\" \/>\t\t\t\t\t\t\t\t<\/a>\n\t\t\t\t\t\t\t\t\t\t\t<figcaption class=\"widget-image-caption wp-caption-text\"><\/figcaption>\n\t\t\t\t\t\t\t\t\t\t<\/figure>\n\t\t\t\t\t\t\t\t\t<\/div>\n\t\t\t\t\t<\/div>\n\t\t<\/div>\n\t\t\t\t<div class=\"elementor-column elementor-col-33 elementor-top-column elementor-element elementor-element-532f8c30\" data-id=\"532f8c30\" data-element_type=\"column\" data-e-type=\"column\">\n\t\t\t<div class=\"elementor-widget-wrap elementor-element-populated\">\n\t\t\t\t\t\t<div class=\"elementor-element elementor-element-7092ba27 elementor-widget elementor-widget-heading\" data-id=\"7092ba27\" data-element_type=\"widget\" data-e-type=\"widget\" data-widget_type=\"heading.default\">\n\t\t\t\t\t<h2 class=\"elementor-heading-title elementor-size-default\"><a href=\"https:\/\/mamibacosmetics.comfr\/?page_id=9689\">LITERIE, LINGE DE MAISON ET SERVIETTES<\/a><\/h2>\t\t\t\t<\/div>\n\t\t\t\t<div class=\"elementor-element elementor-element-6e30f7d8 elementor-widget elementor-widget-image\" data-id=\"6e30f7d8\" data-element_type=\"widget\" data-e-type=\"widget\" data-widget_type=\"image.default\">\n\t\t\t\t\t\t\t\t\t\t\t\t<figure class=\"wp-caption\">\n\t\t\t\t\t\t\t\t\t\t\t<a href=\"https:\/\/mamibacosmetics.comfr\/?page_id=9689\">\n\t\t\t\t\t\t\t<img decoding=\"async\" width=\"500\" height=\"500\" data-src=\"https:\/\/mamibacosmetics.com\/wp-content\/uploads\/2022\/12\/bediing.jpg\" class=\"attachment-full size-full wp-image-7785 lazyload\" alt=\"Amenities\" data-srcset=\"https:\/\/mamibacosmetics.com\/wp-content\/uploads\/2022\/12\/bediing.jpg 500w, https:\/\/mamibacosmetics.com\/wp-content\/uploads\/2022\/12\/bediing-300x300.jpg 300w, https:\/\/mamibacosmetics.com\/wp-content\/uploads\/2022\/12\/bediing-150x150.jpg 150w\" data-sizes=\"(max-width: 500px) 100vw, 500px\" src=\"data:image\/svg+xml;base64,PHN2ZyB3aWR0aD0iMSIgaGVpZ2h0PSIxIiB4bWxucz0iaHR0cDovL3d3dy53My5vcmcvMjAwMC9zdmciPjwvc3ZnPg==\" style=\"--smush-placeholder-width: 500px; --smush-placeholder-aspect-ratio: 500\/500;\" \/>\t\t\t\t\t\t\t\t<\/a>\n\t\t\t\t\t\t\t\t\t\t\t<figcaption class=\"widget-image-caption wp-caption-text\"><\/figcaption>\n\t\t\t\t\t\t\t\t\t\t<\/figure>\n\t\t\t\t\t\t\t\t\t<\/div>\n\t\t\t\t\t<\/div>\n\t\t<\/div>\n\t\t\t\t<div class=\"elementor-column elementor-col-33 elementor-top-column elementor-element elementor-element-38ea7a2d\" data-id=\"38ea7a2d\" data-element_type=\"column\" data-e-type=\"column\">\n\t\t\t<div class=\"elementor-widget-wrap elementor-element-populated\">\n\t\t\t\t\t\t<div class=\"elementor-element elementor-element-2668dcb8 elementor-widget elementor-widget-heading\" data-id=\"2668dcb8\" data-element_type=\"widget\" data-e-type=\"widget\" data-widget_type=\"heading.default\">\n\t\t\t\t\t<h2 class=\"elementor-heading-title elementor-size-default\">SOINS DE LA PEAU ET HYGI\u00c8NE<\/h2>\t\t\t\t<\/div>\n\t\t\t\t<div class=\"elementor-element elementor-element-3eb885e6 elementor-widget elementor-widget-image\" data-id=\"3eb885e6\" data-element_type=\"widget\" data-e-type=\"widget\" data-widget_type=\"image.default\">\n\t\t\t\t\t\t\t\t\t\t\t\t<figure class=\"wp-caption\">\n\t\t\t\t\t\t\t\t\t\t\t<a href=\"https:\/\/mamibacosmetics.comfr\/dr-phi-3\/\">\n\t\t\t\t\t\t\t<img decoding=\"async\" width=\"500\" height=\"500\" data-src=\"https:\/\/mamibacosmetics.com\/wp-content\/uploads\/2022\/12\/Skincare.jpg\" class=\"attachment-full size-full wp-image-7788 lazyload\" alt=\"Amenities\" data-srcset=\"https:\/\/mamibacosmetics.com\/wp-content\/uploads\/2022\/12\/Skincare.jpg 500w, https:\/\/mamibacosmetics.com\/wp-content\/uploads\/2022\/12\/Skincare-300x300.jpg 300w, https:\/\/mamibacosmetics.com\/wp-content\/uploads\/2022\/12\/Skincare-150x150.jpg 150w\" data-sizes=\"(max-width: 500px) 100vw, 500px\" src=\"data:image\/svg+xml;base64,PHN2ZyB3aWR0aD0iMSIgaGVpZ2h0PSIxIiB4bWxucz0iaHR0cDovL3d3dy53My5vcmcvMjAwMC9zdmciPjwvc3ZnPg==\" style=\"--smush-placeholder-width: 500px; --smush-placeholder-aspect-ratio: 500\/500;\" \/>\t\t\t\t\t\t\t\t<\/a>\n\t\t\t\t\t\t\t\t\t\t\t<figcaption class=\"widget-image-caption wp-caption-text\"><\/figcaption>\n\t\t\t\t\t\t\t\t\t\t<\/figure>\n\t\t\t\t\t\t\t\t\t<\/div>\n\t\t\t\t\t<\/div>\n\t\t<\/div>\n\t\t\t\t\t<\/div>\n\t\t<\/section>\n\t\t\t\t<section class=\"elementor-section elementor-top-section elementor-element elementor-element-7865d28a elementor-section-boxed elementor-section-height-default elementor-section-height-default\" data-id=\"7865d28a\" data-element_type=\"section\" data-e-type=\"section\" data-settings=\"{&quot;jet_parallax_layout_list&quot;:[]}\">\n\t\t\t\t\t\t<div class=\"elementor-container elementor-column-gap-default\">\n\t\t\t\t\t<div class=\"elementor-column elementor-col-33 elementor-top-column elementor-element elementor-element-133357c5\" data-id=\"133357c5\" data-element_type=\"column\" data-e-type=\"column\">\n\t\t\t<div class=\"elementor-widget-wrap elementor-element-populated\">\n\t\t\t\t\t\t<div class=\"elementor-element elementor-element-4ca87082 elementor-widget elementor-widget-heading\" data-id=\"4ca87082\" data-element_type=\"widget\" data-e-type=\"widget\" data-widget_type=\"heading.default\">\n\t\t\t\t\t<h2 class=\"elementor-heading-title elementor-size-default\">ACCESSOIRES DE CHAMBRE D'H\u00d4TES<\/h2>\t\t\t\t<\/div>\n\t\t\t\t<div class=\"elementor-element elementor-element-3c894a0e elementor-widget elementor-widget-image\" data-id=\"3c894a0e\" data-element_type=\"widget\" data-e-type=\"widget\" data-widget_type=\"image.default\">\n\t\t\t\t\t\t\t\t\t\t\t\t<figure class=\"wp-caption\">\n\t\t\t\t\t\t\t\t\t\t\t<a href=\"https:\/\/mamibacosmetics.comfr\/?page_id=9852\">\n\t\t\t\t\t\t\t<img decoding=\"async\" width=\"340\" height=\"340\" data-src=\"https:\/\/mamibacosmetics.com\/wp-content\/uploads\/2024\/03\/LOW-ALABASTER-COVER-copy.jpg\" class=\"attachment-full size-full wp-image-21801 lazyload\" alt=\"\" data-srcset=\"https:\/\/mamibacosmetics.com\/wp-content\/uploads\/2024\/03\/LOW-ALABASTER-COVER-copy.jpg 340w, https:\/\/mamibacosmetics.com\/wp-content\/uploads\/2024\/03\/LOW-ALABASTER-COVER-copy-300x300.jpg 300w, https:\/\/mamibacosmetics.com\/wp-content\/uploads\/2024\/03\/LOW-ALABASTER-COVER-copy-150x150.jpg 150w\" data-sizes=\"(max-width: 340px) 100vw, 340px\" src=\"data:image\/svg+xml;base64,PHN2ZyB3aWR0aD0iMSIgaGVpZ2h0PSIxIiB4bWxucz0iaHR0cDovL3d3dy53My5vcmcvMjAwMC9zdmciPjwvc3ZnPg==\" style=\"--smush-placeholder-width: 340px; --smush-placeholder-aspect-ratio: 340\/340;\" \/>\t\t\t\t\t\t\t\t<\/a>\n\t\t\t\t\t\t\t\t\t\t\t<figcaption class=\"widget-image-caption wp-caption-text\"><\/figcaption>\n\t\t\t\t\t\t\t\t\t\t<\/figure>\n\t\t\t\t\t\t\t\t\t<\/div>\n\t\t\t\t\t<\/div>\n\t\t<\/div>\n\t\t\t\t<div class=\"elementor-column elementor-col-33 elementor-top-column elementor-element elementor-element-10b0cf6c\" data-id=\"10b0cf6c\" data-element_type=\"column\" data-e-type=\"column\">\n\t\t\t<div class=\"elementor-widget-wrap elementor-element-populated\">\n\t\t\t\t\t\t<div class=\"elementor-element elementor-element-67d034cb elementor-widget elementor-widget-heading\" data-id=\"67d034cb\" data-element_type=\"widget\" data-e-type=\"widget\" data-widget_type=\"heading.default\">\n\t\t\t\t\t<h2 class=\"elementor-heading-title elementor-size-default\"><a href=\"https:\/\/abanodiparma.com\/\">CAF\u00c9<\/a><\/h2>\t\t\t\t<\/div>\n\t\t\t\t<div class=\"elementor-element elementor-element-589cefe0 elementor-widget elementor-widget-image\" data-id=\"589cefe0\" data-element_type=\"widget\" data-e-type=\"widget\" data-widget_type=\"image.default\">\n\t\t\t\t\t\t\t\t\t\t\t\t<figure class=\"wp-caption\">\n\t\t\t\t\t\t\t\t\t\t\t<a href=\"https:\/\/mamibacosmetics.comcoffee\/\">\n\t\t\t\t\t\t\t<img decoding=\"async\" width=\"500\" height=\"500\" data-src=\"https:\/\/mamibacosmetics.com\/wp-content\/uploads\/2022\/12\/coffee.jpg\" class=\"attachment-full size-full wp-image-7784 lazyload\" alt=\"Amenities\u200b\" data-srcset=\"https:\/\/mamibacosmetics.com\/wp-content\/uploads\/2022\/12\/coffee.jpg 500w, https:\/\/mamibacosmetics.com\/wp-content\/uploads\/2022\/12\/coffee-300x300.jpg 300w, https:\/\/mamibacosmetics.com\/wp-content\/uploads\/2022\/12\/coffee-150x150.jpg 150w\" data-sizes=\"(max-width: 500px) 100vw, 500px\" src=\"data:image\/svg+xml;base64,PHN2ZyB3aWR0aD0iMSIgaGVpZ2h0PSIxIiB4bWxucz0iaHR0cDovL3d3dy53My5vcmcvMjAwMC9zdmciPjwvc3ZnPg==\" style=\"--smush-placeholder-width: 500px; --smush-placeholder-aspect-ratio: 500\/500;\" \/>\t\t\t\t\t\t\t\t<\/a>\n\t\t\t\t\t\t\t\t\t\t\t<figcaption class=\"widget-image-caption wp-caption-text\"><\/figcaption>\n\t\t\t\t\t\t\t\t\t\t<\/figure>\n\t\t\t\t\t\t\t\t\t<\/div>\n\t\t\t\t\t<\/div>\n\t\t<\/div>\n\t\t\t\t<div class=\"elementor-column elementor-col-33 elementor-top-column elementor-element elementor-element-c6384ea\" data-id=\"c6384ea\" data-element_type=\"column\" data-e-type=\"column\">\n\t\t\t<div class=\"elementor-widget-wrap elementor-element-populated\">\n\t\t\t\t\t\t<div class=\"elementor-element elementor-element-6488d25 elementor-widget elementor-widget-heading\" data-id=\"6488d25\" data-element_type=\"widget\" data-e-type=\"widget\" data-widget_type=\"heading.default\">\n\t\t\t\t\t<h2 class=\"elementor-heading-title elementor-size-default\"><a href=\"https:\/\/abanodiparma.com\/\">SPA<\/a><\/h2>\t\t\t\t<\/div>\n\t\t\t\t<div class=\"elementor-element elementor-element-3479479 elementor-widget elementor-widget-image\" data-id=\"3479479\" data-element_type=\"widget\" data-e-type=\"widget\" data-widget_type=\"image.default\">\n\t\t\t\t\t\t\t\t\t\t\t\t<figure class=\"wp-caption\">\n\t\t\t\t\t\t\t\t\t\t\t<a href=\"https:\/\/mamibacosmetics.comcoffee\/\">\n\t\t\t\t\t\t\t<img decoding=\"async\" width=\"1024\" height=\"1024\" data-src=\"https:\/\/mamibacosmetics.com\/wp-content\/uploads\/2025\/12\/SPA-1024x1024-1.jpg\" class=\"attachment-full size-full wp-image-28476 lazyload\" alt=\"\" data-srcset=\"https:\/\/mamibacosmetics.com\/wp-content\/uploads\/2025\/12\/SPA-1024x1024-1.jpg 1024w, https:\/\/mamibacosmetics.com\/wp-content\/uploads\/2025\/12\/SPA-1024x1024-1-300x300.jpg 300w, https:\/\/mamibacosmetics.com\/wp-content\/uploads\/2025\/12\/SPA-1024x1024-1-150x150.jpg 150w, https:\/\/mamibacosmetics.com\/wp-content\/uploads\/2025\/12\/SPA-1024x1024-1-768x768.jpg 768w, https:\/\/mamibacosmetics.com\/wp-content\/uploads\/2025\/12\/SPA-1024x1024-1-500x500.jpg 500w\" data-sizes=\"(max-width: 1024px) 100vw, 1024px\" src=\"data:image\/svg+xml;base64,PHN2ZyB3aWR0aD0iMSIgaGVpZ2h0PSIxIiB4bWxucz0iaHR0cDovL3d3dy53My5vcmcvMjAwMC9zdmciPjwvc3ZnPg==\" style=\"--smush-placeholder-width: 1024px; --smush-placeholder-aspect-ratio: 1024\/1024;\" \/>\t\t\t\t\t\t\t\t<\/a>\n\t\t\t\t\t\t\t\t\t\t\t<figcaption class=\"widget-image-caption wp-caption-text\"><\/figcaption>\n\t\t\t\t\t\t\t\t\t\t<\/figure>\n\t\t\t\t\t\t\t\t\t<\/div>\n\t\t\t\t\t<\/div>\n\t\t<\/div>\n\t\t\t\t\t<\/div>\n\t\t<\/section>\n\t\t\t\t<\/div>\n\t\t","protected":false},"excerpt":{"rendered":"<p>PRODUITS \u00c9QUIPEMENTS LITERIE, LINGE DE MAISON ET SERVIETTES SOINS DE LA PEAU ET HYGI\u00c8NE ACCESSOIRES DE CHAMBRE D&rsquo;H\u00d4TES CAF\u00c9 SPA<\/p>\n","protected":false},"author":10,"featured_media":0,"parent":0,"menu_order":0,"comment_status":"closed","ping_status":"closed","template":"elementor_header_footer","meta":{"_acf_changed":false,"om_disable_all_campaigns":false,"footnotes":""},"class_list":["post-9881","page","type-page","status-publish","hentry"],"acf":[],"yoast_head":"<!-- This site is optimized with the Yoast SEO plugin v27.3 - https:\/\/yoast.com\/product\/yoast-seo-wordpress\/ -->\n<title>Am\u00e9nagements - %.<\/title>\n<meta name=\"description\" content=\"Commodit\u00e9s Literie, linge et serviettes Soins et hygi\u00e8ne Accessoires pour chambres d&#039;h\u00f4tes Caf\u00e9 nos produits Commodit\u00e9s Literie, linge et serviettes Soins\" \/>\n<meta name=\"robots\" content=\"index, follow, max-snippet:-1, max-image-preview:large, max-video-preview:-1\" \/>\n<link rel=\"canonical\" href=\"https:\/\/mamibacosmetics.com\/fr\/produits\/\" \/>\n<meta property=\"og:locale\" content=\"fr_FR\" \/>\n<meta property=\"og:type\" content=\"article\" \/>\n<meta property=\"og:title\" content=\"Am\u00e9nagements - %.\" \/>\n<meta property=\"og:description\" content=\"Commodit\u00e9s Literie, linge et serviettes Soins et hygi\u00e8ne Accessoires pour chambres d&#039;h\u00f4tes Caf\u00e9 nos produits Commodit\u00e9s Literie, linge et serviettes Soins\" \/>\n<meta property=\"og:url\" content=\"https:\/\/mamibacosmetics.com\/fr\/produits\/\" \/>\n<meta property=\"og:site_name\" content=\"MAMIBA\" \/>\n<meta property=\"article:publisher\" content=\"https:\/\/www.facebook.com\/MamibaHotelSupplies\" \/>\n<meta property=\"article:modified_time\" content=\"2025-12-29T12:49:23+00:00\" \/>\n<meta property=\"og:image\" content=\"https:\/\/mamibacosmetics.com\/wp-content\/uploads\/2022\/12\/amenities.jpg\" \/>\n\t<meta property=\"og:image:width\" content=\"400\" \/>\n\t<meta property=\"og:image:height\" content=\"400\" \/>\n\t<meta property=\"og:image:type\" content=\"image\/jpeg\" \/>\n<meta name=\"twitter:card\" content=\"summary_large_image\" \/>\n<meta name=\"twitter:label1\" content=\"Dur\u00e9e de lecture estim\u00e9e\" \/>\n\t<meta name=\"twitter:data1\" content=\"2 minutes\" \/>\n<script type=\"application\/ld+json\" class=\"yoast-schema-graph\">{\"@context\":\"https:\\\/\\\/schema.org\",\"@graph\":[{\"@type\":\"WebPage\",\"@id\":\"https:\\\/\\\/mamibacosmetics.com\\\/fr\\\/produits\\\/\",\"url\":\"https:\\\/\\\/mamibacosmetics.com\\\/fr\\\/produits\\\/\",\"name\":\"Am\u00e9nagements - %.\",\"isPartOf\":{\"@id\":\"https:\\\/\\\/mamibacosmetics.com\\\/#website\"},\"primaryImageOfPage\":{\"@id\":\"https:\\\/\\\/mamibacosmetics.com\\\/fr\\\/produits\\\/#primaryimage\"},\"image\":{\"@id\":\"https:\\\/\\\/mamibacosmetics.com\\\/fr\\\/produits\\\/#primaryimage\"},\"thumbnailUrl\":\"https:\\\/\\\/mamibacosmetics.com\\\/wp-content\\\/uploads\\\/2022\\\/12\\\/amenities.jpg\",\"datePublished\":\"2022-12-08T14:17:26+00:00\",\"dateModified\":\"2025-12-29T12:49:23+00:00\",\"description\":\"Commodit\u00e9s Literie, linge et serviettes Soins et hygi\u00e8ne Accessoires pour chambres d'h\u00f4tes Caf\u00e9 nos produits Commodit\u00e9s Literie, linge et serviettes Soins\",\"breadcrumb\":{\"@id\":\"https:\\\/\\\/mamibacosmetics.com\\\/fr\\\/produits\\\/#breadcrumb\"},\"inLanguage\":\"fr-FR\",\"potentialAction\":[{\"@type\":\"ReadAction\",\"target\":[\"https:\\\/\\\/mamibacosmetics.com\\\/fr\\\/produits\\\/\"]}]},{\"@type\":\"ImageObject\",\"inLanguage\":\"fr-FR\",\"@id\":\"https:\\\/\\\/mamibacosmetics.com\\\/fr\\\/produits\\\/#primaryimage\",\"url\":\"https:\\\/\\\/mamibacosmetics.com\\\/wp-content\\\/uploads\\\/2022\\\/12\\\/amenities.jpg\",\"contentUrl\":\"https:\\\/\\\/mamibacosmetics.com\\\/wp-content\\\/uploads\\\/2022\\\/12\\\/amenities.jpg\"},{\"@type\":\"BreadcrumbList\",\"@id\":\"https:\\\/\\\/mamibacosmetics.com\\\/fr\\\/produits\\\/#breadcrumb\",\"itemListElement\":[{\"@type\":\"ListItem\",\"position\":1,\"name\":\"Home\",\"item\":\"https:\\\/\\\/mamibacosmetics.com\\\/\"},{\"@type\":\"ListItem\",\"position\":2,\"name\":\"Produits\"}]},{\"@type\":\"WebSite\",\"@id\":\"https:\\\/\\\/mamibacosmetics.com\\\/#website\",\"url\":\"https:\\\/\\\/mamibacosmetics.com\\\/\",\"name\":\"MAMIBA\",\"description\":\"MAMIBA is a hospitality one-stop shop We have a young and fresh approach with each one of our clients\",\"potentialAction\":[{\"@type\":\"SearchAction\",\"target\":{\"@type\":\"EntryPoint\",\"urlTemplate\":\"https:\\\/\\\/mamibacosmetics.com\\\/?s={search_term_string}\"},\"query-input\":{\"@type\":\"PropertyValueSpecification\",\"valueRequired\":true,\"valueName\":\"search_term_string\"}}],\"inLanguage\":\"fr-FR\"}]}<\/script>\n<!-- \/ Yoast SEO plugin. -->","yoast_head_json":{"title":"Am\u00e9nagements - %.","description":"Commodit\u00e9s Literie, linge et serviettes Soins et hygi\u00e8ne Accessoires pour chambres d'h\u00f4tes Caf\u00e9 nos produits Commodit\u00e9s Literie, linge et serviettes Soins","robots":{"index":"index","follow":"follow","max-snippet":"max-snippet:-1","max-image-preview":"max-image-preview:large","max-video-preview":"max-video-preview:-1"},"canonical":"https:\/\/mamibacosmetics.com\/fr\/produits\/","og_locale":"fr_FR","og_type":"article","og_title":"Am\u00e9nagements - %.","og_description":"Commodit\u00e9s Literie, linge et serviettes Soins et hygi\u00e8ne Accessoires pour chambres d'h\u00f4tes Caf\u00e9 nos produits Commodit\u00e9s Literie, linge et serviettes Soins","og_url":"https:\/\/mamibacosmetics.com\/fr\/produits\/","og_site_name":"MAMIBA","article_publisher":"https:\/\/www.facebook.com\/MamibaHotelSupplies","article_modified_time":"2025-12-29T12:49:23+00:00","og_image":[{"width":400,"height":400,"url":"https:\/\/mamibacosmetics.com\/wp-content\/uploads\/2022\/12\/amenities.jpg","type":"image\/jpeg"}],"twitter_card":"summary_large_image","twitter_misc":{"Dur\u00e9e de lecture estim\u00e9e":"2 minutes"},"schema":{"@context":"https:\/\/schema.org","@graph":[{"@type":"WebPage","@id":"https:\/\/mamibacosmetics.com\/fr\/produits\/","url":"https:\/\/mamibacosmetics.com\/fr\/produits\/","name":"Am\u00e9nagements - %.","isPartOf":{"@id":"https:\/\/mamibacosmetics.com\/#website"},"primaryImageOfPage":{"@id":"https:\/\/mamibacosmetics.com\/fr\/produits\/#primaryimage"},"image":{"@id":"https:\/\/mamibacosmetics.com\/fr\/produits\/#primaryimage"},"thumbnailUrl":"https:\/\/mamibacosmetics.com\/wp-content\/uploads\/2022\/12\/amenities.jpg","datePublished":"2022-12-08T14:17:26+00:00","dateModified":"2025-12-29T12:49:23+00:00","description":"Commodit\u00e9s Literie, linge et serviettes Soins et hygi\u00e8ne Accessoires pour chambres d'h\u00f4tes Caf\u00e9 nos produits Commodit\u00e9s Literie, linge et serviettes Soins","breadcrumb":{"@id":"https:\/\/mamibacosmetics.com\/fr\/produits\/#breadcrumb"},"inLanguage":"fr-FR","potentialAction":[{"@type":"ReadAction","target":["https:\/\/mamibacosmetics.com\/fr\/produits\/"]}]},{"@type":"ImageObject","inLanguage":"fr-FR","@id":"https:\/\/mamibacosmetics.com\/fr\/produits\/#primaryimage","url":"https:\/\/mamibacosmetics.com\/wp-content\/uploads\/2022\/12\/amenities.jpg","contentUrl":"https:\/\/mamibacosmetics.com\/wp-content\/uploads\/2022\/12\/amenities.jpg"},{"@type":"BreadcrumbList","@id":"https:\/\/mamibacosmetics.com\/fr\/produits\/#breadcrumb","itemListElement":[{"@type":"ListItem","position":1,"name":"Home","item":"https:\/\/mamibacosmetics.com\/"},{"@type":"ListItem","position":2,"name":"Produits"}]},{"@type":"WebSite","@id":"https:\/\/mamibacosmetics.com\/#website","url":"https:\/\/mamibacosmetics.com\/","name":"MAMIBA","description":"MAMIBA is a hospitality one-stop shop We have a young and fresh approach with each one of our clients","potentialAction":[{"@type":"SearchAction","target":{"@type":"EntryPoint","urlTemplate":"https:\/\/mamibacosmetics.com\/?s={search_term_string}"},"query-input":{"@type":"PropertyValueSpecification","valueRequired":true,"valueName":"search_term_string"}}],"inLanguage":"fr-FR"}]}},"_links":{"self":[{"href":"https:\/\/mamibacosmetics.com\/fr\/wp-json\/wp\/v2\/pages\/9881","targetHints":{"allow":["GET"]}}],"collection":[{"href":"https:\/\/mamibacosmetics.com\/fr\/wp-json\/wp\/v2\/pages"}],"about":[{"href":"https:\/\/mamibacosmetics.com\/fr\/wp-json\/wp\/v2\/types\/page"}],"author":[{"embeddable":true,"href":"https:\/\/mamibacosmetics.com\/fr\/wp-json\/wp\/v2\/users\/10"}],"replies":[{"embeddable":true,"href":"https:\/\/mamibacosmetics.com\/fr\/wp-json\/wp\/v2\/comments?post=9881"}],"version-history":[{"count":12,"href":"https:\/\/mamibacosmetics.com\/fr\/wp-json\/wp\/v2\/pages\/9881\/revisions"}],"predecessor-version":[{"id":28487,"href":"https:\/\/mamibacosmetics.com\/fr\/wp-json\/wp\/v2\/pages\/9881\/revisions\/28487"}],"wp:attachment":[{"href":"https:\/\/mamibacosmetics.com\/fr\/wp-json\/wp\/v2\/media?parent=9881"}],"curies":[{"name":"wp","href":"https:\/\/api.w.org\/{rel}","templated":true}]}}