{"id":9867,"date":"2022-10-18T09:23:25","date_gmt":"2022-10-18T09:23:25","guid":{"rendered":"https:\/\/mamibacosmetics.comcreme-solaire-sans-danger-pour-les-recifs\/"},"modified":"2024-10-30T09:58:33","modified_gmt":"2024-10-30T09:58:33","slug":"creme-solaire-sans-danger-pour-les-recifs","status":"publish","type":"page","link":"https:\/\/mamibacosmetics.com\/fr\/creme-solaire-sans-danger-pour-les-recifs\/","title":{"rendered":"CR\u00c8ME SOLAIRE SANS DANGER POUR LES R\u00c9CIFS"},"content":{"rendered":"\t\t<div data-elementor-type=\"wp-page\" data-elementor-id=\"9867\" class=\"elementor elementor-9867 elementor-6105\">\n\t\t\t\t\t\t<section class=\"elementor-section elementor-top-section elementor-element elementor-element-5458ca46 elementor-section-full_width elementor-section-height-default elementor-section-height-default\" data-id=\"5458ca46\" data-element_type=\"section\" data-e-type=\"section\" data-settings=\"{&quot;jet_parallax_layout_list&quot;:[{&quot;jet_parallax_layout_image&quot;:{&quot;url&quot;:&quot;&quot;,&quot;id&quot;:&quot;&quot;,&quot;size&quot;:&quot;&quot;},&quot;_id&quot;:&quot;e37ee88&quot;,&quot;jet_parallax_layout_image_tablet&quot;:{&quot;url&quot;:&quot;&quot;,&quot;id&quot;:&quot;&quot;,&quot;size&quot;:&quot;&quot;},&quot;jet_parallax_layout_image_mobile&quot;:{&quot;url&quot;:&quot;&quot;,&quot;id&quot;:&quot;&quot;,&quot;size&quot;:&quot;&quot;},&quot;jet_parallax_layout_speed&quot;:{&quot;unit&quot;:&quot;%&quot;,&quot;size&quot;:50,&quot;sizes&quot;:[]},&quot;jet_parallax_layout_type&quot;:&quot;scroll&quot;,&quot;jet_parallax_layout_direction&quot;:&quot;1&quot;,&quot;jet_parallax_layout_fx_direction&quot;:null,&quot;jet_parallax_layout_z_index&quot;:&quot;&quot;,&quot;jet_parallax_layout_bg_x&quot;:50,&quot;jet_parallax_layout_bg_x_tablet&quot;:&quot;&quot;,&quot;jet_parallax_layout_bg_x_mobile&quot;:&quot;&quot;,&quot;jet_parallax_layout_bg_y&quot;:50,&quot;jet_parallax_layout_bg_y_tablet&quot;:&quot;&quot;,&quot;jet_parallax_layout_bg_y_mobile&quot;:&quot;&quot;,&quot;jet_parallax_layout_bg_size&quot;:&quot;auto&quot;,&quot;jet_parallax_layout_bg_size_tablet&quot;:&quot;&quot;,&quot;jet_parallax_layout_bg_size_mobile&quot;:&quot;&quot;,&quot;jet_parallax_layout_animation_prop&quot;:&quot;transform&quot;,&quot;jet_parallax_layout_on&quot;:[&quot;desktop&quot;,&quot;tablet&quot;]}],&quot;background_background&quot;:&quot;classic&quot;}\">\n\t\t\t\t\t\t\t<div class=\"elementor-background-overlay\"><\/div>\n\t\t\t\t\t\t\t<div class=\"elementor-container elementor-column-gap-no\">\n\t\t\t\t\t<div class=\"elementor-column elementor-col-100 elementor-top-column elementor-element elementor-element-f1cbb11\" data-id=\"f1cbb11\" data-element_type=\"column\" data-e-type=\"column\">\n\t\t\t<div class=\"elementor-widget-wrap\">\n\t\t\t\t\t\t\t<\/div>\n\t\t<\/div>\n\t\t\t\t\t<\/div>\n\t\t<\/section>\n\t\t\t\t<section class=\"elementor-section elementor-top-section elementor-element elementor-element-37f3b8c9 elementor-section-boxed elementor-section-height-default elementor-section-height-default\" data-id=\"37f3b8c9\" data-element_type=\"section\" data-e-type=\"section\" data-settings=\"{&quot;jet_parallax_layout_list&quot;:[]}\">\n\t\t\t\t\t\t<div class=\"elementor-container elementor-column-gap-default\">\n\t\t\t\t\t<div class=\"elementor-column elementor-col-100 elementor-top-column elementor-element elementor-element-f55cdac\" data-id=\"f55cdac\" data-element_type=\"column\" data-e-type=\"column\">\n\t\t\t<div class=\"elementor-widget-wrap elementor-element-populated\">\n\t\t\t\t\t\t<div class=\"elementor-element elementor-element-1091ade elementor-widget elementor-widget-image\" data-id=\"1091ade\" data-element_type=\"widget\" data-e-type=\"widget\" data-widget_type=\"image.default\">\n\t\t\t\t\t\t\t\t\t\t\t\t\t\t\t<img fetchpriority=\"high\" decoding=\"async\" width=\"1024\" height=\"421\" src=\"https:\/\/mamibacosmetics.com\/wp-content\/uploads\/2023\/02\/Reefsafe-1-1024x421.jpg\" class=\"attachment-large size-large wp-image-11766\" alt=\"reef safe-sunscreen\" srcset=\"https:\/\/mamibacosmetics.com\/wp-content\/uploads\/2023\/02\/Reefsafe-1-1024x421.jpg 1024w, https:\/\/mamibacosmetics.com\/wp-content\/uploads\/2023\/02\/Reefsafe-1-300x123.jpg 300w, https:\/\/mamibacosmetics.com\/wp-content\/uploads\/2023\/02\/Reefsafe-1-768x315.jpg 768w, https:\/\/mamibacosmetics.com\/wp-content\/uploads\/2023\/02\/Reefsafe-1.jpg 1500w\" sizes=\"(max-width: 1024px) 100vw, 1024px\" \/>\t\t\t\t\t\t\t\t\t\t\t\t\t\t\t<\/div>\n\t\t\t\t\t<\/div>\n\t\t<\/div>\n\t\t\t\t\t<\/div>\n\t\t<\/section>\n\t\t\t\t<section class=\"elementor-section elementor-top-section elementor-element elementor-element-86b79b0 elementor-section-boxed elementor-section-height-default elementor-section-height-default\" data-id=\"86b79b0\" data-element_type=\"section\" data-e-type=\"section\" data-settings=\"{&quot;jet_parallax_layout_list&quot;:[]}\">\n\t\t\t\t\t\t<div class=\"elementor-container elementor-column-gap-default\">\n\t\t\t\t\t<div class=\"elementor-column elementor-col-100 elementor-top-column elementor-element elementor-element-37205e7\" data-id=\"37205e7\" data-element_type=\"column\" data-e-type=\"column\">\n\t\t\t<div class=\"elementor-widget-wrap elementor-element-populated\">\n\t\t\t\t\t\t<div class=\"elementor-element elementor-element-c89d059 elementor-widget elementor-widget-text-editor\" data-id=\"c89d059\" data-element_type=\"widget\" data-e-type=\"widget\" data-widget_type=\"text-editor.default\">\n\t\t\t\t\t\t\t\t\t<p>Les chercheurs ont constat\u00e9 des effets n\u00e9gatifs sur la sant\u00e9, un blanchiment et une augmentation de la mortalit\u00e9 apr\u00e8s l&rsquo;exposition des coraux \u00e0 plusieurs filtres ultraviolets (UV) largement utilis\u00e9s dans les cr\u00e8mes solaires et d&rsquo;autres produits de soins personnels (PCP). La nouvelle formule de Dr. Phi ne contient aucun des produits chimiques nocifs qui pourraient causer les dommages susmentionn\u00e9s aux coraux et \u00e0 la vie marine. Phi reef-safe sunscreen offre le m\u00eame niveau de protection \u00e0 large spectre contre les UVA et les UVB sans nuire \u00e0 l&rsquo;environnement.<\/p>\n\t\t\t\t\t\t\t\t<\/div>\n\t\t\t\t\t<\/div>\n\t\t<\/div>\n\t\t\t\t\t<\/div>\n\t\t<\/section>\n\t\t\t\t<section class=\"elementor-section elementor-top-section elementor-element elementor-element-7bfb4ba elementor-section-boxed elementor-section-height-default elementor-section-height-default\" data-id=\"7bfb4ba\" data-element_type=\"section\" data-e-type=\"section\" data-settings=\"{&quot;jet_parallax_layout_list&quot;:[]}\">\n\t\t\t\t\t\t<div class=\"elementor-container elementor-column-gap-default\">\n\t\t\t\t\t<div class=\"elementor-column elementor-col-100 elementor-top-column elementor-element elementor-element-6662267\" data-id=\"6662267\" data-element_type=\"column\" data-e-type=\"column\">\n\t\t\t<div class=\"elementor-widget-wrap elementor-element-populated\">\n\t\t\t\t\t\t<div class=\"elementor-element elementor-element-7a01543 elementor-widget elementor-widget-image\" data-id=\"7a01543\" data-element_type=\"widget\" data-e-type=\"widget\" data-widget_type=\"image.default\">\n\t\t\t\t\t\t\t\t\t\t\t\t\t\t\t<img decoding=\"async\" width=\"1024\" height=\"510\" data-src=\"https:\/\/mamibacosmetics.com\/wp-content\/uploads\/2023\/02\/Dr-1024x510.jpg\" class=\"attachment-large size-large wp-image-11754 lazyload\" alt=\"reef safe-sunscreen\" data-srcset=\"https:\/\/mamibacosmetics.com\/wp-content\/uploads\/2023\/02\/Dr-1024x510.jpg 1024w, https:\/\/mamibacosmetics.com\/wp-content\/uploads\/2023\/02\/Dr-300x149.jpg 300w, https:\/\/mamibacosmetics.com\/wp-content\/uploads\/2023\/02\/Dr-768x382.jpg 768w, https:\/\/mamibacosmetics.com\/wp-content\/uploads\/2023\/02\/Dr.jpg 1500w\" data-sizes=\"(max-width: 1024px) 100vw, 1024px\" src=\"data:image\/svg+xml;base64,PHN2ZyB3aWR0aD0iMSIgaGVpZ2h0PSIxIiB4bWxucz0iaHR0cDovL3d3dy53My5vcmcvMjAwMC9zdmciPjwvc3ZnPg==\" style=\"--smush-placeholder-width: 1024px; --smush-placeholder-aspect-ratio: 1024\/510;\" \/>\t\t\t\t\t\t\t\t\t\t\t\t\t\t\t<\/div>\n\t\t\t\t\t<\/div>\n\t\t<\/div>\n\t\t\t\t\t<\/div>\n\t\t<\/section>\n\t\t\t\t<section class=\"elementor-section elementor-top-section elementor-element elementor-element-27a2dab elementor-section-boxed elementor-section-height-default elementor-section-height-default\" data-id=\"27a2dab\" data-element_type=\"section\" data-e-type=\"section\" data-settings=\"{&quot;jet_parallax_layout_list&quot;:[]}\">\n\t\t\t\t\t\t<div class=\"elementor-container elementor-column-gap-default\">\n\t\t\t\t\t<div class=\"elementor-column elementor-col-100 elementor-top-column elementor-element elementor-element-cd4d4f9\" data-id=\"cd4d4f9\" data-element_type=\"column\" data-e-type=\"column\">\n\t\t\t<div class=\"elementor-widget-wrap elementor-element-populated\">\n\t\t\t\t\t\t<div class=\"elementor-element elementor-element-8e74823 elementor-widget elementor-widget-text-editor\" data-id=\"8e74823\" data-element_type=\"widget\" data-e-type=\"widget\" data-widget_type=\"text-editor.default\">\n\t\t\t\t\t\t\t\t\t<p>L&rsquo;\u00e9cran solaire <a href=\"https:\/\/mamibacosmetics.comfr\/dr-phi-3\/\">Dr. phi<\/a>, sans danger pour les r\u00e9cifs et dot\u00e9 d&rsquo;une formule \u00e0 large spectre UVA\/UVB, aide \u00e0 pr\u00e9venir les coups de soleil et les l\u00e9sions cutan\u00e9es.<br \/>Formul\u00e9 avec des ingr\u00e9dients sans danger pour les r\u00e9cifs afin de prot\u00e9ger les coraux et la vie marine.<\/p>\n\t\t\t\t\t\t\t\t<\/div>\n\t\t\t\t\t<\/div>\n\t\t<\/div>\n\t\t\t\t\t<\/div>\n\t\t<\/section>\n\t\t\t\t<section class=\"elementor-section elementor-top-section elementor-element elementor-element-80c424e elementor-section-boxed elementor-section-height-default elementor-section-height-default\" data-id=\"80c424e\" data-element_type=\"section\" data-e-type=\"section\" data-settings=\"{&quot;jet_parallax_layout_list&quot;:[]}\">\n\t\t\t\t\t\t<div class=\"elementor-container elementor-column-gap-default\">\n\t\t\t\t\t<div class=\"elementor-column elementor-col-100 elementor-top-column elementor-element elementor-element-6d56939\" data-id=\"6d56939\" data-element_type=\"column\" data-e-type=\"column\">\n\t\t\t<div class=\"elementor-widget-wrap elementor-element-populated\">\n\t\t\t\t\t\t<div class=\"elementor-element elementor-element-12d4fcd elementor-widget elementor-widget-image\" data-id=\"12d4fcd\" data-element_type=\"widget\" data-e-type=\"widget\" data-widget_type=\"image.default\">\n\t\t\t\t\t\t\t\t\t\t\t\t\t\t\t<img decoding=\"async\" width=\"1024\" height=\"459\" data-src=\"https:\/\/mamibacosmetics.com\/wp-content\/uploads\/2023\/02\/Reefsafessdasd-1024x459.jpg\" class=\"attachment-large size-large wp-image-11763 lazyload\" alt=\"reef safe-sunscreen\" data-srcset=\"https:\/\/mamibacosmetics.com\/wp-content\/uploads\/2023\/02\/Reefsafessdasd-1024x459.jpg 1024w, https:\/\/mamibacosmetics.com\/wp-content\/uploads\/2023\/02\/Reefsafessdasd-300x134.jpg 300w, https:\/\/mamibacosmetics.com\/wp-content\/uploads\/2023\/02\/Reefsafessdasd-768x344.jpg 768w, https:\/\/mamibacosmetics.com\/wp-content\/uploads\/2023\/02\/Reefsafessdasd.jpg 1500w\" data-sizes=\"(max-width: 1024px) 100vw, 1024px\" src=\"data:image\/svg+xml;base64,PHN2ZyB3aWR0aD0iMSIgaGVpZ2h0PSIxIiB4bWxucz0iaHR0cDovL3d3dy53My5vcmcvMjAwMC9zdmciPjwvc3ZnPg==\" style=\"--smush-placeholder-width: 1024px; --smush-placeholder-aspect-ratio: 1024\/459;\" \/>\t\t\t\t\t\t\t\t\t\t\t\t\t\t\t<\/div>\n\t\t\t\t\t<\/div>\n\t\t<\/div>\n\t\t\t\t\t<\/div>\n\t\t<\/section>\n\t\t\t\t<section class=\"elementor-section elementor-top-section elementor-element elementor-element-345fdf7 elementor-section-boxed elementor-section-height-default elementor-section-height-default\" data-id=\"345fdf7\" data-element_type=\"section\" data-e-type=\"section\" data-settings=\"{&quot;jet_parallax_layout_list&quot;:[]}\">\n\t\t\t\t\t\t<div class=\"elementor-container elementor-column-gap-default\">\n\t\t\t\t\t<div class=\"elementor-column elementor-col-100 elementor-top-column elementor-element elementor-element-b87c4c3\" data-id=\"b87c4c3\" data-element_type=\"column\" data-e-type=\"column\">\n\t\t\t<div class=\"elementor-widget-wrap elementor-element-populated\">\n\t\t\t\t\t\t<div class=\"elementor-element elementor-element-26655c1 elementor-widget-mobile__width-initial elementor-widget elementor-widget-text-editor\" data-id=\"26655c1\" data-element_type=\"widget\" data-e-type=\"widget\" data-widget_type=\"text-editor.default\">\n\t\t\t\t\t\t\t\t\t<p>La <a href=\"https:\/\/en.wikipedia.org\/wiki\/Sunscreen\">cr\u00e8me solaire<\/a> Dr. Phi&rsquo;s contient des ingr\u00e9dients qui forment une barri\u00e8re physique entre le <a href=\"https:\/\/en.wikipedia.org\/wiki\/Sunscreen\">soleil<\/a> et la peau.<br \/>votre peau et les rayons nocifs du soleil. Il ne pollue pas l&rsquo;eau et ne cause pas de dommages.<br \/>  pour les poissons et autres organismes marins, ce qui le rend beaucoup plus s\u00fbr pour les r\u00e9cifs coralliens et autres organismes aquatiques.<\/p><\/p>\n\t\t\t\t\t\t\t\t<\/div>\n\t\t\t\t\t<\/div>\n\t\t<\/div>\n\t\t\t\t\t<\/div>\n\t\t<\/section>\n\t\t\t\t<\/div>\n\t\t","protected":false},"excerpt":{"rendered":"<p>Les chercheurs ont constat\u00e9 des effets n\u00e9gatifs sur la sant\u00e9, un blanchiment et une augmentation de la mortalit\u00e9 apr\u00e8s l&rsquo;exposition des coraux \u00e0 plusieurs filtres ultraviolets (UV) largement utilis\u00e9s dans les cr\u00e8mes solaires et d&rsquo;autres produits de soins personnels (PCP). La nouvelle formule de Dr. Phi ne contient aucun des produits chimiques nocifs qui pourraient [&hellip;]<\/p>\n","protected":false},"author":10,"featured_media":0,"parent":0,"menu_order":0,"comment_status":"closed","ping_status":"closed","template":"elementor_header_footer","meta":{"_acf_changed":false,"om_disable_all_campaigns":false,"footnotes":""},"class_list":["post-9867","page","type-page","status-publish","hentry"],"acf":[],"yoast_head":"<!-- This site is optimized with the Yoast SEO plugin v27.3 - https:\/\/yoast.com\/product\/yoast-seo-wordpress\/ -->\n<title>cr\u00e8me solaire sans danger pour les r\u00e9cifs<\/title>\n<meta name=\"description\" content=\"Phi reef safe sunscreen offre le m\u00eame niveau de protection \u00e0 large spectre contre les UVA et les UVB sans nuire \u00e0 l&#039;environnement.\" \/>\n<meta name=\"robots\" content=\"index, follow, max-snippet:-1, max-image-preview:large, max-video-preview:-1\" \/>\n<link rel=\"canonical\" href=\"https:\/\/mamibacosmetics.com\/reef-safe-sunscreen\/\" \/>\n<meta property=\"og:locale\" content=\"fr_FR\" \/>\n<meta property=\"og:type\" content=\"article\" \/>\n<meta property=\"og:title\" content=\"cr\u00e8me solaire sans danger pour les r\u00e9cifs\" \/>\n<meta property=\"og:description\" content=\"Phi reef safe sunscreen offre le m\u00eame niveau de protection \u00e0 large spectre contre les UVA et les UVB sans nuire \u00e0 l&#039;environnement.\" \/>\n<meta property=\"og:url\" content=\"https:\/\/mamibacosmetics.com\/reef-safe-sunscreen\/\" \/>\n<meta property=\"og:site_name\" content=\"MAMIBA\" \/>\n<meta property=\"article:publisher\" content=\"https:\/\/www.facebook.com\/MamibaHotelSupplies\" \/>\n<meta property=\"article:modified_time\" content=\"2024-10-30T09:58:33+00:00\" \/>\n<meta property=\"og:image\" content=\"https:\/\/mamibacosmetics.comwp-content\/uploads\/2023\/02\/Reefsafe-1-1024x421.jpg\" \/>\n<meta name=\"twitter:card\" content=\"summary_large_image\" \/>\n<meta name=\"twitter:label1\" content=\"Dur\u00e9e de lecture estim\u00e9e\" \/>\n\t<meta name=\"twitter:data1\" content=\"1 minute\" \/>\n<script type=\"application\/ld+json\" class=\"yoast-schema-graph\">{\"@context\":\"https:\\\/\\\/schema.org\",\"@graph\":[{\"@type\":\"WebPage\",\"@id\":\"https:\\\/\\\/mamibacosmetics.com\\\/reef-safe-sunscreen\\\/\",\"url\":\"https:\\\/\\\/mamibacosmetics.com\\\/reef-safe-sunscreen\\\/\",\"name\":\"cr\u00e8me solaire sans danger pour les r\u00e9cifs\",\"isPartOf\":{\"@id\":\"https:\\\/\\\/mamibacosmetics.com\\\/#website\"},\"primaryImageOfPage\":{\"@id\":\"https:\\\/\\\/mamibacosmetics.com\\\/reef-safe-sunscreen\\\/#primaryimage\"},\"image\":{\"@id\":\"https:\\\/\\\/mamibacosmetics.com\\\/reef-safe-sunscreen\\\/#primaryimage\"},\"thumbnailUrl\":\"https:\\\/\\\/mamibacosmetics.comwp-content\\\/uploads\\\/2023\\\/02\\\/Reefsafe-1-1024x421.jpg\",\"datePublished\":\"2022-10-18T09:23:25+00:00\",\"dateModified\":\"2024-10-30T09:58:33+00:00\",\"description\":\"Phi reef safe sunscreen offre le m\u00eame niveau de protection \u00e0 large spectre contre les UVA et les UVB sans nuire \u00e0 l'environnement.\",\"breadcrumb\":{\"@id\":\"https:\\\/\\\/mamibacosmetics.com\\\/reef-safe-sunscreen\\\/#breadcrumb\"},\"inLanguage\":\"fr-FR\",\"potentialAction\":[{\"@type\":\"ReadAction\",\"target\":[\"https:\\\/\\\/mamibacosmetics.com\\\/reef-safe-sunscreen\\\/\"]}]},{\"@type\":\"ImageObject\",\"inLanguage\":\"fr-FR\",\"@id\":\"https:\\\/\\\/mamibacosmetics.com\\\/reef-safe-sunscreen\\\/#primaryimage\",\"url\":\"https:\\\/\\\/mamibacosmetics.comwp-content\\\/uploads\\\/2023\\\/02\\\/Reefsafe-1-1024x421.jpg\",\"contentUrl\":\"https:\\\/\\\/mamibacosmetics.comwp-content\\\/uploads\\\/2023\\\/02\\\/Reefsafe-1-1024x421.jpg\"},{\"@type\":\"BreadcrumbList\",\"@id\":\"https:\\\/\\\/mamibacosmetics.com\\\/reef-safe-sunscreen\\\/#breadcrumb\",\"itemListElement\":[{\"@type\":\"ListItem\",\"position\":1,\"name\":\"Home\",\"item\":\"https:\\\/\\\/mamibacosmetics.com\\\/\"},{\"@type\":\"ListItem\",\"position\":2,\"name\":\"CR\u00c8ME SOLAIRE SANS DANGER POUR LES R\u00c9CIFS\"}]},{\"@type\":\"WebSite\",\"@id\":\"https:\\\/\\\/mamibacosmetics.com\\\/#website\",\"url\":\"https:\\\/\\\/mamibacosmetics.com\\\/\",\"name\":\"MAMIBA\",\"description\":\"MAMIBA is a hospitality one-stop shop We have a young and fresh approach with each one of our clients\",\"potentialAction\":[{\"@type\":\"SearchAction\",\"target\":{\"@type\":\"EntryPoint\",\"urlTemplate\":\"https:\\\/\\\/mamibacosmetics.com\\\/?s={search_term_string}\"},\"query-input\":{\"@type\":\"PropertyValueSpecification\",\"valueRequired\":true,\"valueName\":\"search_term_string\"}}],\"inLanguage\":\"fr-FR\"}]}<\/script>\n<!-- \/ Yoast SEO plugin. -->","yoast_head_json":{"title":"cr\u00e8me solaire sans danger pour les r\u00e9cifs","description":"Phi reef safe sunscreen offre le m\u00eame niveau de protection \u00e0 large spectre contre les UVA et les UVB sans nuire \u00e0 l'environnement.","robots":{"index":"index","follow":"follow","max-snippet":"max-snippet:-1","max-image-preview":"max-image-preview:large","max-video-preview":"max-video-preview:-1"},"canonical":"https:\/\/mamibacosmetics.com\/reef-safe-sunscreen\/","og_locale":"fr_FR","og_type":"article","og_title":"cr\u00e8me solaire sans danger pour les r\u00e9cifs","og_description":"Phi reef safe sunscreen offre le m\u00eame niveau de protection \u00e0 large spectre contre les UVA et les UVB sans nuire \u00e0 l'environnement.","og_url":"https:\/\/mamibacosmetics.com\/reef-safe-sunscreen\/","og_site_name":"MAMIBA","article_publisher":"https:\/\/www.facebook.com\/MamibaHotelSupplies","article_modified_time":"2024-10-30T09:58:33+00:00","og_image":[{"url":"https:\/\/mamibacosmetics.comwp-content\/uploads\/2023\/02\/Reefsafe-1-1024x421.jpg","type":"","width":"","height":""}],"twitter_card":"summary_large_image","twitter_misc":{"Dur\u00e9e de lecture estim\u00e9e":"1 minute"},"schema":{"@context":"https:\/\/schema.org","@graph":[{"@type":"WebPage","@id":"https:\/\/mamibacosmetics.com\/reef-safe-sunscreen\/","url":"https:\/\/mamibacosmetics.com\/reef-safe-sunscreen\/","name":"cr\u00e8me solaire sans danger pour les r\u00e9cifs","isPartOf":{"@id":"https:\/\/mamibacosmetics.com\/#website"},"primaryImageOfPage":{"@id":"https:\/\/mamibacosmetics.com\/reef-safe-sunscreen\/#primaryimage"},"image":{"@id":"https:\/\/mamibacosmetics.com\/reef-safe-sunscreen\/#primaryimage"},"thumbnailUrl":"https:\/\/mamibacosmetics.comwp-content\/uploads\/2023\/02\/Reefsafe-1-1024x421.jpg","datePublished":"2022-10-18T09:23:25+00:00","dateModified":"2024-10-30T09:58:33+00:00","description":"Phi reef safe sunscreen offre le m\u00eame niveau de protection \u00e0 large spectre contre les UVA et les UVB sans nuire \u00e0 l'environnement.","breadcrumb":{"@id":"https:\/\/mamibacosmetics.com\/reef-safe-sunscreen\/#breadcrumb"},"inLanguage":"fr-FR","potentialAction":[{"@type":"ReadAction","target":["https:\/\/mamibacosmetics.com\/reef-safe-sunscreen\/"]}]},{"@type":"ImageObject","inLanguage":"fr-FR","@id":"https:\/\/mamibacosmetics.com\/reef-safe-sunscreen\/#primaryimage","url":"https:\/\/mamibacosmetics.comwp-content\/uploads\/2023\/02\/Reefsafe-1-1024x421.jpg","contentUrl":"https:\/\/mamibacosmetics.comwp-content\/uploads\/2023\/02\/Reefsafe-1-1024x421.jpg"},{"@type":"BreadcrumbList","@id":"https:\/\/mamibacosmetics.com\/reef-safe-sunscreen\/#breadcrumb","itemListElement":[{"@type":"ListItem","position":1,"name":"Home","item":"https:\/\/mamibacosmetics.com\/"},{"@type":"ListItem","position":2,"name":"CR\u00c8ME SOLAIRE SANS DANGER POUR LES R\u00c9CIFS"}]},{"@type":"WebSite","@id":"https:\/\/mamibacosmetics.com\/#website","url":"https:\/\/mamibacosmetics.com\/","name":"MAMIBA","description":"MAMIBA is a hospitality one-stop shop We have a young and fresh approach with each one of our clients","potentialAction":[{"@type":"SearchAction","target":{"@type":"EntryPoint","urlTemplate":"https:\/\/mamibacosmetics.com\/?s={search_term_string}"},"query-input":{"@type":"PropertyValueSpecification","valueRequired":true,"valueName":"search_term_string"}}],"inLanguage":"fr-FR"}]}},"_links":{"self":[{"href":"https:\/\/mamibacosmetics.com\/fr\/wp-json\/wp\/v2\/pages\/9867","targetHints":{"allow":["GET"]}}],"collection":[{"href":"https:\/\/mamibacosmetics.com\/fr\/wp-json\/wp\/v2\/pages"}],"about":[{"href":"https:\/\/mamibacosmetics.com\/fr\/wp-json\/wp\/v2\/types\/page"}],"author":[{"embeddable":true,"href":"https:\/\/mamibacosmetics.com\/fr\/wp-json\/wp\/v2\/users\/10"}],"replies":[{"embeddable":true,"href":"https:\/\/mamibacosmetics.com\/fr\/wp-json\/wp\/v2\/comments?post=9867"}],"version-history":[{"count":1,"href":"https:\/\/mamibacosmetics.com\/fr\/wp-json\/wp\/v2\/pages\/9867\/revisions"}],"predecessor-version":[{"id":22478,"href":"https:\/\/mamibacosmetics.com\/fr\/wp-json\/wp\/v2\/pages\/9867\/revisions\/22478"}],"wp:attachment":[{"href":"https:\/\/mamibacosmetics.com\/fr\/wp-json\/wp\/v2\/media?parent=9867"}],"curies":[{"name":"wp","href":"https:\/\/api.w.org\/{rel}","templated":true}]}}