{"id":9849,"date":"2022-10-04T14:23:37","date_gmt":"2022-10-04T14:23:37","guid":{"rendered":"https:\/\/mamibacosmetics.compolitique-de-confidentialite\/"},"modified":"2024-04-18T15:28:08","modified_gmt":"2024-04-18T15:28:08","slug":"politique-de-confidentialite","status":"publish","type":"page","link":"https:\/\/mamibacosmetics.com\/fr\/politique-de-confidentialite\/","title":{"rendered":"POLITIQUE DE CONFIDENTIALIT\u00c9"},"content":{"rendered":"\t\t<div data-elementor-type=\"wp-page\" data-elementor-id=\"9849\" class=\"elementor elementor-9849 elementor-5552\">\n\t\t\t\t\t\t<section class=\"elementor-section elementor-top-section elementor-element elementor-element-510d499 elementor-section-boxed elementor-section-height-default elementor-section-height-default\" data-id=\"510d499\" data-element_type=\"section\" data-e-type=\"section\" data-settings=\"{&quot;jet_parallax_layout_list&quot;:[]}\">\n\t\t\t\t\t\t<div class=\"elementor-container elementor-column-gap-default\">\n\t\t\t\t\t<div class=\"elementor-column elementor-col-100 elementor-top-column elementor-element elementor-element-692eaf79\" data-id=\"692eaf79\" data-element_type=\"column\" data-e-type=\"column\">\n\t\t\t<div class=\"elementor-widget-wrap elementor-element-populated\">\n\t\t\t\t\t\t<div class=\"elementor-element elementor-element-1e840f74 elementor-widget elementor-widget-heading\" data-id=\"1e840f74\" data-element_type=\"widget\" data-e-type=\"widget\" data-widget_type=\"heading.default\">\n\t\t\t\t\t<h4 class=\"elementor-heading-title elementor-size-default\">POLITIQUE DE CONFIDENTIALIT\u00c9<\/h4>\t\t\t\t<\/div>\n\t\t\t\t\t<\/div>\n\t\t<\/div>\n\t\t\t\t\t<\/div>\n\t\t<\/section>\n\t\t\t\t<section class=\"elementor-section elementor-top-section elementor-element elementor-element-17a6c1c6 elementor-section-content-middle elementor-section-boxed elementor-section-height-default elementor-section-height-default\" data-id=\"17a6c1c6\" data-element_type=\"section\" data-e-type=\"section\" data-settings=\"{&quot;jet_parallax_layout_list&quot;:[]}\">\n\t\t\t\t\t\t<div class=\"elementor-container elementor-column-gap-no\">\n\t\t\t\t\t<div class=\"elementor-column elementor-col-100 elementor-top-column elementor-element elementor-element-d21de3b\" data-id=\"d21de3b\" data-element_type=\"column\" data-e-type=\"column\">\n\t\t\t<div class=\"elementor-widget-wrap elementor-element-populated\">\n\t\t\t\t\t\t<div class=\"elementor-element elementor-element-358eefda elementor-widget elementor-widget-text-editor\" data-id=\"358eefda\" data-element_type=\"widget\" data-e-type=\"widget\" data-widget_type=\"text-editor.default\">\n\t\t\t\t\t\t\t\t\tBienvenue sur NOTRE DOMAINE, le site web et le service en ligne de NOTRE ORGANISATION (\u00ab\u00a0nous\u00a0\u00bb, \u00ab\u00a0notre\u00a0\u00bb ou \u00ab\u00a0nos\u00a0\u00bb).<br>\nNous respectons la vie priv\u00e9e de nos utilisateurs et nous nous engageons \u00e0 la prot\u00e9ger en nous conformant aux r\u00e8gles suivantes\nla pr\u00e9sente politique de confidentialit\u00e9 (\u00ab\u00a0politique de confidentialit\u00e9\u00a0\u00bb), qui d\u00e9crit les types d&rsquo;informations que nous pouvons recueillir aupr\u00e8s de vous\nou que vous pouvez fournir lorsque vous utilisez notre site web www.OUR DOMAIN (\u00ab\u00a0Site web\u00a0\u00bb), ou nos services\n(collectivement, les \u00ab\u00a0services\u00a0\u00bb) et nos pratiques en mati\u00e8re de collecte, d&rsquo;utilisation, de conservation, de protection et de divulgation des donn\u00e9es suivantes\ncette information. Cette politique de confidentialit\u00e9 s&rsquo;applique aux donn\u00e9es collect\u00e9es par nous, ou par ceux qui travaillent en notre nom,\npar les informations que vous saisissez ou par les donn\u00e9es import\u00e9es de sources autoris\u00e9es et approuv\u00e9es. Il\nne s&rsquo;applique pas aux donn\u00e9es collect\u00e9es par des moyens hors ligne, ou \u00e0 partir d&rsquo;autres sites, produits ou services qui ne sont pas couverts par le pr\u00e9sent r\u00e8glement.\napprouv\u00e9 par nous.\t\t\t\t\t\t\t\t<\/div>\n\t\t\t\t<div class=\"elementor-element elementor-element-a148bf5 elementor-widget elementor-widget-text-editor\" data-id=\"a148bf5\" data-element_type=\"widget\" data-e-type=\"widget\" data-widget_type=\"text-editor.default\">\n\t\t\t\t\t\t\t\t\tEn utilisant ou en acc\u00e9dant \u00e0 notre site Web ou aux services de quelque mani\u00e8re que ce soit, vous reconnaissez que vous acceptez les conditions suivantes\npratiques et politiques d\u00e9crites dans cette politique de confidentialit\u00e9, et vous consentez par la pr\u00e9sente \u00e0 ce que nous puissions collecter, utiliser,\net partager vos informations comme d\u00e9crit dans le pr\u00e9sent document. Si vous n&rsquo;\u00eates pas d&rsquo;accord avec nos politiques et nos pratiques, vos\nest de ne pas utiliser notre site Web ou nos services.\t\t\t\t\t\t\t\t<\/div>\n\t\t\t\t<div class=\"elementor-element elementor-element-571564e elementor-widget elementor-widget-text-editor\" data-id=\"571564e\" data-element_type=\"widget\" data-e-type=\"widget\" data-widget_type=\"text-editor.default\">\n\t\t\t\t\t\t\t\t\tLa pr\u00e9sente politique de confidentialit\u00e9 s&rsquo;applique aux informations que nous recueillons :<p>\n<ul>\n \t<li>Dans les courriels, les textes et autres messages \u00e9lectroniques entre vous et nous.<\/li>\n \t<li>Quand et o\u00f9 cela est possible, par le biais d&rsquo;applications mobiles et de bureau, qui fournissent des informations non confidentielles d\u00e9di\u00e9es.\nl&rsquo;interaction par navigateur entre vous et nous.<\/li>\n \t<li>Lorsque vous interagissez avec nos publicit\u00e9s et nos applications sur des sites web et des services tiers, si ceux-ci\nles applications ou la publicit\u00e9 comportent des liens vers cette politique.<\/li>\n \t<li>que vous nous fournissez, tels que votre nom et votre adresse \u00e9lectronique, si vous vous inscrivez \u00e0 un programme OUR DOMAIN\n(y compris en \u00ab\u00a0suivant\u00a0\u00bb, en \u00ab\u00a0aimant\u00a0\u00bb, en liant votre compte \u00e0 notre domaine, etc.\nr\u00e9seau).<\/li>\n \t<li>Si vous correspondez avec nous par courriel, nous pouvons conserver le contenu de vos messages \u00e9lectroniques, votre courriel\net nos r\u00e9ponses. Nous pouvons \u00e9galement conserver tous les messages que vous envoyez par l&rsquo;interm\u00e9diaire de NOTRE DOMAINE. Vous pouvez\nnous fournir des informations dans le contenu utilisateur que vous publiez sur NOTRE DOMAINE.<\/li>\n \t<li>Nous recueillons plusieurs types d&rsquo;informations aupr\u00e8s des utilisateurs et \u00e0 leur sujet, y compris des informations personnelles qui sont\nsur vous mais qui ne vous identifient pas individuellement, comme l&rsquo;heure et la date des visites sur notre site Web, etc ;\net\/ou, sur votre connexion Internet, l&rsquo;\u00e9quipement que vous utilisez pour acc\u00e9der \u00e0 notre site Web et son utilisation\nles d\u00e9tails.<\/li>\n \t<li>Nous recueillons ces informations automatiquement lorsque vous naviguez sur le site. Informations recueillies\nautomatiquement peuvent inclure des d\u00e9tails d&rsquo;utilisation, des adresses IP et des informations collect\u00e9es par le biais de cookies, de web\nbalises et autres technologies de suivi.<\/li>\n \t<li>Les d\u00e9tails de vos visites sur notre site web, y compris, mais sans s&rsquo;y limiter, les donn\u00e9es de trafic, les donn\u00e9es de g\u00e9olocalisation, les logs et\nd&rsquo;autres donn\u00e9es de communication et les ressources auxquelles vous acc\u00e9dez et que vous utilisez sur le site web.<\/li>\n \t<li>des informations sur votre ordinateur et votre connexion Internet, notamment votre adresse IP, votre syst\u00e8me d&rsquo;exploitation.\net le type de navigateur.<\/li>\n \t<li>Les informations que nous recueillons automatiquement sont des donn\u00e9es statistiques et peuvent inclure des informations personnelles, mais nous pouvons les conserver ou les associer \u00e0 des informations personnelles que nous recueillons par d&rsquo;autres moyens ou que nous recevons de tiers.<\/li>\n<\/ul>\t\t\t\t\t\t\t\t<\/div>\n\t\t\t\t<div class=\"elementor-element elementor-element-a1c6ab5 elementor-widget elementor-widget-text-editor\" data-id=\"a1c6ab5\" data-element_type=\"widget\" data-e-type=\"widget\" data-widget_type=\"text-editor.default\">\n\t\t\t\t\t\t\t\t\tElles nous aident \u00e0 am\u00e9liorer notre site Web et \u00e0 fournir un service meilleur et plus personnalis\u00e9, y compris, mais sans s&rsquo;y limiter, en nous permettant de :<p>\n<ul>\n \t<li>Estimer la taille de notre public et ses habitudes d&rsquo;utilisation.<\/li>\n \t<li>Stocker des informations sur vos pr\u00e9f\u00e9rences, ce qui nous permet de personnaliser et d&rsquo;am\u00e9liorer notre site web.<\/li>\n \t<li>Acc\u00e9l\u00e9rez vos recherches.<\/li>\n \t<li>Vous reconna\u00eetre lorsque vous revenez sur notre site Web.<\/li>\n \t<li>Nos serveurs enregistrent automatiquement certaines informations de fichiers journaux signal\u00e9es par votre navigateur lorsque vous acc\u00e9dez aux services. Ces journaux de serveur peuvent inclure des informations telles que les pages du service que vous avez visit\u00e9es, votre adresse de protocole Internet (\u00ab\u00a0IP\u00a0\u00bb), le type de navigateur et d&rsquo;autres informations sur la fa\u00e7on dont vous interagissez avec les services. Ces fichiers journaux sont g\u00e9n\u00e9ralement supprim\u00e9s apr\u00e8s une semaine.<\/li>\n \t<li>(SI APPLICABLE) Nous utilisons Google Analytics pour nous aider \u00e0 comprendre l&rsquo;utilisation de notre site Web. Ce service recueille les informations envoy\u00e9es par votre navigateur dans le cadre d&rsquo;une demande de page web, y compris les cookies et votre adresse IP, et leur utilisation est r\u00e9gie par leur politique de confidentialit\u00e9.<\/li>\n \t<li>Sauf indication contraire dans la pr\u00e9sente politique de confidentialit\u00e9, nous ne divulguerons pas d&rsquo;informations personnelles \u00e0 un tiers, sauf si la loi, une ordonnance d&rsquo;un tribunal ou une proc\u00e9dure judiciaire nous y oblige, notamment pour r\u00e9pondre \u00e0 une demande d&rsquo;un gouvernement ou d&rsquo;un organisme de r\u00e9glementation, ou si nous estimons qu&rsquo;une telle action est n\u00e9cessaire pour (a) se conformer \u00e0 la loi, respecter les proc\u00e9dures l\u00e9gales qui nous sont signifi\u00e9es ou qui sont signifi\u00e9es \u00e0 nos affili\u00e9s ou partenaires, ou enqu\u00eater, pr\u00e9venir ou prendre des mesures concernant des activit\u00e9s ill\u00e9gales suspect\u00e9es ou r\u00e9elles ; (b) pour faire appliquer nos conditions g\u00e9n\u00e9rales (y compris \u00e0 des fins de facturation et de recouvrement), prendre des pr\u00e9cautions contre la responsabilit\u00e9, enqu\u00eater et nous d\u00e9fendre contre toute r\u00e9clamation ou all\u00e9gation de tiers, aider les organismes gouvernementaux charg\u00e9s de faire respecter la loi, ou prot\u00e9ger la s\u00e9curit\u00e9 ou l&rsquo;int\u00e9grit\u00e9 de notre site ;<\/li>\n \t<li>Votre consentement \u00e0 ce que nous divulguions\/commissionnions vos informations personnelles<\/li>\n \t<li>Vous consentez \u00e0 ce que nous divulguions vos informations personnelles et d&rsquo;autres informations \u00e0 un acheteur potentiel ou \u00e0 un autre successeur dans le but d&rsquo;envisager une fusion, un d\u00e9sinvestissement, une restructuration, une r\u00e9organisation, une dissolution ou la vente ou le transfert de tout ou partie de nos actifs, que ce soit dans le cadre de la poursuite des activit\u00e9s ou d&rsquo;une faillite, d&rsquo;une liquidation ou d&rsquo;une proc\u00e9dure similaire, dans laquelle les informations personnelles que nous d\u00e9tenons sur les utilisateurs de notre site Web font partie des actifs transf\u00e9r\u00e9s. Vous acceptez et consentez par la pr\u00e9sente \u00e0 ce que nous c\u00e9dions, transmettions ou transf\u00e9rions (que ce soit par contrat, par fusion ou par application de la loi) les droits relatifs \u00e0 vos informations personnelles et \u00e0 d&rsquo;autres informations, avec ou sans pr\u00e9avis et sans autre consentement de votre part.<\/li>\n<\/ul>\t\t\t\t\t\t\t\t<\/div>\n\t\t\t\t<div class=\"elementor-element elementor-element-1aa59c9 elementor-widget elementor-widget-text-editor\" data-id=\"1aa59c9\" data-element_type=\"widget\" data-e-type=\"widget\" data-widget_type=\"text-editor.default\">\n\t\t\t\t\t\t\t\t\tS\u00e9curit\u00e9\n<ul>\n \t<li>Nous avons mis en place des mesures destin\u00e9es \u00e0 prot\u00e9ger vos informations personnelles contre les pertes accidentelles et les pertes de donn\u00e9es.\ncontre l&rsquo;acc\u00e8s, l&rsquo;utilisation, l&rsquo;alt\u00e9ration et la divulgation non autoris\u00e9s. Toutes les informations personnelles que vous nous fournissez sont\nstock\u00e9es sur nos serveurs s\u00e9curis\u00e9s (ou ceux de nos prestataires de services) derri\u00e8re des pare-feu. Nous pouvons stocker, r\u00e9cup\u00e9rer,\nacc\u00e9der \u00e0 vos informations personnelles et les transmettre aux \u00c9tats-Unis ou dans d&rsquo;autres pays.<\/li>\n \t<li>Malheureusement, la transmission d&rsquo;informations via l&rsquo;internet n&rsquo;est pas totalement s\u00e9curis\u00e9e. Bien que nous\nNous nous effor\u00e7ons de prot\u00e9ger vos informations personnelles, mais nous ne pouvons pas garantir la s\u00e9curit\u00e9 de vos donn\u00e9es personnelles.\nLes informations qui nous sont transmises ou que nous obtenons. Toute transmission d&rsquo;informations personnelles est \u00e0 votre\n\u00e0 vos risques et p\u00e9rils. Une entr\u00e9e ou une utilisation non autoris\u00e9e, une d\u00e9faillance mat\u00e9rielle ou logicielle, et d&rsquo;autres facteurs, peuvent compromettre\nla s\u00e9curit\u00e9 des informations de l&rsquo;utilisateur \u00e0 tout moment. Nous ne sommes pas responsables du contournement de la confidentialit\u00e9.\nles param\u00e8tres ou les mesures de s\u00e9curit\u00e9 contenus sur le site Web ou utilis\u00e9s avec nos services.<\/li>\n \t\t\t\t\t\t\t\t\t<\/div>\n\t\t\t\t<div class=\"elementor-element elementor-element-c7ef20c elementor-widget elementor-widget-text-editor\" data-id=\"c7ef20c\" data-element_type=\"widget\" data-e-type=\"widget\" data-widget_type=\"text-editor.default\">\n\t\t\t\t\t\t\t\t\tModifications de notre politique de confidentialit\u00e9\n<ul>\n \t<li>Nous travaillons constamment \u00e0 l&rsquo;am\u00e9lioration de nos services, et il se peut donc que nous devions modifier cette politique de confidentialit\u00e9 \u00e0 partir de\nde temps en temps \u00e9galement, mais nous vous avertirons de ces changements en pla\u00e7ant un avis sur notre site Web ou dans le cadre de l&rsquo;offre de services de l\nServices, en vous envoyant un courrier \u00e9lectronique, et\/ou par d&rsquo;autres moyens. Veuillez noter que si vous avez choisi de ne pas\nrecevoir des courriels d&rsquo;avis juridiques de notre part (ou si vous ne nous avez pas fourni votre adresse \u00e9lectronique), ces avis juridiques ne seront pas utilis\u00e9s.\nr\u00e9giront toujours votre utilisation des services, et vous \u00eates toujours responsable de la lecture et de la mise \u00e0 jour de ces avis.\nles comprendre. Si vous utilisez les services apr\u00e8s la publication de toute modification de la politique de confidentialit\u00e9,\ncela signifie que vous acceptez tous les changements. L&rsquo;utilisation des informations que nous recueillons aujourd&rsquo;hui est soumise \u00e0 la politique de confidentialit\u00e9.\nPolitique en vigueur au moment de la collecte de ces informations.<\/li>\n<\/ul>\t\t\t\t\t\t\t\t<\/div>\n\t\t\t\t\t<\/div>\n\t\t<\/div>\n\t\t\t\t\t<\/div>\n\t\t<\/section>\n\t\t\t\t<\/div>\n\t\t","protected":false},"excerpt":{"rendered":"<p>POLITIQUE DE CONFIDENTIALIT\u00c9 Bienvenue sur NOTRE DOMAINE, le site web et le service en ligne de NOTRE ORGANISATION (\u00ab\u00a0nous\u00a0\u00bb, \u00ab\u00a0notre\u00a0\u00bb ou \u00ab\u00a0nos\u00a0\u00bb). Nous respectons la vie priv\u00e9e de nos utilisateurs et nous nous engageons \u00e0 la prot\u00e9ger en nous conformant aux r\u00e8gles suivantes la pr\u00e9sente politique de confidentialit\u00e9 (\u00ab\u00a0politique de confidentialit\u00e9\u00a0\u00bb), qui d\u00e9crit les types [&hellip;]<\/p>\n","protected":false},"author":10,"featured_media":0,"parent":0,"menu_order":0,"comment_status":"closed","ping_status":"closed","template":"elementor_theme","meta":{"_acf_changed":false,"om_disable_all_campaigns":false,"footnotes":""},"class_list":["post-9849","page","type-page","status-publish","hentry"],"acf":[],"yoast_head":"<!-- This site is optimized with the Yoast SEO plugin v27.5 - https:\/\/yoast.com\/product\/yoast-seo-wordpress\/ -->\n<title>POLITIQUE DE CONFIDENTIALIT\u00c9 - MAMIBA<\/title>\n<meta name=\"robots\" content=\"index, follow, max-snippet:-1, max-image-preview:large, max-video-preview:-1\" \/>\n<link rel=\"canonical\" href=\"https:\/\/mamibacosmetics.com\/privacy-policy\/\" \/>\n<meta property=\"og:locale\" content=\"fr_FR\" \/>\n<meta property=\"og:type\" content=\"article\" \/>\n<meta property=\"og:title\" content=\"POLITIQUE DE CONFIDENTIALIT\u00c9 - MAMIBA\" \/>\n<meta property=\"og:description\" content=\"POLITIQUE DE CONFIDENTIALIT\u00c9 Bienvenue sur NOTRE DOMAINE, le site web et le service en ligne de NOTRE ORGANISATION (\u00ab\u00a0nous\u00a0\u00bb, \u00ab\u00a0notre\u00a0\u00bb ou \u00ab\u00a0nos\u00a0\u00bb). Nous respectons la vie priv\u00e9e de nos utilisateurs et nous nous engageons \u00e0 la prot\u00e9ger en nous conformant aux r\u00e8gles suivantes la pr\u00e9sente politique de confidentialit\u00e9 (\u00ab\u00a0politique de confidentialit\u00e9\u00a0\u00bb), qui d\u00e9crit les types [&hellip;]\" \/>\n<meta property=\"og:url\" content=\"https:\/\/mamibacosmetics.com\/privacy-policy\/\" \/>\n<meta property=\"og:site_name\" content=\"MAMIBA\" \/>\n<meta property=\"article:publisher\" content=\"https:\/\/www.facebook.com\/MamibaHotelSupplies\" \/>\n<meta property=\"article:modified_time\" content=\"2024-04-18T15:28:08+00:00\" \/>\n<meta name=\"twitter:card\" content=\"summary_large_image\" \/>\n<meta name=\"twitter:label1\" content=\"Dur\u00e9e de lecture estim\u00e9e\" \/>\n\t<meta name=\"twitter:data1\" content=\"8 minutes\" \/>\n<script type=\"application\/ld+json\" class=\"yoast-schema-graph\">{\"@context\":\"https:\\\/\\\/schema.org\",\"@graph\":[{\"@type\":\"WebPage\",\"@id\":\"https:\\\/\\\/mamibacosmetics.com\\\/privacy-policy\\\/\",\"url\":\"https:\\\/\\\/mamibacosmetics.com\\\/privacy-policy\\\/\",\"name\":\"POLITIQUE DE CONFIDENTIALIT\u00c9 - MAMIBA\",\"isPartOf\":{\"@id\":\"https:\\\/\\\/mamibacosmetics.com\\\/#website\"},\"datePublished\":\"2022-10-04T14:23:37+00:00\",\"dateModified\":\"2024-04-18T15:28:08+00:00\",\"breadcrumb\":{\"@id\":\"https:\\\/\\\/mamibacosmetics.com\\\/privacy-policy\\\/#breadcrumb\"},\"inLanguage\":\"fr-FR\",\"potentialAction\":[{\"@type\":\"ReadAction\",\"target\":[\"https:\\\/\\\/mamibacosmetics.com\\\/privacy-policy\\\/\"]}]},{\"@type\":\"BreadcrumbList\",\"@id\":\"https:\\\/\\\/mamibacosmetics.com\\\/privacy-policy\\\/#breadcrumb\",\"itemListElement\":[{\"@type\":\"ListItem\",\"position\":1,\"name\":\"Home\",\"item\":\"https:\\\/\\\/mamibacosmetics.com\\\/\"},{\"@type\":\"ListItem\",\"position\":2,\"name\":\"POLITIQUE DE CONFIDENTIALIT\u00c9\"}]},{\"@type\":\"WebSite\",\"@id\":\"https:\\\/\\\/mamibacosmetics.com\\\/#website\",\"url\":\"https:\\\/\\\/mamibacosmetics.com\\\/\",\"name\":\"MAMIBA\",\"description\":\"MAMIBA is a hospitality one-stop shop We have a young and fresh approach with each one of our clients\",\"potentialAction\":[{\"@type\":\"SearchAction\",\"target\":{\"@type\":\"EntryPoint\",\"urlTemplate\":\"https:\\\/\\\/mamibacosmetics.com\\\/?s={search_term_string}\"},\"query-input\":{\"@type\":\"PropertyValueSpecification\",\"valueRequired\":true,\"valueName\":\"search_term_string\"}}],\"inLanguage\":\"fr-FR\"}]}<\/script>\n<!-- \/ Yoast SEO plugin. -->","yoast_head_json":{"title":"POLITIQUE DE CONFIDENTIALIT\u00c9 - MAMIBA","robots":{"index":"index","follow":"follow","max-snippet":"max-snippet:-1","max-image-preview":"max-image-preview:large","max-video-preview":"max-video-preview:-1"},"canonical":"https:\/\/mamibacosmetics.com\/privacy-policy\/","og_locale":"fr_FR","og_type":"article","og_title":"POLITIQUE DE CONFIDENTIALIT\u00c9 - MAMIBA","og_description":"POLITIQUE DE CONFIDENTIALIT\u00c9 Bienvenue sur NOTRE DOMAINE, le site web et le service en ligne de NOTRE ORGANISATION (\u00ab\u00a0nous\u00a0\u00bb, \u00ab\u00a0notre\u00a0\u00bb ou \u00ab\u00a0nos\u00a0\u00bb). Nous respectons la vie priv\u00e9e de nos utilisateurs et nous nous engageons \u00e0 la prot\u00e9ger en nous conformant aux r\u00e8gles suivantes la pr\u00e9sente politique de confidentialit\u00e9 (\u00ab\u00a0politique de confidentialit\u00e9\u00a0\u00bb), qui d\u00e9crit les types [&hellip;]","og_url":"https:\/\/mamibacosmetics.com\/privacy-policy\/","og_site_name":"MAMIBA","article_publisher":"https:\/\/www.facebook.com\/MamibaHotelSupplies","article_modified_time":"2024-04-18T15:28:08+00:00","twitter_card":"summary_large_image","twitter_misc":{"Dur\u00e9e de lecture estim\u00e9e":"8 minutes"},"schema":{"@context":"https:\/\/schema.org","@graph":[{"@type":"WebPage","@id":"https:\/\/mamibacosmetics.com\/privacy-policy\/","url":"https:\/\/mamibacosmetics.com\/privacy-policy\/","name":"POLITIQUE DE CONFIDENTIALIT\u00c9 - MAMIBA","isPartOf":{"@id":"https:\/\/mamibacosmetics.com\/#website"},"datePublished":"2022-10-04T14:23:37+00:00","dateModified":"2024-04-18T15:28:08+00:00","breadcrumb":{"@id":"https:\/\/mamibacosmetics.com\/privacy-policy\/#breadcrumb"},"inLanguage":"fr-FR","potentialAction":[{"@type":"ReadAction","target":["https:\/\/mamibacosmetics.com\/privacy-policy\/"]}]},{"@type":"BreadcrumbList","@id":"https:\/\/mamibacosmetics.com\/privacy-policy\/#breadcrumb","itemListElement":[{"@type":"ListItem","position":1,"name":"Home","item":"https:\/\/mamibacosmetics.com\/"},{"@type":"ListItem","position":2,"name":"POLITIQUE DE CONFIDENTIALIT\u00c9"}]},{"@type":"WebSite","@id":"https:\/\/mamibacosmetics.com\/#website","url":"https:\/\/mamibacosmetics.com\/","name":"MAMIBA","description":"MAMIBA is a hospitality one-stop shop We have a young and fresh approach with each one of our clients","potentialAction":[{"@type":"SearchAction","target":{"@type":"EntryPoint","urlTemplate":"https:\/\/mamibacosmetics.com\/?s={search_term_string}"},"query-input":{"@type":"PropertyValueSpecification","valueRequired":true,"valueName":"search_term_string"}}],"inLanguage":"fr-FR"}]}},"_links":{"self":[{"href":"https:\/\/mamibacosmetics.com\/fr\/wp-json\/wp\/v2\/pages\/9849","targetHints":{"allow":["GET"]}}],"collection":[{"href":"https:\/\/mamibacosmetics.com\/fr\/wp-json\/wp\/v2\/pages"}],"about":[{"href":"https:\/\/mamibacosmetics.com\/fr\/wp-json\/wp\/v2\/types\/page"}],"author":[{"embeddable":true,"href":"https:\/\/mamibacosmetics.com\/fr\/wp-json\/wp\/v2\/users\/10"}],"replies":[{"embeddable":true,"href":"https:\/\/mamibacosmetics.com\/fr\/wp-json\/wp\/v2\/comments?post=9849"}],"version-history":[{"count":0,"href":"https:\/\/mamibacosmetics.com\/fr\/wp-json\/wp\/v2\/pages\/9849\/revisions"}],"wp:attachment":[{"href":"https:\/\/mamibacosmetics.com\/fr\/wp-json\/wp\/v2\/media?parent=9849"}],"curies":[{"name":"wp","href":"https:\/\/api.w.org\/{rel}","templated":true}]}}