{"id":9776,"date":"2022-09-06T14:36:26","date_gmt":"2022-09-06T14:36:26","guid":{"rendered":"https:\/\/mamibacosmetics.compeau-sensible-sculpture\/"},"modified":"2024-10-28T14:17:21","modified_gmt":"2024-10-28T14:17:21","slug":"peau-sensible-amp-sculpture","status":"publish","type":"page","link":"https:\/\/mamibacosmetics.com\/fr\/peau-sensible-amp-sculpture\/","title":{"rendered":"Peau sensible &amp; Sculpture"},"content":{"rendered":"\t\t<div data-elementor-type=\"wp-page\" data-elementor-id=\"9776\" class=\"elementor elementor-9776 elementor-4122\">\n\t\t\t\t\t\t<section class=\"elementor-section elementor-top-section elementor-element elementor-element-2e6807e4 elementor-section-full_width elementor-section-height-default elementor-section-height-default\" data-id=\"2e6807e4\" data-element_type=\"section\" data-e-type=\"section\" data-settings=\"{&quot;jet_parallax_layout_list&quot;:[{&quot;jet_parallax_layout_image&quot;:{&quot;url&quot;:&quot;&quot;,&quot;id&quot;:&quot;&quot;,&quot;size&quot;:&quot;&quot;},&quot;_id&quot;:&quot;e37ee88&quot;,&quot;jet_parallax_layout_image_tablet&quot;:{&quot;url&quot;:&quot;&quot;,&quot;id&quot;:&quot;&quot;,&quot;size&quot;:&quot;&quot;},&quot;jet_parallax_layout_image_mobile&quot;:{&quot;url&quot;:&quot;&quot;,&quot;id&quot;:&quot;&quot;,&quot;size&quot;:&quot;&quot;},&quot;jet_parallax_layout_speed&quot;:{&quot;unit&quot;:&quot;%&quot;,&quot;size&quot;:50,&quot;sizes&quot;:[]},&quot;jet_parallax_layout_type&quot;:&quot;scroll&quot;,&quot;jet_parallax_layout_direction&quot;:&quot;1&quot;,&quot;jet_parallax_layout_fx_direction&quot;:null,&quot;jet_parallax_layout_z_index&quot;:&quot;&quot;,&quot;jet_parallax_layout_bg_x&quot;:50,&quot;jet_parallax_layout_bg_x_tablet&quot;:&quot;&quot;,&quot;jet_parallax_layout_bg_x_mobile&quot;:&quot;&quot;,&quot;jet_parallax_layout_bg_y&quot;:50,&quot;jet_parallax_layout_bg_y_tablet&quot;:&quot;&quot;,&quot;jet_parallax_layout_bg_y_mobile&quot;:&quot;&quot;,&quot;jet_parallax_layout_bg_size&quot;:&quot;auto&quot;,&quot;jet_parallax_layout_bg_size_tablet&quot;:&quot;&quot;,&quot;jet_parallax_layout_bg_size_mobile&quot;:&quot;&quot;,&quot;jet_parallax_layout_animation_prop&quot;:&quot;transform&quot;,&quot;jet_parallax_layout_on&quot;:[&quot;desktop&quot;,&quot;tablet&quot;]}],&quot;background_background&quot;:&quot;classic&quot;}\">\n\t\t\t\t\t\t\t<div class=\"elementor-background-overlay\"><\/div>\n\t\t\t\t\t\t\t<div class=\"elementor-container elementor-column-gap-no\">\n\t\t\t\t\t<div class=\"elementor-column elementor-col-100 elementor-top-column elementor-element elementor-element-7afa7bbc\" data-id=\"7afa7bbc\" data-element_type=\"column\" data-e-type=\"column\">\n\t\t\t<div class=\"elementor-widget-wrap elementor-element-populated\">\n\t\t\t\t\t\t<div class=\"elementor-element elementor-element-3ee2e4cc elementor-widget elementor-widget-spacer\" data-id=\"3ee2e4cc\" data-element_type=\"widget\" data-e-type=\"widget\" data-widget_type=\"spacer.default\">\n\t\t\t\t\t\t\t<div class=\"elementor-spacer\">\n\t\t\t<div class=\"elementor-spacer-inner\"><\/div>\n\t\t<\/div>\n\t\t\t\t\t\t<\/div>\n\t\t\t\t\t<\/div>\n\t\t<\/div>\n\t\t\t\t\t<\/div>\n\t\t<\/section>\n\t\t\t\t<section class=\"elementor-section elementor-top-section elementor-element elementor-element-71722e69 elementor-section-boxed elementor-section-height-default elementor-section-height-default\" data-id=\"71722e69\" data-element_type=\"section\" data-e-type=\"section\" data-settings=\"{&quot;jet_parallax_layout_list&quot;:[]}\">\n\t\t\t\t\t\t<div class=\"elementor-container elementor-column-gap-default\">\n\t\t\t\t\t<div class=\"elementor-column elementor-col-100 elementor-top-column elementor-element elementor-element-14c37742\" data-id=\"14c37742\" data-element_type=\"column\" data-e-type=\"column\">\n\t\t\t<div class=\"elementor-widget-wrap elementor-element-populated\">\n\t\t\t\t\t\t<section class=\"elementor-section elementor-inner-section elementor-element elementor-element-4fb113f elementor-section-boxed elementor-section-height-default elementor-section-height-default\" data-id=\"4fb113f\" data-element_type=\"section\" data-e-type=\"section\" data-settings=\"{&quot;jet_parallax_layout_list&quot;:[]}\">\n\t\t\t\t\t\t<div class=\"elementor-container elementor-column-gap-default\">\n\t\t\t\t\t<div class=\"elementor-column elementor-col-50 elementor-inner-column elementor-element elementor-element-584bc4b\" data-id=\"584bc4b\" data-element_type=\"column\" data-e-type=\"column\">\n\t\t\t<div class=\"elementor-widget-wrap elementor-element-populated\">\n\t\t\t\t\t\t<div class=\"elementor-element elementor-element-f61f25b elementor-widget elementor-widget-heading\" data-id=\"f61f25b\" data-element_type=\"widget\" data-e-type=\"widget\" data-widget_type=\"heading.default\">\n\t\t\t\t\t<h2 class=\"elementor-heading-title elementor-size-default\">CUIR CHEVELU &amp; PEAU SENSIBLE<\/h2>\t\t\t\t<\/div>\n\t\t\t\t<div class=\"elementor-element elementor-element-29a0201d elementor-widget elementor-widget-text-editor\" data-id=\"29a0201d\" data-element_type=\"widget\" data-e-type=\"widget\" data-widget_type=\"text-editor.default\">\n\t\t\t\t\t\t\t\t\t<p>Dans les h\u00f4pitaux, pendant la convalescence et lors de certains traitements, l&rsquo;utilisation de produits de toilette extr\u00eamement doux et conditionn\u00e9s est une n\u00e9cessit\u00e9. La collection Dr. Phi Sensitive Scalp &amp; Skin combine des ingr\u00e9dients doux et s\u00fbrs pour les peaux sujettes aux irritations ou aux inflammations. Les patients atteints de cancer peuvent avoir une odeur d\u00e9sagr\u00e9able sur les cheveux et le cuir chevelu. Beaucoup ont un cuir chevelu sensible et souffrent de cheveux secs et cassants ou de chute de cheveux. Les produits Dr. Phi sont sp\u00e9cifiquement formul\u00e9s pour \u00eatre utilis\u00e9s en toute s\u00e9curit\u00e9 dans les h\u00f4pitaux, pendant la convalescence apr\u00e8s une op\u00e9ration et pendant les traitements contre le cancer. Ils aident \u00e0 apaiser le cuir chevelu et la peau irrit\u00e9s tout en les prot\u00e9geant des effets nocifs de la chimioth\u00e9rapie ou des radiations.<\/p>\t\t\t\t\t\t\t\t<\/div>\n\t\t\t\t\t<\/div>\n\t\t<\/div>\n\t\t\t\t<div class=\"elementor-column elementor-col-50 elementor-inner-column elementor-element elementor-element-6e1b135\" data-id=\"6e1b135\" data-element_type=\"column\" data-e-type=\"column\">\n\t\t\t<div class=\"elementor-widget-wrap elementor-element-populated\">\n\t\t\t\t\t\t<div class=\"elementor-element elementor-element-60a7a4d elementor-widget elementor-widget-image\" data-id=\"60a7a4d\" data-element_type=\"widget\" data-e-type=\"widget\" data-widget_type=\"image.default\">\n\t\t\t\t\t\t\t\t\t\t\t\t\t\t\t<img fetchpriority=\"high\" decoding=\"async\" width=\"800\" height=\"800\" src=\"https:\/\/mamibacosmetics.com\/wp-content\/uploads\/2022\/09\/disdfdf.jpg\" class=\"attachment-large size-large wp-image-4369\" alt=\"\" srcset=\"https:\/\/mamibacosmetics.com\/wp-content\/uploads\/2022\/09\/disdfdf.jpg 800w, https:\/\/mamibacosmetics.com\/wp-content\/uploads\/2022\/09\/disdfdf-300x300.jpg 300w, https:\/\/mamibacosmetics.com\/wp-content\/uploads\/2022\/09\/disdfdf-150x150.jpg 150w, https:\/\/mamibacosmetics.com\/wp-content\/uploads\/2022\/09\/disdfdf-768x768.jpg 768w, https:\/\/mamibacosmetics.com\/wp-content\/uploads\/2022\/09\/disdfdf-500x500.jpg 500w\" sizes=\"(max-width: 800px) 100vw, 800px\" \/>\t\t\t\t\t\t\t\t\t\t\t\t\t\t\t<\/div>\n\t\t\t\t\t<\/div>\n\t\t<\/div>\n\t\t\t\t\t<\/div>\n\t\t<\/section>\n\t\t\t\t\t<\/div>\n\t\t<\/div>\n\t\t\t\t\t<\/div>\n\t\t<\/section>\n\t\t\t\t<section class=\"elementor-section elementor-top-section elementor-element elementor-element-4dac5844 elementor-section-boxed elementor-section-height-default elementor-section-height-default\" data-id=\"4dac5844\" data-element_type=\"section\" data-e-type=\"section\" data-settings=\"{&quot;jet_parallax_layout_list&quot;:[]}\">\n\t\t\t\t\t\t<div class=\"elementor-container elementor-column-gap-default\">\n\t\t\t\t\t<div class=\"elementor-column elementor-col-100 elementor-top-column elementor-element elementor-element-5261a3fa\" data-id=\"5261a3fa\" data-element_type=\"column\" data-e-type=\"column\">\n\t\t\t<div class=\"elementor-widget-wrap elementor-element-populated\">\n\t\t\t\t\t\t<div class=\"elementor-element elementor-element-7222fffd elementor-widget elementor-widget-image\" data-id=\"7222fffd\" data-element_type=\"widget\" data-e-type=\"widget\" data-widget_type=\"image.default\">\n\t\t\t\t\t\t\t\t\t\t\t\t\t\t\t<img decoding=\"async\" width=\"1200\" height=\"555\" data-src=\"https:\/\/mamibacosmetics.com\/wp-content\/uploads\/2022\/10\/Sensitive.jpg\" class=\"attachment-full size-full wp-image-7096 lazyload\" alt=\"\" data-srcset=\"https:\/\/mamibacosmetics.com\/wp-content\/uploads\/2022\/10\/Sensitive.jpg 1200w, https:\/\/mamibacosmetics.com\/wp-content\/uploads\/2022\/10\/Sensitive-300x139.jpg 300w, https:\/\/mamibacosmetics.com\/wp-content\/uploads\/2022\/10\/Sensitive-1024x474.jpg 1024w, https:\/\/mamibacosmetics.com\/wp-content\/uploads\/2022\/10\/Sensitive-768x355.jpg 768w\" data-sizes=\"(max-width: 1200px) 100vw, 1200px\" src=\"data:image\/svg+xml;base64,PHN2ZyB3aWR0aD0iMSIgaGVpZ2h0PSIxIiB4bWxucz0iaHR0cDovL3d3dy53My5vcmcvMjAwMC9zdmciPjwvc3ZnPg==\" style=\"--smush-placeholder-width: 1200px; --smush-placeholder-aspect-ratio: 1200\/555;\" \/>\t\t\t\t\t\t\t\t\t\t\t\t\t\t\t<\/div>\n\t\t\t\t\t<\/div>\n\t\t<\/div>\n\t\t\t\t\t<\/div>\n\t\t<\/section>\n\t\t\t\t<\/div>\n\t\t","protected":false},"excerpt":{"rendered":"<p>CUIR CHEVELU &amp; PEAU SENSIBLE Dans les h\u00f4pitaux, pendant la convalescence et lors de certains traitements, l&rsquo;utilisation de produits de toilette extr\u00eamement doux et conditionn\u00e9s est une n\u00e9cessit\u00e9. La collection Dr. Phi Sensitive Scalp &amp; Skin combine des ingr\u00e9dients doux et s\u00fbrs pour les peaux sujettes aux irritations ou aux inflammations. Les patients atteints de [&hellip;]<\/p>\n","protected":false},"author":10,"featured_media":0,"parent":0,"menu_order":0,"comment_status":"closed","ping_status":"closed","template":"full-width.php","meta":{"_acf_changed":false,"om_disable_all_campaigns":false,"footnotes":""},"class_list":["post-9776","page","type-page","status-publish","hentry"],"acf":[],"yoast_head":"<!-- This site is optimized with the Yoast SEO plugin v27.3 - https:\/\/yoast.com\/product\/yoast-seo-wordpress\/ -->\n<title>Peau sensible &amp; Sculpture - MAMIBA<\/title>\n<meta name=\"robots\" content=\"index, follow, max-snippet:-1, max-image-preview:large, max-video-preview:-1\" \/>\n<link rel=\"canonical\" href=\"https:\/\/mamibacosmetics.com\/sensitive-skin-sculb\/\" \/>\n<meta property=\"og:locale\" content=\"fr_FR\" \/>\n<meta property=\"og:type\" content=\"article\" \/>\n<meta property=\"og:title\" content=\"Peau sensible &amp; Sculpture - MAMIBA\" \/>\n<meta property=\"og:description\" content=\"CUIR CHEVELU &amp; PEAU SENSIBLE Dans les h\u00f4pitaux, pendant la convalescence et lors de certains traitements, l&rsquo;utilisation de produits de toilette extr\u00eamement doux et conditionn\u00e9s est une n\u00e9cessit\u00e9. La collection Dr. Phi Sensitive Scalp &amp; Skin combine des ingr\u00e9dients doux et s\u00fbrs pour les peaux sujettes aux irritations ou aux inflammations. Les patients atteints de [&hellip;]\" \/>\n<meta property=\"og:url\" content=\"https:\/\/mamibacosmetics.com\/sensitive-skin-sculb\/\" \/>\n<meta property=\"og:site_name\" content=\"MAMIBA\" \/>\n<meta property=\"article:publisher\" content=\"https:\/\/www.facebook.com\/MamibaHotelSupplies\" \/>\n<meta property=\"article:modified_time\" content=\"2024-10-28T14:17:21+00:00\" \/>\n<meta property=\"og:image\" content=\"https:\/\/mamibacosmetics.comwp-content\/uploads\/2022\/09\/disdfdf.jpg\" \/>\n<meta name=\"twitter:card\" content=\"summary_large_image\" \/>\n<meta name=\"twitter:label1\" content=\"Dur\u00e9e de lecture estim\u00e9e\" \/>\n\t<meta name=\"twitter:data1\" content=\"2 minutes\" \/>\n<script type=\"application\/ld+json\" class=\"yoast-schema-graph\">{\"@context\":\"https:\\\/\\\/schema.org\",\"@graph\":[{\"@type\":\"WebPage\",\"@id\":\"https:\\\/\\\/mamibacosmetics.com\\\/sensitive-skin-sculb\\\/\",\"url\":\"https:\\\/\\\/mamibacosmetics.com\\\/sensitive-skin-sculb\\\/\",\"name\":\"Peau sensible &amp; Sculpture - MAMIBA\",\"isPartOf\":{\"@id\":\"https:\\\/\\\/mamibacosmetics.com\\\/#website\"},\"primaryImageOfPage\":{\"@id\":\"https:\\\/\\\/mamibacosmetics.com\\\/sensitive-skin-sculb\\\/#primaryimage\"},\"image\":{\"@id\":\"https:\\\/\\\/mamibacosmetics.com\\\/sensitive-skin-sculb\\\/#primaryimage\"},\"thumbnailUrl\":\"https:\\\/\\\/mamibacosmetics.comwp-content\\\/uploads\\\/2022\\\/09\\\/disdfdf.jpg\",\"datePublished\":\"2022-09-06T14:36:26+00:00\",\"dateModified\":\"2024-10-28T14:17:21+00:00\",\"breadcrumb\":{\"@id\":\"https:\\\/\\\/mamibacosmetics.com\\\/sensitive-skin-sculb\\\/#breadcrumb\"},\"inLanguage\":\"fr-FR\",\"potentialAction\":[{\"@type\":\"ReadAction\",\"target\":[\"https:\\\/\\\/mamibacosmetics.com\\\/sensitive-skin-sculb\\\/\"]}]},{\"@type\":\"ImageObject\",\"inLanguage\":\"fr-FR\",\"@id\":\"https:\\\/\\\/mamibacosmetics.com\\\/sensitive-skin-sculb\\\/#primaryimage\",\"url\":\"https:\\\/\\\/mamibacosmetics.comwp-content\\\/uploads\\\/2022\\\/09\\\/disdfdf.jpg\",\"contentUrl\":\"https:\\\/\\\/mamibacosmetics.comwp-content\\\/uploads\\\/2022\\\/09\\\/disdfdf.jpg\"},{\"@type\":\"BreadcrumbList\",\"@id\":\"https:\\\/\\\/mamibacosmetics.com\\\/sensitive-skin-sculb\\\/#breadcrumb\",\"itemListElement\":[{\"@type\":\"ListItem\",\"position\":1,\"name\":\"Home\",\"item\":\"https:\\\/\\\/mamibacosmetics.com\\\/\"},{\"@type\":\"ListItem\",\"position\":2,\"name\":\"Peau sensible &amp; Sculpture\"}]},{\"@type\":\"WebSite\",\"@id\":\"https:\\\/\\\/mamibacosmetics.com\\\/#website\",\"url\":\"https:\\\/\\\/mamibacosmetics.com\\\/\",\"name\":\"MAMIBA\",\"description\":\"MAMIBA is a hospitality one-stop shop We have a young and fresh approach with each one of our clients\",\"potentialAction\":[{\"@type\":\"SearchAction\",\"target\":{\"@type\":\"EntryPoint\",\"urlTemplate\":\"https:\\\/\\\/mamibacosmetics.com\\\/?s={search_term_string}\"},\"query-input\":{\"@type\":\"PropertyValueSpecification\",\"valueRequired\":true,\"valueName\":\"search_term_string\"}}],\"inLanguage\":\"fr-FR\"}]}<\/script>\n<!-- \/ Yoast SEO plugin. -->","yoast_head_json":{"title":"Peau sensible &amp; Sculpture - MAMIBA","robots":{"index":"index","follow":"follow","max-snippet":"max-snippet:-1","max-image-preview":"max-image-preview:large","max-video-preview":"max-video-preview:-1"},"canonical":"https:\/\/mamibacosmetics.com\/sensitive-skin-sculb\/","og_locale":"fr_FR","og_type":"article","og_title":"Peau sensible &amp; Sculpture - MAMIBA","og_description":"CUIR CHEVELU &amp; PEAU SENSIBLE Dans les h\u00f4pitaux, pendant la convalescence et lors de certains traitements, l&rsquo;utilisation de produits de toilette extr\u00eamement doux et conditionn\u00e9s est une n\u00e9cessit\u00e9. La collection Dr. Phi Sensitive Scalp &amp; Skin combine des ingr\u00e9dients doux et s\u00fbrs pour les peaux sujettes aux irritations ou aux inflammations. Les patients atteints de [&hellip;]","og_url":"https:\/\/mamibacosmetics.com\/sensitive-skin-sculb\/","og_site_name":"MAMIBA","article_publisher":"https:\/\/www.facebook.com\/MamibaHotelSupplies","article_modified_time":"2024-10-28T14:17:21+00:00","og_image":[{"url":"https:\/\/mamibacosmetics.comwp-content\/uploads\/2022\/09\/disdfdf.jpg","type":"","width":"","height":""}],"twitter_card":"summary_large_image","twitter_misc":{"Dur\u00e9e de lecture estim\u00e9e":"2 minutes"},"schema":{"@context":"https:\/\/schema.org","@graph":[{"@type":"WebPage","@id":"https:\/\/mamibacosmetics.com\/sensitive-skin-sculb\/","url":"https:\/\/mamibacosmetics.com\/sensitive-skin-sculb\/","name":"Peau sensible &amp; Sculpture - MAMIBA","isPartOf":{"@id":"https:\/\/mamibacosmetics.com\/#website"},"primaryImageOfPage":{"@id":"https:\/\/mamibacosmetics.com\/sensitive-skin-sculb\/#primaryimage"},"image":{"@id":"https:\/\/mamibacosmetics.com\/sensitive-skin-sculb\/#primaryimage"},"thumbnailUrl":"https:\/\/mamibacosmetics.comwp-content\/uploads\/2022\/09\/disdfdf.jpg","datePublished":"2022-09-06T14:36:26+00:00","dateModified":"2024-10-28T14:17:21+00:00","breadcrumb":{"@id":"https:\/\/mamibacosmetics.com\/sensitive-skin-sculb\/#breadcrumb"},"inLanguage":"fr-FR","potentialAction":[{"@type":"ReadAction","target":["https:\/\/mamibacosmetics.com\/sensitive-skin-sculb\/"]}]},{"@type":"ImageObject","inLanguage":"fr-FR","@id":"https:\/\/mamibacosmetics.com\/sensitive-skin-sculb\/#primaryimage","url":"https:\/\/mamibacosmetics.comwp-content\/uploads\/2022\/09\/disdfdf.jpg","contentUrl":"https:\/\/mamibacosmetics.comwp-content\/uploads\/2022\/09\/disdfdf.jpg"},{"@type":"BreadcrumbList","@id":"https:\/\/mamibacosmetics.com\/sensitive-skin-sculb\/#breadcrumb","itemListElement":[{"@type":"ListItem","position":1,"name":"Home","item":"https:\/\/mamibacosmetics.com\/"},{"@type":"ListItem","position":2,"name":"Peau sensible &amp; Sculpture"}]},{"@type":"WebSite","@id":"https:\/\/mamibacosmetics.com\/#website","url":"https:\/\/mamibacosmetics.com\/","name":"MAMIBA","description":"MAMIBA is a hospitality one-stop shop We have a young and fresh approach with each one of our clients","potentialAction":[{"@type":"SearchAction","target":{"@type":"EntryPoint","urlTemplate":"https:\/\/mamibacosmetics.com\/?s={search_term_string}"},"query-input":{"@type":"PropertyValueSpecification","valueRequired":true,"valueName":"search_term_string"}}],"inLanguage":"fr-FR"}]}},"_links":{"self":[{"href":"https:\/\/mamibacosmetics.com\/fr\/wp-json\/wp\/v2\/pages\/9776","targetHints":{"allow":["GET"]}}],"collection":[{"href":"https:\/\/mamibacosmetics.com\/fr\/wp-json\/wp\/v2\/pages"}],"about":[{"href":"https:\/\/mamibacosmetics.com\/fr\/wp-json\/wp\/v2\/types\/page"}],"author":[{"embeddable":true,"href":"https:\/\/mamibacosmetics.com\/fr\/wp-json\/wp\/v2\/users\/10"}],"replies":[{"embeddable":true,"href":"https:\/\/mamibacosmetics.com\/fr\/wp-json\/wp\/v2\/comments?post=9776"}],"version-history":[{"count":3,"href":"https:\/\/mamibacosmetics.com\/fr\/wp-json\/wp\/v2\/pages\/9776\/revisions"}],"predecessor-version":[{"id":22467,"href":"https:\/\/mamibacosmetics.com\/fr\/wp-json\/wp\/v2\/pages\/9776\/revisions\/22467"}],"wp:attachment":[{"href":"https:\/\/mamibacosmetics.com\/fr\/wp-json\/wp\/v2\/media?parent=9776"}],"curies":[{"name":"wp","href":"https:\/\/api.w.org\/{rel}","templated":true}]}}