{"id":9656,"date":"2022-08-30T08:24:41","date_gmt":"2022-08-30T08:24:41","guid":{"rendered":"https:\/\/mamibacosmetics.comdr-phi\/"},"modified":"2024-04-18T15:36:54","modified_gmt":"2024-04-18T15:36:54","slug":"dr-phi","status":"publish","type":"page","link":"https:\/\/mamibacosmetics.com\/fr\/dr-phi\/","title":{"rendered":"DR.PHI"},"content":{"rendered":"\t\t<div data-elementor-type=\"wp-page\" data-elementor-id=\"9656\" class=\"elementor elementor-9656\">\n\t\t\t\t\t\t<section class=\"elementor-section elementor-top-section elementor-element elementor-element-74cb2472 elementor-section-full_width elementor-section-height-default elementor-section-height-default\" data-id=\"74cb2472\" data-element_type=\"section\" data-e-type=\"section\" data-settings=\"{&quot;jet_parallax_layout_list&quot;:[{&quot;jet_parallax_layout_image&quot;:{&quot;url&quot;:&quot;&quot;,&quot;id&quot;:&quot;&quot;,&quot;size&quot;:&quot;&quot;},&quot;_id&quot;:&quot;e37ee88&quot;,&quot;jet_parallax_layout_image_tablet&quot;:{&quot;url&quot;:&quot;&quot;,&quot;id&quot;:&quot;&quot;,&quot;size&quot;:&quot;&quot;},&quot;jet_parallax_layout_image_mobile&quot;:{&quot;url&quot;:&quot;&quot;,&quot;id&quot;:&quot;&quot;,&quot;size&quot;:&quot;&quot;},&quot;jet_parallax_layout_speed&quot;:{&quot;unit&quot;:&quot;%&quot;,&quot;size&quot;:50,&quot;sizes&quot;:[]},&quot;jet_parallax_layout_type&quot;:&quot;scroll&quot;,&quot;jet_parallax_layout_direction&quot;:&quot;1&quot;,&quot;jet_parallax_layout_fx_direction&quot;:null,&quot;jet_parallax_layout_z_index&quot;:&quot;&quot;,&quot;jet_parallax_layout_bg_x&quot;:50,&quot;jet_parallax_layout_bg_x_tablet&quot;:&quot;&quot;,&quot;jet_parallax_layout_bg_x_mobile&quot;:&quot;&quot;,&quot;jet_parallax_layout_bg_y&quot;:50,&quot;jet_parallax_layout_bg_y_tablet&quot;:&quot;&quot;,&quot;jet_parallax_layout_bg_y_mobile&quot;:&quot;&quot;,&quot;jet_parallax_layout_bg_size&quot;:&quot;auto&quot;,&quot;jet_parallax_layout_bg_size_tablet&quot;:&quot;&quot;,&quot;jet_parallax_layout_bg_size_mobile&quot;:&quot;&quot;,&quot;jet_parallax_layout_animation_prop&quot;:&quot;transform&quot;,&quot;jet_parallax_layout_on&quot;:[&quot;desktop&quot;,&quot;tablet&quot;]}],&quot;background_background&quot;:&quot;classic&quot;}\">\n\t\t\t\t\t\t\t<div class=\"elementor-background-overlay\"><\/div>\n\t\t\t\t\t\t\t<div class=\"elementor-container elementor-column-gap-no\">\n\t\t\t\t\t<div class=\"elementor-column elementor-col-100 elementor-top-column elementor-element elementor-element-739c0c76\" data-id=\"739c0c76\" data-element_type=\"column\" data-e-type=\"column\">\n\t\t\t<div class=\"elementor-widget-wrap elementor-element-populated\">\n\t\t\t\t\t\t<div class=\"elementor-element elementor-element-5a22c56 elementor-widget elementor-widget-spacer\" data-id=\"5a22c56\" data-element_type=\"widget\" data-e-type=\"widget\" data-widget_type=\"spacer.default\">\n\t\t\t\t\t\t\t<div class=\"elementor-spacer\">\n\t\t\t<div class=\"elementor-spacer-inner\"><\/div>\n\t\t<\/div>\n\t\t\t\t\t\t<\/div>\n\t\t\t\t\t<\/div>\n\t\t<\/div>\n\t\t\t\t\t<\/div>\n\t\t<\/section>\n\t\t\t\t<section class=\"elementor-section elementor-top-section elementor-element elementor-element-4eebf975 elementor-section-boxed elementor-section-height-default elementor-section-height-default\" data-id=\"4eebf975\" data-element_type=\"section\" data-e-type=\"section\" data-settings=\"{&quot;jet_parallax_layout_list&quot;:[]}\">\n\t\t\t\t\t\t<div class=\"elementor-container elementor-column-gap-default\">\n\t\t\t\t\t<div class=\"elementor-column elementor-col-50 elementor-top-column elementor-element elementor-element-5d8e432a\" data-id=\"5d8e432a\" data-element_type=\"column\" data-e-type=\"column\">\n\t\t\t<div class=\"elementor-widget-wrap elementor-element-populated\">\n\t\t\t\t\t\t<div class=\"elementor-element elementor-element-2433939e elementor-widget elementor-widget-image\" data-id=\"2433939e\" data-element_type=\"widget\" data-e-type=\"widget\" data-widget_type=\"image.default\">\n\t\t\t\t\t\t\t\t\t\t\t\t\t\t\t<img decoding=\"async\" data-src=\"https:\/\/mamibacosmetics.com\/wp-content\/uploads\/elementor\/thumbs\/ellefr1966philippegarnier_bigimage-ptz0230cs408ju8ravy94fg3uvrtzmk2j8cbukhy74.jpeg\" title=\"ELLE\" alt=\"ELLE\" src=\"data:image\/svg+xml;base64,PHN2ZyB3aWR0aD0iMSIgaGVpZ2h0PSIxIiB4bWxucz0iaHR0cDovL3d3dy53My5vcmcvMjAwMC9zdmciPjwvc3ZnPg==\" class=\"lazyload\" style=\"--smush-placeholder-width: 279px; --smush-placeholder-aspect-ratio: 279\/400;\" \/>\t\t\t\t\t\t\t\t\t\t\t\t\t\t\t<\/div>\n\t\t\t\t\t<\/div>\n\t\t<\/div>\n\t\t\t\t<div class=\"elementor-column elementor-col-50 elementor-top-column elementor-element elementor-element-26db2edb\" data-id=\"26db2edb\" data-element_type=\"column\" data-e-type=\"column\">\n\t\t\t<div class=\"elementor-widget-wrap elementor-element-populated\">\n\t\t\t\t\t\t<div class=\"elementor-element elementor-element-5b162e01 elementor-widget elementor-widget-spacer\" data-id=\"5b162e01\" data-element_type=\"widget\" data-e-type=\"widget\" data-widget_type=\"spacer.default\">\n\t\t\t\t\t\t\t<div class=\"elementor-spacer\">\n\t\t\t<div class=\"elementor-spacer-inner\"><\/div>\n\t\t<\/div>\n\t\t\t\t\t\t<\/div>\n\t\t\t\t<div class=\"elementor-element elementor-element-5b657bea elementor-widget elementor-widget-heading\" data-id=\"5b657bea\" data-element_type=\"widget\" data-e-type=\"widget\" data-widget_type=\"heading.default\">\n\t\t\t\t\t<h2 class=\"elementor-heading-title elementor-size-default\">\u00c0 PROPOS DE ELLE<\/h2>\t\t\t\t<\/div>\n\t\t\t\t<div class=\"elementor-element elementor-element-d7fa3be elementor-widget elementor-widget-text-editor\" data-id=\"d7fa3be\" data-element_type=\"widget\" data-e-type=\"widget\" data-widget_type=\"text-editor.default\">\n\t\t\t\t\t\t\t\t\t<p>ELLE est un magazine de style de vie mondial qui se concentre sur la mode, la beaut\u00e9, la sant\u00e9 et le divertissement. Le titre signifie \u00ab\u00a0elle\u00a0\u00bb ou \u00ab\u00a0son\u00a0\u00bb en fran\u00e7ais.Elle est consid\u00e9r\u00e9 comme le <strong>plus grand magazine de mode<\/strong> au monde, avec 46 \u00e9ditions internationales dans plus de 60 pays. Il compte plus de <strong>69 millions de lecteurs<\/strong>, hommes et femmes confondus. Elle a \u00e9t\u00e9 fond\u00e9e \u00e0 Paris en 1945 par H\u00e9l\u00e8ne Gordon-Lazareff et son mari, l&rsquo;\u00e9crivain Pierre Lazareff, au lendemain de la <strong>Seconde Guerre mondiale<\/strong>.<\/p>\n\t\t\t\t\t\t\t\t<\/div>\n\t\t\t\t\t<\/div>\n\t\t<\/div>\n\t\t\t\t\t<\/div>\n\t\t<\/section>\n\t\t\t\t<section class=\"elementor-section elementor-top-section elementor-element elementor-element-37e5eb38 elementor-section-boxed elementor-section-height-default elementor-section-height-default\" data-id=\"37e5eb38\" data-element_type=\"section\" data-e-type=\"section\" data-settings=\"{&quot;jet_parallax_layout_list&quot;:[]}\">\n\t\t\t\t\t\t<div class=\"elementor-container elementor-column-gap-default\">\n\t\t\t\t\t<div class=\"elementor-column elementor-col-100 elementor-top-column elementor-element elementor-element-579c467\" data-id=\"579c467\" data-element_type=\"column\" data-e-type=\"column\">\n\t\t\t<div class=\"elementor-widget-wrap elementor-element-populated\">\n\t\t\t\t\t\t<div class=\"elementor-element elementor-element-16783acb elementor-widget elementor-widget-image\" data-id=\"16783acb\" data-element_type=\"widget\" data-e-type=\"widget\" data-widget_type=\"image.default\">\n\t\t\t\t\t\t\t\t\t\t\t\t\t\t\t<img decoding=\"async\" data-src=\"https:\/\/mamibacosmetics.com\/wp-content\/uploads\/elementor\/thumbs\/Magazines-ptz33whn7dkgbikpw5jpudyaw15pmdqlhawc3qgz8g.png\" title=\"Mamiba\" alt=\"Mamiba\" src=\"data:image\/svg+xml;base64,PHN2ZyB3aWR0aD0iMSIgaGVpZ2h0PSIxIiB4bWxucz0iaHR0cDovL3d3dy53My5vcmcvMjAwMC9zdmciPjwvc3ZnPg==\" class=\"lazyload\" style=\"--smush-placeholder-width: 603px; --smush-placeholder-aspect-ratio: 603\/400;\" \/>\t\t\t\t\t\t\t\t\t\t\t\t\t\t\t<\/div>\n\t\t\t\t<div class=\"elementor-element elementor-element-249a9aa2 elementor-widget elementor-widget-text-editor\" data-id=\"249a9aa2\" data-element_type=\"widget\" data-e-type=\"widget\" data-widget_type=\"text-editor.default\">\n\t\t\t\t\t\t\t\t\tLa fondatrice de Elle, une pionni\u00e8re, est revenue de New York \u00e0 Paris pour cr\u00e9er une publication unique qui s&rsquo;attaque aux nombreuses forces qui fa\u00e7onnent la vie des femmes en France en 1945. Les femmes ont obtenu le droit de vote en 1944, et Elle s&rsquo;est imm\u00e9diatement lanc\u00e9e dans des reportages de longue haleine, semblables \u00e0 ceux d&rsquo;un journal, sur le r\u00f4le des femmes dans la politique nationale et le mouvement f\u00e9ministe en pleine expansion. Les articles de Elle pr\u00e9sentaient des cr\u00e9ateurs de mode en devenir et fournissaient des mod\u00e8les gratuits de certaines de leurs pi\u00e8ces.\n\n\t\t\t\t\t\t\t\t<\/div>\n\t\t\t\t\t<\/div>\n\t\t<\/div>\n\t\t\t\t\t<\/div>\n\t\t<\/section>\n\t\t\t\t<section class=\"elementor-section elementor-top-section elementor-element elementor-element-2fd4c9ed elementor-section-boxed elementor-section-height-default elementor-section-height-default\" data-id=\"2fd4c9ed\" data-element_type=\"section\" data-e-type=\"section\" data-settings=\"{&quot;jet_parallax_layout_list&quot;:[]}\">\n\t\t\t\t\t\t\t<div class=\"elementor-background-overlay\"><\/div>\n\t\t\t\t\t\t\t<div class=\"elementor-container elementor-column-gap-default\">\n\t\t\t\t\t<div class=\"elementor-column elementor-col-50 elementor-top-column elementor-element elementor-element-7e110aa6\" data-id=\"7e110aa6\" data-element_type=\"column\" data-e-type=\"column\">\n\t\t\t<div class=\"elementor-widget-wrap elementor-element-populated\">\n\t\t\t\t\t\t<div class=\"elementor-element elementor-element-6533a83d elementor-widget elementor-widget-image-carousel\" data-id=\"6533a83d\" data-element_type=\"widget\" data-e-type=\"widget\" data-settings=\"{&quot;slides_to_show&quot;:&quot;1&quot;,&quot;navigation&quot;:&quot;none&quot;,&quot;autoplay&quot;:&quot;yes&quot;,&quot;pause_on_hover&quot;:&quot;yes&quot;,&quot;pause_on_interaction&quot;:&quot;yes&quot;,&quot;autoplay_speed&quot;:5000,&quot;infinite&quot;:&quot;yes&quot;,&quot;effect&quot;:&quot;slide&quot;,&quot;speed&quot;:500}\" data-widget_type=\"image-carousel.default\">\n\t\t\t\t\t\t\t<div class=\"elementor-image-carousel-wrapper swiper\" role=\"region\" aria-roledescription=\"carousel\" aria-label=\"Carrousel d\u2019images\" dir=\"ltr\">\n\t\t\t<div class=\"elementor-image-carousel swiper-wrapper\" aria-live=\"off\">\n\t\t\t\t\t\t\t\t<div class=\"swiper-slide\" role=\"group\" aria-roledescription=\"slide\" aria-label=\"1 sur 2\"><figure class=\"swiper-slide-inner\"><img decoding=\"async\" class=\"swiper-slide-image lazyload\" data-src=\"https:\/\/mamibacosmetics.com\/wp-content\/uploads\/2022\/08\/elle-rose-and-jasminsdff.png\" alt=\"Mamiba\" src=\"data:image\/svg+xml;base64,PHN2ZyB3aWR0aD0iMSIgaGVpZ2h0PSIxIiB4bWxucz0iaHR0cDovL3d3dy53My5vcmcvMjAwMC9zdmciPjwvc3ZnPg==\" style=\"--smush-placeholder-width: 800px; --smush-placeholder-aspect-ratio: 800\/800;\" \/><\/figure><\/div><div class=\"swiper-slide\" role=\"group\" aria-roledescription=\"slide\" aria-label=\"2 sur 2\"><figure class=\"swiper-slide-inner\"><img decoding=\"async\" class=\"swiper-slide-image lazyload\" data-src=\"https:\/\/mamibacosmetics.com\/wp-content\/uploads\/2022\/08\/bottles.jpg\" alt=\"bottles\" src=\"data:image\/svg+xml;base64,PHN2ZyB3aWR0aD0iMSIgaGVpZ2h0PSIxIiB4bWxucz0iaHR0cDovL3d3dy53My5vcmcvMjAwMC9zdmciPjwvc3ZnPg==\" style=\"--smush-placeholder-width: 600px; --smush-placeholder-aspect-ratio: 600\/600;\" \/><\/figure><\/div>\t\t\t<\/div>\n\t\t\t\t\t\t\t\n\t\t\t\t\t\t\t\t\t<\/div>\n\t\t\t\t\t\t<\/div>\n\t\t\t\t\t<\/div>\n\t\t<\/div>\n\t\t\t\t<div class=\"elementor-column elementor-col-50 elementor-top-column elementor-element elementor-element-350886bc\" data-id=\"350886bc\" data-element_type=\"column\" data-e-type=\"column\" data-settings=\"{&quot;background_background&quot;:&quot;classic&quot;}\">\n\t\t\t<div class=\"elementor-widget-wrap elementor-element-populated\">\n\t\t\t\t\t\t<div class=\"elementor-element elementor-element-5185bd3d elementor-widget elementor-widget-text-editor\" data-id=\"5185bd3d\" data-element_type=\"widget\" data-e-type=\"widget\" data-widget_type=\"text-editor.default\">\n\t\t\t\t\t\t\t\t\tRose et Jasmin est une collection botanique fra\u00eeche de Elle inspir\u00e9e par des motifs de tissus fran\u00e7ais provenant d&rsquo;anciennes collections du magazine Elle. Le parfum de la nouvelle gamme de produits d&rsquo;agr\u00e9ment de Mamiba met en valeur l&rsquo;unicit\u00e9 des notes de jasmin \u00e9gyptien et la beaut\u00e9 intemporelle de la rose fran\u00e7aise. Ce m\u00e9lange distinctif enrichi d&rsquo;extrait de calendula est conditionn\u00e9 dans des bouteilles ambr\u00e9es recyclables de 30ml et des bouteilles recycl\u00e9es de 363ml. avec des \u00e9tiquettes accrocheuses con\u00e7ues \u00e0 Paris par le magazine Elle pour faire une d\u00e9claration fran\u00e7aise dans des h\u00f4tels distingu\u00e9s du monde entier.\n\t\t\t\t\t\t\t\t<\/div>\n\t\t\t\t<div class=\"elementor-element elementor-element-29059aa2 elementor-widget elementor-widget-image\" data-id=\"29059aa2\" data-element_type=\"widget\" data-e-type=\"widget\" data-widget_type=\"image.default\">\n\t\t\t\t\t\t\t\t\t\t\t\t\t\t\t<img decoding=\"async\" data-src=\"https:\/\/mamibacosmetics.com\/wp-content\/uploads\/elementor\/thumbs\/jasmine-and-rose-word-ptzc7vca4gsj3mhx4g0lt19hw0vyeqxsqecqt3am2s.png\" title=\"jasmine-and-rose-word\" alt=\"jasmine-and-rose-word\" src=\"data:image\/svg+xml;base64,PHN2ZyB3aWR0aD0iMSIgaGVpZ2h0PSIxIiB4bWxucz0iaHR0cDovL3d3dy53My5vcmcvMjAwMC9zdmciPjwvc3ZnPg==\" class=\"lazyload\" style=\"--smush-placeholder-width: 300px; --smush-placeholder-aspect-ratio: 300\/58;\" \/>\t\t\t\t\t\t\t\t\t\t\t\t\t\t\t<\/div>\n\t\t\t\t\t<\/div>\n\t\t<\/div>\n\t\t\t\t\t<\/div>\n\t\t<\/section>\n\t\t\t\t<section class=\"elementor-section elementor-top-section elementor-element elementor-element-69b2961f elementor-section-boxed elementor-section-height-default elementor-section-height-default\" data-id=\"69b2961f\" data-element_type=\"section\" data-e-type=\"section\" data-settings=\"{&quot;jet_parallax_layout_list&quot;:[]}\">\n\t\t\t\t\t\t\t<div class=\"elementor-background-overlay\"><\/div>\n\t\t\t\t\t\t\t<div class=\"elementor-container elementor-column-gap-default\">\n\t\t\t\t\t<div class=\"elementor-column elementor-col-100 elementor-top-column elementor-element elementor-element-46ba5dbe\" data-id=\"46ba5dbe\" data-element_type=\"column\" data-e-type=\"column\">\n\t\t\t<div class=\"elementor-widget-wrap elementor-element-populated\">\n\t\t\t\t\t\t<div class=\"elementor-element elementor-element-2d66e0f elementor-widget elementor-widget-image\" data-id=\"2d66e0f\" data-element_type=\"widget\" data-e-type=\"widget\" data-widget_type=\"image.default\">\n\t\t\t\t\t\t\t\t\t\t\t\t\t\t\t<img decoding=\"async\" data-src=\"https:\/\/mamibacosmetics.com\/wp-content\/uploads\/elementor\/thumbs\/Copy-of-Copy-of-MAMIBA_Elle-Voyage_Rose-et-Jasmin_2022-3-ptzcs6mth50actfnn2bm2qrtox8z7zese5rkqc086o.png\" title=\"Copy-of-Copy-of-MAMIBA_Elle-Voyage_Rose-et-Jasmin_2022-3\" alt=\"Hotel-amenities-ELLE-Jasmin-et-Rose\" src=\"data:image\/svg+xml;base64,PHN2ZyB3aWR0aD0iMSIgaGVpZ2h0PSIxIiB4bWxucz0iaHR0cDovL3d3dy53My5vcmcvMjAwMC9zdmciPjwvc3ZnPg==\" class=\"lazyload\" style=\"--smush-placeholder-width: 600px; --smush-placeholder-aspect-ratio: 600\/600;\" \/>\t\t\t\t\t\t\t\t\t\t\t\t\t\t\t<\/div>\n\t\t\t\t\t<\/div>\n\t\t<\/div>\n\t\t\t\t\t<\/div>\n\t\t<\/section>\n\t\t\t\t<\/div>\n\t\t","protected":false},"excerpt":{"rendered":"<p>\u00c0 PROPOS DE ELLE ELLE est un magazine de style de vie mondial qui se concentre sur la mode, la beaut\u00e9, la sant\u00e9 et le divertissement. Le titre signifie \u00ab\u00a0elle\u00a0\u00bb ou \u00ab\u00a0son\u00a0\u00bb en fran\u00e7ais.Elle est consid\u00e9r\u00e9 comme le plus grand magazine de mode au monde, avec 46 \u00e9ditions internationales dans plus de 60 pays. Il [&hellip;]<\/p>\n","protected":false},"author":10,"featured_media":0,"parent":0,"menu_order":0,"comment_status":"closed","ping_status":"closed","template":"elementor_header_footer","meta":{"_acf_changed":false,"om_disable_all_campaigns":false,"footnotes":""},"class_list":["post-9656","page","type-page","status-publish","hentry"],"acf":[],"yoast_head":"<!-- This site is optimized with the Yoast SEO plugin v27.4 - https:\/\/yoast.com\/product\/yoast-seo-wordpress\/ -->\n<title>DR.PHI - MAMIBA<\/title>\n<meta name=\"robots\" content=\"index, follow, max-snippet:-1, max-image-preview:large, max-video-preview:-1\" \/>\n<link rel=\"canonical\" href=\"https:\/\/mamibacosmetics.com\/fr\/dr-phi\/\" \/>\n<meta property=\"og:locale\" content=\"fr_FR\" \/>\n<meta property=\"og:type\" content=\"article\" \/>\n<meta property=\"og:title\" content=\"DR.PHI - MAMIBA\" \/>\n<meta property=\"og:description\" content=\"\u00c0 PROPOS DE ELLE ELLE est un magazine de style de vie mondial qui se concentre sur la mode, la beaut\u00e9, la sant\u00e9 et le divertissement. Le titre signifie \u00ab\u00a0elle\u00a0\u00bb ou \u00ab\u00a0son\u00a0\u00bb en fran\u00e7ais.Elle est consid\u00e9r\u00e9 comme le plus grand magazine de mode au monde, avec 46 \u00e9ditions internationales dans plus de 60 pays. Il [&hellip;]\" \/>\n<meta property=\"og:url\" content=\"https:\/\/mamibacosmetics.com\/fr\/dr-phi\/\" \/>\n<meta property=\"og:site_name\" content=\"MAMIBA\" \/>\n<meta property=\"article:publisher\" content=\"https:\/\/www.facebook.com\/MamibaHotelSupplies\" \/>\n<meta property=\"article:modified_time\" content=\"2024-04-18T15:36:54+00:00\" \/>\n<meta property=\"og:image\" content=\"https:\/\/mamibacosmetics.comwp-content\/uploads\/elementor\/thumbs\/ellefr1966philippegarnier_bigimage-ptz0230cs408ju8ravy94fg3uvrtzmk2j8cbukhy74.jpeg\" \/>\n<meta name=\"twitter:card\" content=\"summary_large_image\" \/>\n<meta name=\"twitter:label1\" content=\"Dur\u00e9e de lecture estim\u00e9e\" \/>\n\t<meta name=\"twitter:data1\" content=\"2 minutes\" \/>\n<script type=\"application\/ld+json\" class=\"yoast-schema-graph\">{\"@context\":\"https:\\\/\\\/schema.org\",\"@graph\":[{\"@type\":\"WebPage\",\"@id\":\"https:\\\/\\\/mamibacosmetics.com\\\/fr\\\/dr-phi\\\/\",\"url\":\"https:\\\/\\\/mamibacosmetics.com\\\/fr\\\/dr-phi\\\/\",\"name\":\"DR.PHI - MAMIBA\",\"isPartOf\":{\"@id\":\"https:\\\/\\\/mamibacosmetics.com\\\/#website\"},\"primaryImageOfPage\":{\"@id\":\"https:\\\/\\\/mamibacosmetics.com\\\/fr\\\/dr-phi\\\/#primaryimage\"},\"image\":{\"@id\":\"https:\\\/\\\/mamibacosmetics.com\\\/fr\\\/dr-phi\\\/#primaryimage\"},\"thumbnailUrl\":\"https:\\\/\\\/mamibacosmetics.comwp-content\\\/uploads\\\/elementor\\\/thumbs\\\/ellefr1966philippegarnier_bigimage-ptz0230cs408ju8ravy94fg3uvrtzmk2j8cbukhy74.jpeg\",\"datePublished\":\"2022-08-30T08:24:41+00:00\",\"dateModified\":\"2024-04-18T15:36:54+00:00\",\"breadcrumb\":{\"@id\":\"https:\\\/\\\/mamibacosmetics.com\\\/fr\\\/dr-phi\\\/#breadcrumb\"},\"inLanguage\":\"fr-FR\",\"potentialAction\":[{\"@type\":\"ReadAction\",\"target\":[\"https:\\\/\\\/mamibacosmetics.com\\\/fr\\\/dr-phi\\\/\"]}]},{\"@type\":\"ImageObject\",\"inLanguage\":\"fr-FR\",\"@id\":\"https:\\\/\\\/mamibacosmetics.com\\\/fr\\\/dr-phi\\\/#primaryimage\",\"url\":\"https:\\\/\\\/mamibacosmetics.comwp-content\\\/uploads\\\/elementor\\\/thumbs\\\/ellefr1966philippegarnier_bigimage-ptz0230cs408ju8ravy94fg3uvrtzmk2j8cbukhy74.jpeg\",\"contentUrl\":\"https:\\\/\\\/mamibacosmetics.comwp-content\\\/uploads\\\/elementor\\\/thumbs\\\/ellefr1966philippegarnier_bigimage-ptz0230cs408ju8ravy94fg3uvrtzmk2j8cbukhy74.jpeg\"},{\"@type\":\"BreadcrumbList\",\"@id\":\"https:\\\/\\\/mamibacosmetics.com\\\/fr\\\/dr-phi\\\/#breadcrumb\",\"itemListElement\":[{\"@type\":\"ListItem\",\"position\":1,\"name\":\"Home\",\"item\":\"https:\\\/\\\/mamibacosmetics.com\\\/\"},{\"@type\":\"ListItem\",\"position\":2,\"name\":\"DR.PHI\"}]},{\"@type\":\"WebSite\",\"@id\":\"https:\\\/\\\/mamibacosmetics.com\\\/#website\",\"url\":\"https:\\\/\\\/mamibacosmetics.com\\\/\",\"name\":\"MAMIBA\",\"description\":\"MAMIBA is a hospitality one-stop shop We have a young and fresh approach with each one of our clients\",\"potentialAction\":[{\"@type\":\"SearchAction\",\"target\":{\"@type\":\"EntryPoint\",\"urlTemplate\":\"https:\\\/\\\/mamibacosmetics.com\\\/?s={search_term_string}\"},\"query-input\":{\"@type\":\"PropertyValueSpecification\",\"valueRequired\":true,\"valueName\":\"search_term_string\"}}],\"inLanguage\":\"fr-FR\"}]}<\/script>\n<!-- \/ Yoast SEO plugin. -->","yoast_head_json":{"title":"DR.PHI - MAMIBA","robots":{"index":"index","follow":"follow","max-snippet":"max-snippet:-1","max-image-preview":"max-image-preview:large","max-video-preview":"max-video-preview:-1"},"canonical":"https:\/\/mamibacosmetics.com\/fr\/dr-phi\/","og_locale":"fr_FR","og_type":"article","og_title":"DR.PHI - MAMIBA","og_description":"\u00c0 PROPOS DE ELLE ELLE est un magazine de style de vie mondial qui se concentre sur la mode, la beaut\u00e9, la sant\u00e9 et le divertissement. Le titre signifie \u00ab\u00a0elle\u00a0\u00bb ou \u00ab\u00a0son\u00a0\u00bb en fran\u00e7ais.Elle est consid\u00e9r\u00e9 comme le plus grand magazine de mode au monde, avec 46 \u00e9ditions internationales dans plus de 60 pays. Il [&hellip;]","og_url":"https:\/\/mamibacosmetics.com\/fr\/dr-phi\/","og_site_name":"MAMIBA","article_publisher":"https:\/\/www.facebook.com\/MamibaHotelSupplies","article_modified_time":"2024-04-18T15:36:54+00:00","og_image":[{"url":"https:\/\/mamibacosmetics.comwp-content\/uploads\/elementor\/thumbs\/ellefr1966philippegarnier_bigimage-ptz0230cs408ju8ravy94fg3uvrtzmk2j8cbukhy74.jpeg","type":"","width":"","height":""}],"twitter_card":"summary_large_image","twitter_misc":{"Dur\u00e9e de lecture estim\u00e9e":"2 minutes"},"schema":{"@context":"https:\/\/schema.org","@graph":[{"@type":"WebPage","@id":"https:\/\/mamibacosmetics.com\/fr\/dr-phi\/","url":"https:\/\/mamibacosmetics.com\/fr\/dr-phi\/","name":"DR.PHI - MAMIBA","isPartOf":{"@id":"https:\/\/mamibacosmetics.com\/#website"},"primaryImageOfPage":{"@id":"https:\/\/mamibacosmetics.com\/fr\/dr-phi\/#primaryimage"},"image":{"@id":"https:\/\/mamibacosmetics.com\/fr\/dr-phi\/#primaryimage"},"thumbnailUrl":"https:\/\/mamibacosmetics.comwp-content\/uploads\/elementor\/thumbs\/ellefr1966philippegarnier_bigimage-ptz0230cs408ju8ravy94fg3uvrtzmk2j8cbukhy74.jpeg","datePublished":"2022-08-30T08:24:41+00:00","dateModified":"2024-04-18T15:36:54+00:00","breadcrumb":{"@id":"https:\/\/mamibacosmetics.com\/fr\/dr-phi\/#breadcrumb"},"inLanguage":"fr-FR","potentialAction":[{"@type":"ReadAction","target":["https:\/\/mamibacosmetics.com\/fr\/dr-phi\/"]}]},{"@type":"ImageObject","inLanguage":"fr-FR","@id":"https:\/\/mamibacosmetics.com\/fr\/dr-phi\/#primaryimage","url":"https:\/\/mamibacosmetics.comwp-content\/uploads\/elementor\/thumbs\/ellefr1966philippegarnier_bigimage-ptz0230cs408ju8ravy94fg3uvrtzmk2j8cbukhy74.jpeg","contentUrl":"https:\/\/mamibacosmetics.comwp-content\/uploads\/elementor\/thumbs\/ellefr1966philippegarnier_bigimage-ptz0230cs408ju8ravy94fg3uvrtzmk2j8cbukhy74.jpeg"},{"@type":"BreadcrumbList","@id":"https:\/\/mamibacosmetics.com\/fr\/dr-phi\/#breadcrumb","itemListElement":[{"@type":"ListItem","position":1,"name":"Home","item":"https:\/\/mamibacosmetics.com\/"},{"@type":"ListItem","position":2,"name":"DR.PHI"}]},{"@type":"WebSite","@id":"https:\/\/mamibacosmetics.com\/#website","url":"https:\/\/mamibacosmetics.com\/","name":"MAMIBA","description":"MAMIBA is a hospitality one-stop shop We have a young and fresh approach with each one of our clients","potentialAction":[{"@type":"SearchAction","target":{"@type":"EntryPoint","urlTemplate":"https:\/\/mamibacosmetics.com\/?s={search_term_string}"},"query-input":{"@type":"PropertyValueSpecification","valueRequired":true,"valueName":"search_term_string"}}],"inLanguage":"fr-FR"}]}},"_links":{"self":[{"href":"https:\/\/mamibacosmetics.com\/fr\/wp-json\/wp\/v2\/pages\/9656","targetHints":{"allow":["GET"]}}],"collection":[{"href":"https:\/\/mamibacosmetics.com\/fr\/wp-json\/wp\/v2\/pages"}],"about":[{"href":"https:\/\/mamibacosmetics.com\/fr\/wp-json\/wp\/v2\/types\/page"}],"author":[{"embeddable":true,"href":"https:\/\/mamibacosmetics.com\/fr\/wp-json\/wp\/v2\/users\/10"}],"replies":[{"embeddable":true,"href":"https:\/\/mamibacosmetics.com\/fr\/wp-json\/wp\/v2\/comments?post=9656"}],"version-history":[{"count":0,"href":"https:\/\/mamibacosmetics.com\/fr\/wp-json\/wp\/v2\/pages\/9656\/revisions"}],"wp:attachment":[{"href":"https:\/\/mamibacosmetics.com\/fr\/wp-json\/wp\/v2\/media?parent=9656"}],"curies":[{"name":"wp","href":"https:\/\/api.w.org\/{rel}","templated":true}]}}