{"id":28520,"date":"2025-04-14T13:33:55","date_gmt":"2025-04-14T13:33:55","guid":{"rendered":"https:\/\/mamibacosmetics.com\/elle-ilessence\/"},"modified":"2025-12-29T18:40:31","modified_gmt":"2025-12-29T18:40:31","slug":"elle-ilessence","status":"publish","type":"page","link":"https:\/\/mamibacosmetics.com\/fr\/elle-ilessence\/","title":{"rendered":"ELLE Ilessence"},"content":{"rendered":"\t\t<div data-elementor-type=\"wp-page\" data-elementor-id=\"28520\" class=\"elementor elementor-28520 elementor-24945\">\n\t\t\t\t<div class=\"elementor-element elementor-element-33231f8 e-flex e-con-boxed e-con e-parent\" data-id=\"33231f8\" data-element_type=\"container\" data-e-type=\"container\" data-settings=\"{&quot;jet_parallax_layout_list&quot;:[]}\">\n\t\t\t\t\t<div class=\"e-con-inner\">\n\t\t\t\t<div class=\"elementor-element elementor-element-02cf5a0 elementor-widget elementor-widget-shortcode\" data-id=\"02cf5a0\" data-element_type=\"widget\" data-e-type=\"widget\" data-widget_type=\"shortcode.default\">\n\t\t\t\t\t\t\t<div class=\"elementor-shortcode\"><style>\nvideo {\n    width: 100%;\n    height: auto;\n    display: block;\n    margin: 0 auto;\n}\n<\/style>\n\n<video muted autoplay playsinline loop>\n    <source src=\"https:\/\/cdn.shopify.com\/videos\/c\/o\/v\/a8f28155bd744323abd535393107d556.mp4\" \n            type=\"video\/mp4\">\n    <source src=\"<style>\nvideo {\n    width: 100%;\n    height: auto;\n    display: block;\n    margin: 0 auto;\n}\n<\/style>\n\n<video muted autoplay playsinline loop>\n    <source src=\"https:\/\/cdn.shopify.com\/videos\/c\/o\/v\/92727426a37d4b71a5e415a3d56a8c09.mp4\" \n            type=\"video\/mp4\">\n    <source src=\"<style>\nvideo {\n    width: 100%;\n    height: auto;\n    display: block;\n    margin: 0 auto;\n}\n<\/style>\n\n<video muted autoplay playsinline loop>\n    <source src=\"https:\/\/cdn.shopify.com\/videos\/c\/o\/v\/51a4193228af405c9beff6dd4c46fbb3.mp4\" \n            type=\"video\/mp4\">\n    <source src=\"\/media\/cc0-videos\/flower.mp4\" \n           \n<\/video>\" \n            \n            type=\"video\/mp4\">\n<\/video><\/div>\n\t\t\t\t\t\t<\/div>\n\t\t\t\t\t<\/div>\n\t\t\t\t<\/div>\n\t\t\t\t<section class=\"elementor-section elementor-top-section elementor-element elementor-element-3d43012 elementor-section-boxed elementor-section-height-default elementor-section-height-default\" data-id=\"3d43012\" data-element_type=\"section\" data-e-type=\"section\" data-settings=\"{&quot;jet_parallax_layout_list&quot;:[]}\">\n\t\t\t\t\t\t<div class=\"elementor-container elementor-column-gap-default\">\n\t\t\t\t\t<div class=\"elementor-column elementor-col-100 elementor-top-column elementor-element elementor-element-511b432\" data-id=\"511b432\" data-element_type=\"column\" data-e-type=\"column\">\n\t\t\t<div class=\"elementor-widget-wrap elementor-element-populated\">\n\t\t\t\t\t\t<div class=\"elementor-element elementor-element-86bd9b6 elementor-widget elementor-widget-image-carousel\" data-id=\"86bd9b6\" data-element_type=\"widget\" data-e-type=\"widget\" data-settings=\"{&quot;slides_to_show&quot;:&quot;1&quot;,&quot;navigation&quot;:&quot;none&quot;,&quot;autoplay_speed&quot;:2000,&quot;autoplay&quot;:&quot;yes&quot;,&quot;pause_on_hover&quot;:&quot;yes&quot;,&quot;pause_on_interaction&quot;:&quot;yes&quot;,&quot;infinite&quot;:&quot;yes&quot;,&quot;effect&quot;:&quot;slide&quot;,&quot;speed&quot;:500}\" data-widget_type=\"image-carousel.default\">\n\t\t\t\t\t\t\t<div class=\"elementor-image-carousel-wrapper swiper\" role=\"region\" aria-roledescription=\"carousel\" aria-label=\"Image Carousel\" dir=\"ltr\">\n\t\t\t<div class=\"elementor-image-carousel swiper-wrapper swiper-image-stretch\" aria-live=\"off\">\n\t\t\t\t\t\t\t\t<div class=\"swiper-slide\" role=\"group\" aria-roledescription=\"slide\" aria-label=\"1 sur 1\"><figure class=\"swiper-slide-inner\"><img decoding=\"async\" class=\"swiper-slide-image lazyload\" data-src=\"https:\/\/mamibacosmetics.com\/wp-content\/uploads\/2025\/04\/24.jpg\" alt=\"24\" src=\"data:image\/svg+xml;base64,PHN2ZyB3aWR0aD0iMSIgaGVpZ2h0PSIxIiB4bWxucz0iaHR0cDovL3d3dy53My5vcmcvMjAwMC9zdmciPjwvc3ZnPg==\" style=\"--smush-placeholder-width: 1588px; --smush-placeholder-aspect-ratio: 1588\/1200;\" \/><\/figure><\/div>\t\t\t<\/div>\n\t\t\t\t\t<\/div>\n\t\t\t\t\t\t<\/div>\n\t\t\t\t\t<\/div>\n\t\t<\/div>\n\t\t\t\t\t<\/div>\n\t\t<\/section>\n\t\t\t\t<section class=\"elementor-section elementor-top-section elementor-element elementor-element-6504b16 elementor-section-boxed elementor-section-height-default elementor-section-height-default\" data-id=\"6504b16\" data-element_type=\"section\" data-e-type=\"section\" data-settings=\"{&quot;jet_parallax_layout_list&quot;:[]}\">\n\t\t\t\t\t\t<div class=\"elementor-container elementor-column-gap-default\">\n\t\t\t\t\t<div class=\"elementor-column elementor-col-100 elementor-top-column elementor-element elementor-element-55f09d3\" data-id=\"55f09d3\" data-element_type=\"column\" data-e-type=\"column\">\n\t\t\t<div class=\"elementor-widget-wrap elementor-element-populated\">\n\t\t\t\t\t\t<div class=\"elementor-element elementor-element-aa52dfb elementor-widget elementor-widget-image\" data-id=\"aa52dfb\" data-element_type=\"widget\" data-e-type=\"widget\" data-widget_type=\"image.default\">\n\t\t\t\t\t\t\t\t\t\t\t\t\t\t\t<img fetchpriority=\"high\" decoding=\"async\" width=\"1845\" height=\"1200\" src=\"https:\/\/mamibacosmetics.com\/wp-content\/uploads\/2025\/04\/25.jpg\" class=\"attachment-full size-full wp-image-24950\" alt=\"\" srcset=\"https:\/\/mamibacosmetics.com\/wp-content\/uploads\/2025\/04\/25.jpg 1845w, https:\/\/mamibacosmetics.com\/wp-content\/uploads\/2025\/04\/25-300x195.jpg 300w, https:\/\/mamibacosmetics.com\/wp-content\/uploads\/2025\/04\/25-1024x666.jpg 1024w, https:\/\/mamibacosmetics.com\/wp-content\/uploads\/2025\/04\/25-768x500.jpg 768w, https:\/\/mamibacosmetics.com\/wp-content\/uploads\/2025\/04\/25-1536x999.jpg 1536w, https:\/\/mamibacosmetics.com\/wp-content\/uploads\/2025\/04\/25-600x390.jpg 600w\" sizes=\"(max-width: 1845px) 100vw, 1845px\" \/>\t\t\t\t\t\t\t\t\t\t\t\t\t\t\t<\/div>\n\t\t\t\t\t<\/div>\n\t\t<\/div>\n\t\t\t\t\t<\/div>\n\t\t<\/section>\n\t\t<div class=\"elementor-element elementor-element-f256240 e-flex e-con-boxed e-con e-parent\" data-id=\"f256240\" data-element_type=\"container\" data-e-type=\"container\" data-settings=\"{&quot;jet_parallax_layout_list&quot;:[]}\">\n\t\t\t\t\t<div class=\"e-con-inner\">\n\t\t<div class=\"elementor-element elementor-element-75c7017 e-con-full e-flex e-con e-child\" data-id=\"75c7017\" data-element_type=\"container\" data-e-type=\"container\" data-settings=\"{&quot;jet_parallax_layout_list&quot;:[]}\">\n\t\t\t\t<div class=\"elementor-element elementor-element-d6f7aeb elementor-widget elementor-widget-image\" data-id=\"d6f7aeb\" data-element_type=\"widget\" data-e-type=\"widget\" data-widget_type=\"image.default\">\n\t\t\t\t\t\t\t\t\t\t\t\t\t\t\t<img decoding=\"async\" width=\"726\" height=\"1024\" data-src=\"https:\/\/mamibacosmetics.com\/wp-content\/uploads\/2025\/04\/222-726x1024.jpg\" class=\"attachment-large size-large wp-image-24956 lazyload\" alt=\"\" data-srcset=\"https:\/\/mamibacosmetics.com\/wp-content\/uploads\/2025\/04\/222-726x1024.jpg 726w, https:\/\/mamibacosmetics.com\/wp-content\/uploads\/2025\/04\/222-213x300.jpg 213w, https:\/\/mamibacosmetics.com\/wp-content\/uploads\/2025\/04\/222-768x1083.jpg 768w, https:\/\/mamibacosmetics.com\/wp-content\/uploads\/2025\/04\/222-426x600.jpg 426w, https:\/\/mamibacosmetics.com\/wp-content\/uploads\/2025\/04\/222.jpg 851w\" data-sizes=\"(max-width: 726px) 100vw, 726px\" src=\"data:image\/svg+xml;base64,PHN2ZyB3aWR0aD0iMSIgaGVpZ2h0PSIxIiB4bWxucz0iaHR0cDovL3d3dy53My5vcmcvMjAwMC9zdmciPjwvc3ZnPg==\" style=\"--smush-placeholder-width: 726px; --smush-placeholder-aspect-ratio: 726\/1024;\" \/>\t\t\t\t\t\t\t\t\t\t\t\t\t\t\t<\/div>\n\t\t\t\t<\/div>\n\t\t<div class=\"elementor-element elementor-element-d76e50d e-con-full e-flex e-con e-child\" data-id=\"d76e50d\" data-element_type=\"container\" data-e-type=\"container\" data-settings=\"{&quot;jet_parallax_layout_list&quot;:[],&quot;background_background&quot;:&quot;classic&quot;}\">\n\t\t\t\t<div class=\"elementor-element elementor-element-9f9d43e elementor-widget elementor-widget-text-editor\" data-id=\"9f9d43e\" data-element_type=\"widget\" data-e-type=\"widget\" data-widget_type=\"text-editor.default\">\n\t\t\t\t\t\t\t\t\t<p>D\u00e9couvrez ELLE Tlessence, la fragrance Vanille &amp; Cassis, une nouvelle collection ELLE x MAMIBA qui marquera l&rsquo;ann\u00e9e 2025.<\/p><p>Bien plus qu&rsquo;une simple gamme pour h\u00f4tels, c&rsquo;est une v\u00e9ritable exp\u00e9rience. Con\u00e7ue exclusivement pour les h\u00f4tels, cette ligne associe la richesse et la chaleur de la vanille \u00e0 l&rsquo;essence vibrante et intense du cassis.<\/p><p>Le r\u00e9sultat ? Un parfum \u00e0 la fois intemporel et moderne, discret et pourtant inoubliable. Un sillage qui vous accompagne longtemps apr\u00e8s avoir quitt\u00e9 la chambre, vous rappelant que le luxe r\u00e9side parfois dans les d\u00e9tails.<\/p><p>Ce qui distingue cette collection, c&rsquo;est bien plus que son parfum. Sa formule est adapt\u00e9e \u00e0 tous les types de peau, garantissant \u00e0 chacun une hydratation et une revitalisation profondes. Que vous vous d\u00e9tendiez apr\u00e8s une longue journ\u00e9e ou que vous vous pr\u00e9pariez pour la suivante, offrez \u00e0 votre peau le soin qu&rsquo;elle m\u00e9rite : luxueux, nourrissant et facile \u00e0 appliquer.<\/p>\t\t\t\t\t\t\t\t<\/div>\n\t\t\t\t<\/div>\n\t\t\t\t\t<\/div>\n\t\t\t\t<\/div>\n\t\t<div class=\"elementor-element elementor-element-403511a e-flex e-con-boxed e-con e-parent\" data-id=\"403511a\" data-element_type=\"container\" data-e-type=\"container\" data-settings=\"{&quot;jet_parallax_layout_list&quot;:[]}\">\n\t\t\t\t\t<div class=\"e-con-inner\">\n\t\t\t\t<div class=\"elementor-element elementor-element-2d489a7 elementor-widget elementor-widget-image\" data-id=\"2d489a7\" data-element_type=\"widget\" data-e-type=\"widget\" data-widget_type=\"image.default\">\n\t\t\t\t\t\t\t\t\t\t\t\t\t\t\t<img decoding=\"async\" width=\"1799\" height=\"1200\" data-src=\"https:\/\/mamibacosmetics.com\/wp-content\/uploads\/2025\/04\/26.jpg\" class=\"attachment-full size-full wp-image-24974 lazyload\" alt=\"\" data-srcset=\"https:\/\/mamibacosmetics.com\/wp-content\/uploads\/2025\/04\/26.jpg 1799w, https:\/\/mamibacosmetics.com\/wp-content\/uploads\/2025\/04\/26-300x200.jpg 300w, https:\/\/mamibacosmetics.com\/wp-content\/uploads\/2025\/04\/26-1024x683.jpg 1024w, https:\/\/mamibacosmetics.com\/wp-content\/uploads\/2025\/04\/26-768x512.jpg 768w, https:\/\/mamibacosmetics.com\/wp-content\/uploads\/2025\/04\/26-1536x1025.jpg 1536w, https:\/\/mamibacosmetics.com\/wp-content\/uploads\/2025\/04\/26-600x400.jpg 600w\" data-sizes=\"(max-width: 1799px) 100vw, 1799px\" src=\"data:image\/svg+xml;base64,PHN2ZyB3aWR0aD0iMSIgaGVpZ2h0PSIxIiB4bWxucz0iaHR0cDovL3d3dy53My5vcmcvMjAwMC9zdmciPjwvc3ZnPg==\" style=\"--smush-placeholder-width: 1799px; --smush-placeholder-aspect-ratio: 1799\/1200;\" \/>\t\t\t\t\t\t\t\t\t\t\t\t\t\t\t<\/div>\n\t\t\t\t\t<\/div>\n\t\t\t\t<\/div>\n\t\t\t\t<\/div>\n\t\t","protected":false},"excerpt":{"rendered":"","protected":false},"author":10,"featured_media":0,"parent":0,"menu_order":0,"comment_status":"closed","ping_status":"closed","template":"elementor_header_footer","meta":{"_acf_changed":false,"om_disable_all_campaigns":false,"footnotes":""},"class_list":["post-28520","page","type-page","status-publish","hentry"],"acf":[],"yoast_head":"<!-- This site is optimized with the Yoast SEO plugin v27.3 - https:\/\/yoast.com\/product\/yoast-seo-wordpress\/ -->\n<title>ELLE Ilessence - MAMIBA<\/title>\n<meta name=\"robots\" content=\"index, follow, max-snippet:-1, max-image-preview:large, max-video-preview:-1\" \/>\n<link rel=\"canonical\" href=\"https:\/\/mamibacosmetics.com\/fr\/elle-ilessence\/\" \/>\n<meta property=\"og:locale\" content=\"fr_FR\" \/>\n<meta property=\"og:type\" content=\"article\" \/>\n<meta property=\"og:title\" content=\"ELLE Ilessence - MAMIBA\" \/>\n<meta property=\"og:url\" content=\"https:\/\/mamibacosmetics.com\/fr\/elle-ilessence\/\" \/>\n<meta property=\"og:site_name\" content=\"MAMIBA\" \/>\n<meta property=\"article:publisher\" content=\"https:\/\/www.facebook.com\/MamibaHotelSupplies\" \/>\n<meta property=\"article:modified_time\" content=\"2025-12-29T18:40:31+00:00\" \/>\n<meta property=\"og:image\" content=\"https:\/\/mamibacosmetics.com\/wp-content\/uploads\/2025\/04\/24.jpg\" \/>\n<meta name=\"twitter:card\" content=\"summary_large_image\" \/>\n<meta name=\"twitter:label1\" content=\"Dur\u00e9e de lecture estim\u00e9e\" \/>\n\t<meta name=\"twitter:data1\" content=\"1 minute\" \/>\n<script type=\"application\/ld+json\" class=\"yoast-schema-graph\">{\"@context\":\"https:\\\/\\\/schema.org\",\"@graph\":[{\"@type\":\"WebPage\",\"@id\":\"https:\\\/\\\/mamibacosmetics.com\\\/fr\\\/elle-ilessence\\\/\",\"url\":\"https:\\\/\\\/mamibacosmetics.com\\\/fr\\\/elle-ilessence\\\/\",\"name\":\"ELLE Ilessence - MAMIBA\",\"isPartOf\":{\"@id\":\"https:\\\/\\\/mamibacosmetics.com\\\/#website\"},\"primaryImageOfPage\":{\"@id\":\"https:\\\/\\\/mamibacosmetics.com\\\/fr\\\/elle-ilessence\\\/#primaryimage\"},\"image\":{\"@id\":\"https:\\\/\\\/mamibacosmetics.com\\\/fr\\\/elle-ilessence\\\/#primaryimage\"},\"thumbnailUrl\":\"https:\\\/\\\/mamibacosmetics.com\\\/wp-content\\\/uploads\\\/2025\\\/04\\\/24.jpg\",\"datePublished\":\"2025-04-14T13:33:55+00:00\",\"dateModified\":\"2025-12-29T18:40:31+00:00\",\"breadcrumb\":{\"@id\":\"https:\\\/\\\/mamibacosmetics.com\\\/fr\\\/elle-ilessence\\\/#breadcrumb\"},\"inLanguage\":\"fr-FR\",\"potentialAction\":[{\"@type\":\"ReadAction\",\"target\":[\"https:\\\/\\\/mamibacosmetics.com\\\/fr\\\/elle-ilessence\\\/\"]}]},{\"@type\":\"ImageObject\",\"inLanguage\":\"fr-FR\",\"@id\":\"https:\\\/\\\/mamibacosmetics.com\\\/fr\\\/elle-ilessence\\\/#primaryimage\",\"url\":\"https:\\\/\\\/mamibacosmetics.com\\\/wp-content\\\/uploads\\\/2025\\\/04\\\/24.jpg\",\"contentUrl\":\"https:\\\/\\\/mamibacosmetics.com\\\/wp-content\\\/uploads\\\/2025\\\/04\\\/24.jpg\"},{\"@type\":\"BreadcrumbList\",\"@id\":\"https:\\\/\\\/mamibacosmetics.com\\\/fr\\\/elle-ilessence\\\/#breadcrumb\",\"itemListElement\":[{\"@type\":\"ListItem\",\"position\":1,\"name\":\"Home\",\"item\":\"https:\\\/\\\/mamibacosmetics.com\\\/\"},{\"@type\":\"ListItem\",\"position\":2,\"name\":\"ELLE Ilessence\"}]},{\"@type\":\"WebSite\",\"@id\":\"https:\\\/\\\/mamibacosmetics.com\\\/#website\",\"url\":\"https:\\\/\\\/mamibacosmetics.com\\\/\",\"name\":\"MAMIBA\",\"description\":\"MAMIBA is a hospitality one-stop shop We have a young and fresh approach with each one of our clients\",\"potentialAction\":[{\"@type\":\"SearchAction\",\"target\":{\"@type\":\"EntryPoint\",\"urlTemplate\":\"https:\\\/\\\/mamibacosmetics.com\\\/?s={search_term_string}\"},\"query-input\":{\"@type\":\"PropertyValueSpecification\",\"valueRequired\":true,\"valueName\":\"search_term_string\"}}],\"inLanguage\":\"fr-FR\"}]}<\/script>\n<!-- \/ Yoast SEO plugin. -->","yoast_head_json":{"title":"ELLE Ilessence - MAMIBA","robots":{"index":"index","follow":"follow","max-snippet":"max-snippet:-1","max-image-preview":"max-image-preview:large","max-video-preview":"max-video-preview:-1"},"canonical":"https:\/\/mamibacosmetics.com\/fr\/elle-ilessence\/","og_locale":"fr_FR","og_type":"article","og_title":"ELLE Ilessence - MAMIBA","og_url":"https:\/\/mamibacosmetics.com\/fr\/elle-ilessence\/","og_site_name":"MAMIBA","article_publisher":"https:\/\/www.facebook.com\/MamibaHotelSupplies","article_modified_time":"2025-12-29T18:40:31+00:00","og_image":[{"url":"https:\/\/mamibacosmetics.com\/wp-content\/uploads\/2025\/04\/24.jpg","type":"","width":"","height":""}],"twitter_card":"summary_large_image","twitter_misc":{"Dur\u00e9e de lecture estim\u00e9e":"1 minute"},"schema":{"@context":"https:\/\/schema.org","@graph":[{"@type":"WebPage","@id":"https:\/\/mamibacosmetics.com\/fr\/elle-ilessence\/","url":"https:\/\/mamibacosmetics.com\/fr\/elle-ilessence\/","name":"ELLE Ilessence - MAMIBA","isPartOf":{"@id":"https:\/\/mamibacosmetics.com\/#website"},"primaryImageOfPage":{"@id":"https:\/\/mamibacosmetics.com\/fr\/elle-ilessence\/#primaryimage"},"image":{"@id":"https:\/\/mamibacosmetics.com\/fr\/elle-ilessence\/#primaryimage"},"thumbnailUrl":"https:\/\/mamibacosmetics.com\/wp-content\/uploads\/2025\/04\/24.jpg","datePublished":"2025-04-14T13:33:55+00:00","dateModified":"2025-12-29T18:40:31+00:00","breadcrumb":{"@id":"https:\/\/mamibacosmetics.com\/fr\/elle-ilessence\/#breadcrumb"},"inLanguage":"fr-FR","potentialAction":[{"@type":"ReadAction","target":["https:\/\/mamibacosmetics.com\/fr\/elle-ilessence\/"]}]},{"@type":"ImageObject","inLanguage":"fr-FR","@id":"https:\/\/mamibacosmetics.com\/fr\/elle-ilessence\/#primaryimage","url":"https:\/\/mamibacosmetics.com\/wp-content\/uploads\/2025\/04\/24.jpg","contentUrl":"https:\/\/mamibacosmetics.com\/wp-content\/uploads\/2025\/04\/24.jpg"},{"@type":"BreadcrumbList","@id":"https:\/\/mamibacosmetics.com\/fr\/elle-ilessence\/#breadcrumb","itemListElement":[{"@type":"ListItem","position":1,"name":"Home","item":"https:\/\/mamibacosmetics.com\/"},{"@type":"ListItem","position":2,"name":"ELLE Ilessence"}]},{"@type":"WebSite","@id":"https:\/\/mamibacosmetics.com\/#website","url":"https:\/\/mamibacosmetics.com\/","name":"MAMIBA","description":"MAMIBA is a hospitality one-stop shop We have a young and fresh approach with each one of our clients","potentialAction":[{"@type":"SearchAction","target":{"@type":"EntryPoint","urlTemplate":"https:\/\/mamibacosmetics.com\/?s={search_term_string}"},"query-input":{"@type":"PropertyValueSpecification","valueRequired":true,"valueName":"search_term_string"}}],"inLanguage":"fr-FR"}]}},"_links":{"self":[{"href":"https:\/\/mamibacosmetics.com\/fr\/wp-json\/wp\/v2\/pages\/28520","targetHints":{"allow":["GET"]}}],"collection":[{"href":"https:\/\/mamibacosmetics.com\/fr\/wp-json\/wp\/v2\/pages"}],"about":[{"href":"https:\/\/mamibacosmetics.com\/fr\/wp-json\/wp\/v2\/types\/page"}],"author":[{"embeddable":true,"href":"https:\/\/mamibacosmetics.com\/fr\/wp-json\/wp\/v2\/users\/10"}],"replies":[{"embeddable":true,"href":"https:\/\/mamibacosmetics.com\/fr\/wp-json\/wp\/v2\/comments?post=28520"}],"version-history":[{"count":4,"href":"https:\/\/mamibacosmetics.com\/fr\/wp-json\/wp\/v2\/pages\/28520\/revisions"}],"predecessor-version":[{"id":28524,"href":"https:\/\/mamibacosmetics.com\/fr\/wp-json\/wp\/v2\/pages\/28520\/revisions\/28524"}],"wp:attachment":[{"href":"https:\/\/mamibacosmetics.com\/fr\/wp-json\/wp\/v2\/media?parent=28520"}],"curies":[{"name":"wp","href":"https:\/\/api.w.org\/{rel}","templated":true}]}}