{"id":28515,"date":"2025-04-14T13:26:14","date_gmt":"2025-04-14T13:26:14","guid":{"rendered":"https:\/\/mamibacosmetics.com\/elle-velvet-essence\/"},"modified":"2025-12-29T18:37:38","modified_gmt":"2025-12-29T18:37:38","slug":"elle-velvet-essence","status":"publish","type":"page","link":"https:\/\/mamibacosmetics.com\/fr\/elle-velvet-essence\/","title":{"rendered":"ELLE Velvet essence"},"content":{"rendered":"\t\t<div data-elementor-type=\"wp-page\" data-elementor-id=\"28515\" class=\"elementor elementor-28515 elementor-24934\">\n\t\t\t\t<div class=\"elementor-element elementor-element-33231f8 e-flex e-con-boxed e-con e-parent\" data-id=\"33231f8\" data-element_type=\"container\" data-e-type=\"container\" data-settings=\"{&quot;jet_parallax_layout_list&quot;:[]}\">\n\t\t\t\t\t<div class=\"e-con-inner\">\n\t\t\t\t<div class=\"elementor-element elementor-element-02cf5a0 elementor-widget elementor-widget-shortcode\" data-id=\"02cf5a0\" data-element_type=\"widget\" data-e-type=\"widget\" data-widget_type=\"shortcode.default\">\n\t\t\t\t\t\t\t<div class=\"elementor-shortcode\"><style>\nvideo {\n    width: 100%;\n    height: auto;\n    display: block;\n    margin: 0 auto;\n}\n<\/style>\n\n<video muted autoplay playsinline loop>\n    <source src=\"https:\/\/cdn.shopify.com\/videos\/c\/o\/v\/a8f28155bd744323abd535393107d556.mp4\" \n            type=\"video\/mp4\">\n    <source src=\"<style>\nvideo {\n    width: 100%;\n    height: auto;\n    display: block;\n    margin: 0 auto;\n}\n<\/style>\n\n<video muted autoplay playsinline loop>\n    <source src=\"https:\/\/cdn.shopify.com\/videos\/c\/o\/v\/92727426a37d4b71a5e415a3d56a8c09.mp4\" \n            type=\"video\/mp4\">\n    <source src=\"<style>\nvideo {\n    width: 100%;\n    height: auto;\n    display: block;\n    margin: 0 auto;\n}\n<\/style>\n\n<video muted autoplay playsinline loop>\n    <source src=\"https:\/\/cdn.shopify.com\/videos\/c\/o\/v\/51a4193228af405c9beff6dd4c46fbb3.mp4\" \n            type=\"video\/mp4\">\n    <source src=\"\/media\/cc0-videos\/flower.mp4\" \n           \n<\/video>\" \n            \n            type=\"video\/mp4\">\n<\/video><\/div>\n\t\t\t\t\t\t<\/div>\n\t\t\t\t\t<\/div>\n\t\t\t\t<\/div>\n\t\t\t\t<section class=\"elementor-section elementor-top-section elementor-element elementor-element-3d43012 elementor-section-boxed elementor-section-height-default elementor-section-height-default\" data-id=\"3d43012\" data-element_type=\"section\" data-e-type=\"section\" data-settings=\"{&quot;jet_parallax_layout_list&quot;:[]}\">\n\t\t\t\t\t\t<div class=\"elementor-container elementor-column-gap-default\">\n\t\t\t\t\t<div class=\"elementor-column elementor-col-100 elementor-top-column elementor-element elementor-element-511b432\" data-id=\"511b432\" data-element_type=\"column\" data-e-type=\"column\">\n\t\t\t<div class=\"elementor-widget-wrap elementor-element-populated\">\n\t\t\t\t\t\t<div class=\"elementor-element elementor-element-86bd9b6 elementor-widget elementor-widget-image-carousel\" data-id=\"86bd9b6\" data-element_type=\"widget\" data-e-type=\"widget\" data-settings=\"{&quot;slides_to_show&quot;:&quot;1&quot;,&quot;navigation&quot;:&quot;none&quot;,&quot;autoplay_speed&quot;:2000,&quot;autoplay&quot;:&quot;yes&quot;,&quot;pause_on_hover&quot;:&quot;yes&quot;,&quot;pause_on_interaction&quot;:&quot;yes&quot;,&quot;infinite&quot;:&quot;yes&quot;,&quot;effect&quot;:&quot;slide&quot;,&quot;speed&quot;:500}\" data-widget_type=\"image-carousel.default\">\n\t\t\t\t\t\t\t<div class=\"elementor-image-carousel-wrapper swiper\" role=\"region\" aria-roledescription=\"carousel\" aria-label=\"Image Carousel\" dir=\"ltr\">\n\t\t\t<div class=\"elementor-image-carousel swiper-wrapper swiper-image-stretch\" aria-live=\"off\">\n\t\t\t\t\t\t\t\t<div class=\"swiper-slide\" role=\"group\" aria-roledescription=\"slide\" aria-label=\"1 sur 2\"><figure class=\"swiper-slide-inner\"><img decoding=\"async\" class=\"swiper-slide-image lazyload\" data-src=\"https:\/\/mamibacosmetics.com\/wp-content\/uploads\/2025\/04\/22.jpg\" alt=\"22\" src=\"data:image\/svg+xml;base64,PHN2ZyB3aWR0aD0iMSIgaGVpZ2h0PSIxIiB4bWxucz0iaHR0cDovL3d3dy53My5vcmcvMjAwMC9zdmciPjwvc3ZnPg==\" style=\"--smush-placeholder-width: 1305px; --smush-placeholder-aspect-ratio: 1305\/1200;\" \/><\/figure><\/div><div class=\"swiper-slide\" role=\"group\" aria-roledescription=\"slide\" aria-label=\"2 sur 2\"><figure class=\"swiper-slide-inner\"><img decoding=\"async\" class=\"swiper-slide-image lazyload\" data-src=\"https:\/\/mamibacosmetics.com\/wp-content\/uploads\/2025\/07\/IMG_7176-Enhanced-NRss-scaled.jpg\" alt=\"IMG_7176-Enhanced-NRss\" src=\"data:image\/svg+xml;base64,PHN2ZyB3aWR0aD0iMSIgaGVpZ2h0PSIxIiB4bWxucz0iaHR0cDovL3d3dy53My5vcmcvMjAwMC9zdmciPjwvc3ZnPg==\" style=\"--smush-placeholder-width: 2560px; --smush-placeholder-aspect-ratio: 2560\/2181;\" \/><\/figure><\/div>\t\t\t<\/div>\n\t\t\t\t\t\t\t\n\t\t\t\t\t\t\t\t\t<\/div>\n\t\t\t\t\t\t<\/div>\n\t\t\t\t\t<\/div>\n\t\t<\/div>\n\t\t\t\t\t<\/div>\n\t\t<\/section>\n\t\t<div class=\"elementor-element elementor-element-c34d9ea e-flex e-con-boxed e-con e-parent\" data-id=\"c34d9ea\" data-element_type=\"container\" data-e-type=\"container\" data-settings=\"{&quot;background_background&quot;:&quot;classic&quot;,&quot;jet_parallax_layout_list&quot;:[]}\">\n\t\t\t\t\t<div class=\"e-con-inner\">\n\t\t<div class=\"elementor-element elementor-element-058a449 e-con-full e-flex e-con e-child\" data-id=\"058a449\" data-element_type=\"container\" data-e-type=\"container\" data-settings=\"{&quot;jet_parallax_layout_list&quot;:[]}\">\n\t\t\t\t<div class=\"elementor-element elementor-element-6a7ed2a elementor-widget elementor-widget-image\" data-id=\"6a7ed2a\" data-element_type=\"widget\" data-e-type=\"widget\" data-widget_type=\"image.default\">\n\t\t\t\t\t\t\t\t\t\t\t\t\t\t\t<img fetchpriority=\"high\" decoding=\"async\" width=\"1088\" height=\"1200\" src=\"https:\/\/mamibacosmetics.com\/wp-content\/uploads\/2025\/07\/ELLE-velvet-essence-Press-and-wash.jpg\" class=\"attachment-full size-full wp-image-27000\" alt=\"\" srcset=\"https:\/\/mamibacosmetics.com\/wp-content\/uploads\/2025\/07\/ELLE-velvet-essence-Press-and-wash.jpg 1088w, https:\/\/mamibacosmetics.com\/wp-content\/uploads\/2025\/07\/ELLE-velvet-essence-Press-and-wash-272x300.jpg 272w, https:\/\/mamibacosmetics.com\/wp-content\/uploads\/2025\/07\/ELLE-velvet-essence-Press-and-wash-928x1024.jpg 928w, https:\/\/mamibacosmetics.com\/wp-content\/uploads\/2025\/07\/ELLE-velvet-essence-Press-and-wash-768x847.jpg 768w, https:\/\/mamibacosmetics.com\/wp-content\/uploads\/2025\/07\/ELLE-velvet-essence-Press-and-wash-544x600.jpg 544w\" sizes=\"(max-width: 1088px) 100vw, 1088px\" \/>\t\t\t\t\t\t\t\t\t\t\t\t\t\t\t<\/div>\n\t\t\t\t<\/div>\n\t\t<div class=\"elementor-element elementor-element-e877c40 e-con-full e-flex e-con e-child\" data-id=\"e877c40\" data-element_type=\"container\" data-e-type=\"container\" data-settings=\"{&quot;background_background&quot;:&quot;classic&quot;,&quot;jet_parallax_layout_list&quot;:[]}\">\n\t\t\t\t<div class=\"elementor-element elementor-element-7ba6e69 elementor-widget elementor-widget-text-editor\" data-id=\"7ba6e69\" data-element_type=\"widget\" data-e-type=\"widget\" data-widget_type=\"text-editor.default\">\n\t\t\t\t\t\t\t\t\t<p>La collection ELLE VOYAGE Velvet Essence, soin nourrissant intense, apporte une touche de luxe et de durabilit\u00e9 aux produits d&rsquo;accueil h\u00f4teliers, alliant l&rsquo;\u00e9l\u00e9gance embl\u00e9matique de la marque fran\u00e7aise \u00e0 un h\u00f4tel \u00e9co-responsable.<\/p><p><strong>Design<\/strong><\/p><p>Con\u00e7u pour les voyageurs modernes. Des formules onctueuses et riches en nutriments. Restaure l&rsquo;hydratation et la vitalit\u00e9, id\u00e9ales pour se ressourcer apr\u00e8s un voyage.<\/p><p><strong>D\u00e9veloppement durable<\/strong><\/p><p>Pr\u00e9sent\u00e9 dans un flacon \u00e9l\u00e9gant et 100 % recyclable. En accord avec les engagements \u00e9co-responsables des h\u00f4tels.<\/p><p><strong>Exp\u00e9rience<\/strong><\/p><p>Offre une exp\u00e9rience sensorielle d&rsquo;exception. Parfait pour les h\u00e9bergements haut de gamme.<\/p><p><strong>Essence<\/strong><\/p><p>Alliant sophistication et design responsable, ce soin garantit des s\u00e9jours \u00e0 la fois luxueux et respectueux de l&rsquo;environnement.<\/p>\t\t\t\t\t\t\t\t<\/div>\n\t\t\t\t<\/div>\n\t\t\t\t\t<\/div>\n\t\t\t\t<\/div>\n\t\t\t\t<\/div>\n\t\t","protected":false},"excerpt":{"rendered":"","protected":false},"author":10,"featured_media":0,"parent":0,"menu_order":0,"comment_status":"closed","ping_status":"closed","template":"elementor_header_footer","meta":{"_acf_changed":false,"om_disable_all_campaigns":false,"footnotes":""},"class_list":["post-28515","page","type-page","status-publish","hentry"],"acf":[],"yoast_head":"<!-- This site is optimized with the Yoast SEO plugin v27.3 - https:\/\/yoast.com\/product\/yoast-seo-wordpress\/ -->\n<title>ELLE Velvet essence - MAMIBA<\/title>\n<meta name=\"robots\" content=\"index, follow, max-snippet:-1, max-image-preview:large, max-video-preview:-1\" \/>\n<link rel=\"canonical\" href=\"https:\/\/mamibacosmetics.com\/fr\/elle-velvet-essence\/\" \/>\n<meta property=\"og:locale\" content=\"fr_FR\" \/>\n<meta property=\"og:type\" content=\"article\" \/>\n<meta property=\"og:title\" content=\"ELLE Velvet essence - MAMIBA\" \/>\n<meta property=\"og:url\" content=\"https:\/\/mamibacosmetics.com\/fr\/elle-velvet-essence\/\" \/>\n<meta property=\"og:site_name\" content=\"MAMIBA\" \/>\n<meta property=\"article:publisher\" content=\"https:\/\/www.facebook.com\/MamibaHotelSupplies\" \/>\n<meta property=\"article:modified_time\" content=\"2025-12-29T18:37:38+00:00\" \/>\n<meta property=\"og:image\" content=\"https:\/\/mamibacosmetics.com\/wp-content\/uploads\/2025\/04\/22.jpg\" \/>\n<meta name=\"twitter:card\" content=\"summary_large_image\" \/>\n<meta name=\"twitter:label1\" content=\"Dur\u00e9e de lecture estim\u00e9e\" \/>\n\t<meta name=\"twitter:data1\" content=\"2 minutes\" \/>\n<script type=\"application\/ld+json\" class=\"yoast-schema-graph\">{\"@context\":\"https:\\\/\\\/schema.org\",\"@graph\":[{\"@type\":\"WebPage\",\"@id\":\"https:\\\/\\\/mamibacosmetics.com\\\/fr\\\/elle-velvet-essence\\\/\",\"url\":\"https:\\\/\\\/mamibacosmetics.com\\\/fr\\\/elle-velvet-essence\\\/\",\"name\":\"ELLE Velvet essence - MAMIBA\",\"isPartOf\":{\"@id\":\"https:\\\/\\\/mamibacosmetics.com\\\/#website\"},\"primaryImageOfPage\":{\"@id\":\"https:\\\/\\\/mamibacosmetics.com\\\/fr\\\/elle-velvet-essence\\\/#primaryimage\"},\"image\":{\"@id\":\"https:\\\/\\\/mamibacosmetics.com\\\/fr\\\/elle-velvet-essence\\\/#primaryimage\"},\"thumbnailUrl\":\"https:\\\/\\\/mamibacosmetics.com\\\/wp-content\\\/uploads\\\/2025\\\/04\\\/22.jpg\",\"datePublished\":\"2025-04-14T13:26:14+00:00\",\"dateModified\":\"2025-12-29T18:37:38+00:00\",\"breadcrumb\":{\"@id\":\"https:\\\/\\\/mamibacosmetics.com\\\/fr\\\/elle-velvet-essence\\\/#breadcrumb\"},\"inLanguage\":\"fr-FR\",\"potentialAction\":[{\"@type\":\"ReadAction\",\"target\":[\"https:\\\/\\\/mamibacosmetics.com\\\/fr\\\/elle-velvet-essence\\\/\"]}]},{\"@type\":\"ImageObject\",\"inLanguage\":\"fr-FR\",\"@id\":\"https:\\\/\\\/mamibacosmetics.com\\\/fr\\\/elle-velvet-essence\\\/#primaryimage\",\"url\":\"https:\\\/\\\/mamibacosmetics.com\\\/wp-content\\\/uploads\\\/2025\\\/04\\\/22.jpg\",\"contentUrl\":\"https:\\\/\\\/mamibacosmetics.com\\\/wp-content\\\/uploads\\\/2025\\\/04\\\/22.jpg\"},{\"@type\":\"BreadcrumbList\",\"@id\":\"https:\\\/\\\/mamibacosmetics.com\\\/fr\\\/elle-velvet-essence\\\/#breadcrumb\",\"itemListElement\":[{\"@type\":\"ListItem\",\"position\":1,\"name\":\"Home\",\"item\":\"https:\\\/\\\/mamibacosmetics.com\\\/\"},{\"@type\":\"ListItem\",\"position\":2,\"name\":\"ELLE Velvet essence\"}]},{\"@type\":\"WebSite\",\"@id\":\"https:\\\/\\\/mamibacosmetics.com\\\/#website\",\"url\":\"https:\\\/\\\/mamibacosmetics.com\\\/\",\"name\":\"MAMIBA\",\"description\":\"MAMIBA is a hospitality one-stop shop We have a young and fresh approach with each one of our clients\",\"potentialAction\":[{\"@type\":\"SearchAction\",\"target\":{\"@type\":\"EntryPoint\",\"urlTemplate\":\"https:\\\/\\\/mamibacosmetics.com\\\/?s={search_term_string}\"},\"query-input\":{\"@type\":\"PropertyValueSpecification\",\"valueRequired\":true,\"valueName\":\"search_term_string\"}}],\"inLanguage\":\"fr-FR\"}]}<\/script>\n<!-- \/ Yoast SEO plugin. -->","yoast_head_json":{"title":"ELLE Velvet essence - MAMIBA","robots":{"index":"index","follow":"follow","max-snippet":"max-snippet:-1","max-image-preview":"max-image-preview:large","max-video-preview":"max-video-preview:-1"},"canonical":"https:\/\/mamibacosmetics.com\/fr\/elle-velvet-essence\/","og_locale":"fr_FR","og_type":"article","og_title":"ELLE Velvet essence - MAMIBA","og_url":"https:\/\/mamibacosmetics.com\/fr\/elle-velvet-essence\/","og_site_name":"MAMIBA","article_publisher":"https:\/\/www.facebook.com\/MamibaHotelSupplies","article_modified_time":"2025-12-29T18:37:38+00:00","og_image":[{"url":"https:\/\/mamibacosmetics.com\/wp-content\/uploads\/2025\/04\/22.jpg","type":"","width":"","height":""}],"twitter_card":"summary_large_image","twitter_misc":{"Dur\u00e9e de lecture estim\u00e9e":"2 minutes"},"schema":{"@context":"https:\/\/schema.org","@graph":[{"@type":"WebPage","@id":"https:\/\/mamibacosmetics.com\/fr\/elle-velvet-essence\/","url":"https:\/\/mamibacosmetics.com\/fr\/elle-velvet-essence\/","name":"ELLE Velvet essence - MAMIBA","isPartOf":{"@id":"https:\/\/mamibacosmetics.com\/#website"},"primaryImageOfPage":{"@id":"https:\/\/mamibacosmetics.com\/fr\/elle-velvet-essence\/#primaryimage"},"image":{"@id":"https:\/\/mamibacosmetics.com\/fr\/elle-velvet-essence\/#primaryimage"},"thumbnailUrl":"https:\/\/mamibacosmetics.com\/wp-content\/uploads\/2025\/04\/22.jpg","datePublished":"2025-04-14T13:26:14+00:00","dateModified":"2025-12-29T18:37:38+00:00","breadcrumb":{"@id":"https:\/\/mamibacosmetics.com\/fr\/elle-velvet-essence\/#breadcrumb"},"inLanguage":"fr-FR","potentialAction":[{"@type":"ReadAction","target":["https:\/\/mamibacosmetics.com\/fr\/elle-velvet-essence\/"]}]},{"@type":"ImageObject","inLanguage":"fr-FR","@id":"https:\/\/mamibacosmetics.com\/fr\/elle-velvet-essence\/#primaryimage","url":"https:\/\/mamibacosmetics.com\/wp-content\/uploads\/2025\/04\/22.jpg","contentUrl":"https:\/\/mamibacosmetics.com\/wp-content\/uploads\/2025\/04\/22.jpg"},{"@type":"BreadcrumbList","@id":"https:\/\/mamibacosmetics.com\/fr\/elle-velvet-essence\/#breadcrumb","itemListElement":[{"@type":"ListItem","position":1,"name":"Home","item":"https:\/\/mamibacosmetics.com\/"},{"@type":"ListItem","position":2,"name":"ELLE Velvet essence"}]},{"@type":"WebSite","@id":"https:\/\/mamibacosmetics.com\/#website","url":"https:\/\/mamibacosmetics.com\/","name":"MAMIBA","description":"MAMIBA is a hospitality one-stop shop We have a young and fresh approach with each one of our clients","potentialAction":[{"@type":"SearchAction","target":{"@type":"EntryPoint","urlTemplate":"https:\/\/mamibacosmetics.com\/?s={search_term_string}"},"query-input":{"@type":"PropertyValueSpecification","valueRequired":true,"valueName":"search_term_string"}}],"inLanguage":"fr-FR"}]}},"_links":{"self":[{"href":"https:\/\/mamibacosmetics.com\/fr\/wp-json\/wp\/v2\/pages\/28515","targetHints":{"allow":["GET"]}}],"collection":[{"href":"https:\/\/mamibacosmetics.com\/fr\/wp-json\/wp\/v2\/pages"}],"about":[{"href":"https:\/\/mamibacosmetics.com\/fr\/wp-json\/wp\/v2\/types\/page"}],"author":[{"embeddable":true,"href":"https:\/\/mamibacosmetics.com\/fr\/wp-json\/wp\/v2\/users\/10"}],"replies":[{"embeddable":true,"href":"https:\/\/mamibacosmetics.com\/fr\/wp-json\/wp\/v2\/comments?post=28515"}],"version-history":[{"count":4,"href":"https:\/\/mamibacosmetics.com\/fr\/wp-json\/wp\/v2\/pages\/28515\/revisions"}],"predecessor-version":[{"id":28519,"href":"https:\/\/mamibacosmetics.com\/fr\/wp-json\/wp\/v2\/pages\/28515\/revisions\/28519"}],"wp:attachment":[{"href":"https:\/\/mamibacosmetics.com\/fr\/wp-json\/wp\/v2\/media?parent=28515"}],"curies":[{"name":"wp","href":"https:\/\/api.w.org\/{rel}","templated":true}]}}