{"id":28510,"date":"2025-04-14T12:37:38","date_gmt":"2025-04-14T12:37:38","guid":{"rendered":"https:\/\/mamibacosmetics.com\/elle-alkebulan\/"},"modified":"2025-12-29T18:35:18","modified_gmt":"2025-12-29T18:35:18","slug":"elle-alkebulan","status":"publish","type":"page","link":"https:\/\/mamibacosmetics.com\/fr\/elle-alkebulan\/","title":{"rendered":"ELLE Alkebulan"},"content":{"rendered":"\t\t<div data-elementor-type=\"wp-page\" data-elementor-id=\"28510\" class=\"elementor elementor-28510 elementor-24890\">\n\t\t\t\t<div class=\"elementor-element elementor-element-33231f8 e-flex e-con-boxed e-con e-parent\" data-id=\"33231f8\" data-element_type=\"container\" data-e-type=\"container\" data-settings=\"{&quot;jet_parallax_layout_list&quot;:[]}\">\n\t\t\t\t\t<div class=\"e-con-inner\">\n\t\t\t\t<div class=\"elementor-element elementor-element-02cf5a0 elementor-widget elementor-widget-shortcode\" data-id=\"02cf5a0\" data-element_type=\"widget\" data-e-type=\"widget\" data-widget_type=\"shortcode.default\">\n\t\t\t\t\t\t\t<div class=\"elementor-shortcode\"><style>\nvideo {\n    width: 100%;\n    height: auto;\n    display: block;\n    margin: 0 auto;\n}\n<\/style>\n\n<video muted autoplay playsinline loop>\n    <source src=\"https:\/\/cdn.shopify.com\/videos\/c\/o\/v\/a8f28155bd744323abd535393107d556.mp4\" \n            type=\"video\/mp4\">\n    <source src=\"<style>\nvideo {\n    width: 100%;\n    height: auto;\n    display: block;\n    margin: 0 auto;\n}\n<\/style>\n\n<video muted autoplay playsinline loop>\n    <source src=\"https:\/\/cdn.shopify.com\/videos\/c\/o\/v\/92727426a37d4b71a5e415a3d56a8c09.mp4\" \n            type=\"video\/mp4\">\n    <source src=\"<style>\nvideo {\n    width: 100%;\n    height: auto;\n    display: block;\n    margin: 0 auto;\n}\n<\/style>\n\n<video muted autoplay playsinline loop>\n    <source src=\"https:\/\/cdn.shopify.com\/videos\/c\/o\/v\/51a4193228af405c9beff6dd4c46fbb3.mp4\" \n            type=\"video\/mp4\">\n    <source src=\"\/media\/cc0-videos\/flower.mp4\" \n           \n<\/video>\" \n            \n            type=\"video\/mp4\">\n<\/video><\/div>\n\t\t\t\t\t\t<\/div>\n\t\t\t\t\t<\/div>\n\t\t\t\t<\/div>\n\t\t\t\t<section class=\"elementor-section elementor-top-section elementor-element elementor-element-3d43012 elementor-section-boxed elementor-section-height-default elementor-section-height-default\" data-id=\"3d43012\" data-element_type=\"section\" data-e-type=\"section\" data-settings=\"{&quot;jet_parallax_layout_list&quot;:[]}\">\n\t\t\t\t\t\t<div class=\"elementor-container elementor-column-gap-default\">\n\t\t\t\t\t<div class=\"elementor-column elementor-col-100 elementor-top-column elementor-element elementor-element-511b432\" data-id=\"511b432\" data-element_type=\"column\" data-e-type=\"column\">\n\t\t\t<div class=\"elementor-widget-wrap elementor-element-populated\">\n\t\t\t\t\t\t<div class=\"elementor-element elementor-element-86bd9b6 elementor-widget elementor-widget-image-carousel\" data-id=\"86bd9b6\" data-element_type=\"widget\" data-e-type=\"widget\" data-settings=\"{&quot;slides_to_show&quot;:&quot;1&quot;,&quot;navigation&quot;:&quot;none&quot;,&quot;autoplay_speed&quot;:2000,&quot;autoplay&quot;:&quot;yes&quot;,&quot;pause_on_hover&quot;:&quot;yes&quot;,&quot;pause_on_interaction&quot;:&quot;yes&quot;,&quot;infinite&quot;:&quot;yes&quot;,&quot;effect&quot;:&quot;slide&quot;,&quot;speed&quot;:500}\" data-widget_type=\"image-carousel.default\">\n\t\t\t\t\t\t\t<div class=\"elementor-image-carousel-wrapper swiper\" role=\"region\" aria-roledescription=\"carousel\" aria-label=\"Image Carousel\" dir=\"ltr\">\n\t\t\t<div class=\"elementor-image-carousel swiper-wrapper swiper-image-stretch\" aria-live=\"off\">\n\t\t\t\t\t\t\t\t<div class=\"swiper-slide\" role=\"group\" aria-roledescription=\"slide\" aria-label=\"1 sur 1\"><figure class=\"swiper-slide-inner\"><img decoding=\"async\" class=\"swiper-slide-image lazyload\" data-src=\"https:\/\/mamibacosmetics.com\/wp-content\/uploads\/2025\/04\/18.jpg\" alt=\"18\" src=\"data:image\/svg+xml;base64,PHN2ZyB3aWR0aD0iMSIgaGVpZ2h0PSIxIiB4bWxucz0iaHR0cDovL3d3dy53My5vcmcvMjAwMC9zdmciPjwvc3ZnPg==\" style=\"--smush-placeholder-width: 1306px; --smush-placeholder-aspect-ratio: 1306\/1200;\" \/><\/figure><\/div>\t\t\t<\/div>\n\t\t\t\t\t<\/div>\n\t\t\t\t\t\t<\/div>\n\t\t\t\t\t<\/div>\n\t\t<\/div>\n\t\t\t\t\t<\/div>\n\t\t<\/section>\n\t\t\t\t<section class=\"elementor-section elementor-top-section elementor-element elementor-element-6504b16 elementor-section-boxed elementor-section-height-default elementor-section-height-default\" data-id=\"6504b16\" data-element_type=\"section\" data-e-type=\"section\" data-settings=\"{&quot;jet_parallax_layout_list&quot;:[]}\">\n\t\t\t\t\t\t<div class=\"elementor-container elementor-column-gap-default\">\n\t\t\t\t\t<div class=\"elementor-column elementor-col-100 elementor-top-column elementor-element elementor-element-55f09d3\" data-id=\"55f09d3\" data-element_type=\"column\" data-e-type=\"column\">\n\t\t\t<div class=\"elementor-widget-wrap elementor-element-populated\">\n\t\t\t\t\t\t<div class=\"elementor-element elementor-element-aa52dfb elementor-widget elementor-widget-image\" data-id=\"aa52dfb\" data-element_type=\"widget\" data-e-type=\"widget\" data-widget_type=\"image.default\">\n\t\t\t\t\t\t\t\t\t\t\t\t\t\t\t<img fetchpriority=\"high\" decoding=\"async\" width=\"2560\" height=\"1854\" src=\"https:\/\/mamibacosmetics.com\/wp-content\/uploads\/2025\/07\/ELLE-Alkebulan2-scaled.png\" class=\"attachment-full size-full wp-image-26976\" alt=\"\" srcset=\"https:\/\/mamibacosmetics.com\/wp-content\/uploads\/2025\/07\/ELLE-Alkebulan2-scaled.png 2560w, https:\/\/mamibacosmetics.com\/wp-content\/uploads\/2025\/07\/ELLE-Alkebulan2-300x217.png 300w, https:\/\/mamibacosmetics.com\/wp-content\/uploads\/2025\/07\/ELLE-Alkebulan2-1024x742.png 1024w, https:\/\/mamibacosmetics.com\/wp-content\/uploads\/2025\/07\/ELLE-Alkebulan2-768x556.png 768w, https:\/\/mamibacosmetics.com\/wp-content\/uploads\/2025\/07\/ELLE-Alkebulan2-1536x1113.png 1536w, https:\/\/mamibacosmetics.com\/wp-content\/uploads\/2025\/07\/ELLE-Alkebulan2-2048x1484.png 2048w, https:\/\/mamibacosmetics.com\/wp-content\/uploads\/2025\/07\/ELLE-Alkebulan2-600x435.png 600w\" sizes=\"(max-width: 2560px) 100vw, 2560px\" \/>\t\t\t\t\t\t\t\t\t\t\t\t\t\t\t<\/div>\n\t\t\t\t\t<\/div>\n\t\t<\/div>\n\t\t\t\t\t<\/div>\n\t\t<\/section>\n\t\t\t\t<section class=\"elementor-section elementor-top-section elementor-element elementor-element-528be18 elementor-section-boxed elementor-section-height-default elementor-section-height-default\" data-id=\"528be18\" data-element_type=\"section\" data-e-type=\"section\" data-settings=\"{&quot;jet_parallax_layout_list&quot;:[],&quot;background_background&quot;:&quot;classic&quot;}\">\n\t\t\t\t\t\t\t<div class=\"elementor-background-overlay\"><\/div>\n\t\t\t\t\t\t\t<div class=\"elementor-container elementor-column-gap-default\">\n\t\t\t\t\t<div class=\"elementor-column elementor-col-50 elementor-top-column elementor-element elementor-element-b2bc7c6\" data-id=\"b2bc7c6\" data-element_type=\"column\" data-e-type=\"column\">\n\t\t\t<div class=\"elementor-widget-wrap elementor-element-populated\">\n\t\t\t\t\t\t<div class=\"elementor-element elementor-element-071543c elementor-pagination-position-outside elementor-widget elementor-widget-image-carousel\" data-id=\"071543c\" data-element_type=\"widget\" data-e-type=\"widget\" data-settings=\"{&quot;slides_to_show&quot;:&quot;1&quot;,&quot;navigation&quot;:&quot;dots&quot;,&quot;autoplay_speed&quot;:2000,&quot;speed&quot;:300,&quot;autoplay&quot;:&quot;yes&quot;,&quot;pause_on_hover&quot;:&quot;yes&quot;,&quot;pause_on_interaction&quot;:&quot;yes&quot;,&quot;infinite&quot;:&quot;yes&quot;,&quot;effect&quot;:&quot;slide&quot;}\" data-widget_type=\"image-carousel.default\">\n\t\t\t\t\t\t\t<div class=\"elementor-image-carousel-wrapper swiper\" role=\"region\" aria-roledescription=\"carousel\" aria-label=\"Image Carousel\" dir=\"ltr\">\n\t\t\t<div class=\"elementor-image-carousel swiper-wrapper\" aria-live=\"off\">\n\t\t\t\t\t\t\t\t<div class=\"swiper-slide\" role=\"group\" aria-roledescription=\"slide\" aria-label=\"1 sur 1\"><figure class=\"swiper-slide-inner\"><img decoding=\"async\" class=\"swiper-slide-image lazyload\" data-src=\"https:\/\/mamibacosmetics.com\/wp-content\/uploads\/2025\/04\/Grey-Modern-African-Womans-Braid-Prices-Instagram-Story.jpg\" alt=\"Grey-Modern-African-Woman&#039;s-Braid-Prices-Instagram-Story\" src=\"data:image\/svg+xml;base64,PHN2ZyB3aWR0aD0iMSIgaGVpZ2h0PSIxIiB4bWxucz0iaHR0cDovL3d3dy53My5vcmcvMjAwMC9zdmciPjwvc3ZnPg==\" style=\"--smush-placeholder-width: 1200px; --smush-placeholder-aspect-ratio: 1200\/1637;\" \/><\/figure><\/div>\t\t\t<\/div>\n\t\t\t\t\t<\/div>\n\t\t\t\t\t\t<\/div>\n\t\t\t\t\t<\/div>\n\t\t<\/div>\n\t\t\t\t<div class=\"elementor-column elementor-col-50 elementor-top-column elementor-element elementor-element-2b5f313\" data-id=\"2b5f313\" data-element_type=\"column\" data-e-type=\"column\" data-settings=\"{&quot;background_background&quot;:&quot;classic&quot;}\">\n\t\t\t<div class=\"elementor-widget-wrap elementor-element-populated\">\n\t\t\t\t\t\t<div class=\"elementor-element elementor-element-f5780fb elementor-widget elementor-widget-text-editor\" data-id=\"f5780fb\" data-element_type=\"widget\" data-e-type=\"widget\" data-widget_type=\"text-editor.default\">\n\t\t\t\t\t\t\t\t\t<p>Un syst\u00e8me de distribution unique pour l&rsquo;h\u00f4tellerie :<\/p>\t\t\t\t\t\t\t\t<\/div>\n\t\t\t\t<div class=\"elementor-element elementor-element-437f15d elementor-widget elementor-widget-text-editor\" data-id=\"437f15d\" data-element_type=\"widget\" data-e-type=\"widget\" data-widget_type=\"text-editor.default\">\n\t\t\t\t\t\t\t\t\t<p>La collection ALKEBULAN, fruit de la collaboration entre MAMIBA et ELLE et d\u00e9voil\u00e9e en d\u00e9cembre 2024, est une gamme premium cr\u00e9\u00e9e sp\u00e9cifiquement pour l&rsquo;h\u00f4tellerie, puisant son inspiration dans la profondeur et la richesse de la culture africaine.<\/p><p>Cette ligne unique se distingue par sa formule soigneusement \u00e9labor\u00e9e, adapt\u00e9e \u00e0 tous les types de cheveux. Elle offre une hydratation et une vitalit\u00e9 exceptionnelles, m\u00eame aux cheveux boucl\u00e9s et secs, souvent n\u00e9glig\u00e9s dans les gammes de produits h\u00f4teliers. V\u00e9ritable ode \u00e0 la beaut\u00e9, elle c\u00e9l\u00e8bre la diversit\u00e9 des textures capillaires.<\/p><p>Le parfum envo\u00fbtant d&rsquo;ALKEBULAN, compos\u00e9 exclusivement de plantes africaines, est un tr\u00e9sor rare dans l&rsquo;univers des cosm\u00e9tiques. Chaque note olfactive transporte les sens vers un ailleurs myst\u00e9rieux, une terre lointaine o\u00f9 aventure et po\u00e9sie s&rsquo;entrem\u00ealent.<\/p><p>Ce bouquet \u00e9voque un monde o\u00f9 la nature r\u00e8gne en ma\u00eetre, \u00e9veillant les sens et tissant des r\u00e9cits ancestraux empreints de myst\u00e8re.<\/p>\t\t\t\t\t\t\t\t<\/div>\n\t\t\t\t\t<\/div>\n\t\t<\/div>\n\t\t\t\t\t<\/div>\n\t\t<\/section>\n\t\t<div class=\"elementor-element elementor-element-a808bb6 e-flex e-con-boxed e-con e-parent\" data-id=\"a808bb6\" data-element_type=\"container\" data-e-type=\"container\" data-settings=\"{&quot;jet_parallax_layout_list&quot;:[]}\">\n\t\t\t\t\t<div class=\"e-con-inner\">\n\t\t\t\t<div class=\"elementor-element elementor-element-ba9d00f elementor-widget elementor-widget-image\" data-id=\"ba9d00f\" data-element_type=\"widget\" data-e-type=\"widget\" data-widget_type=\"image.default\">\n\t\t\t\t\t\t\t\t\t\t\t\t\t\t\t<img decoding=\"async\" width=\"855\" height=\"1200\" data-src=\"https:\/\/mamibacosmetics.com\/wp-content\/uploads\/2025\/04\/21.jpg\" class=\"attachment-full size-full wp-image-24914 lazyload\" alt=\"\" data-srcset=\"https:\/\/mamibacosmetics.com\/wp-content\/uploads\/2025\/04\/21.jpg 855w, https:\/\/mamibacosmetics.com\/wp-content\/uploads\/2025\/04\/21-214x300.jpg 214w, https:\/\/mamibacosmetics.com\/wp-content\/uploads\/2025\/04\/21-730x1024.jpg 730w, https:\/\/mamibacosmetics.com\/wp-content\/uploads\/2025\/04\/21-768x1078.jpg 768w, https:\/\/mamibacosmetics.com\/wp-content\/uploads\/2025\/04\/21-428x600.jpg 428w\" data-sizes=\"(max-width: 855px) 100vw, 855px\" src=\"data:image\/svg+xml;base64,PHN2ZyB3aWR0aD0iMSIgaGVpZ2h0PSIxIiB4bWxucz0iaHR0cDovL3d3dy53My5vcmcvMjAwMC9zdmciPjwvc3ZnPg==\" style=\"--smush-placeholder-width: 855px; --smush-placeholder-aspect-ratio: 855\/1200;\" \/>\t\t\t\t\t\t\t\t\t\t\t\t\t\t\t<\/div>\n\t\t\t\t\t<\/div>\n\t\t\t\t<\/div>\n\t\t\t\t<\/div>\n\t\t","protected":false},"excerpt":{"rendered":"","protected":false},"author":10,"featured_media":0,"parent":0,"menu_order":0,"comment_status":"closed","ping_status":"closed","template":"elementor_header_footer","meta":{"_acf_changed":false,"om_disable_all_campaigns":false,"footnotes":""},"class_list":["post-28510","page","type-page","status-publish","hentry"],"acf":[],"yoast_head":"<!-- This site is optimized with the Yoast SEO plugin v27.4 - https:\/\/yoast.com\/product\/yoast-seo-wordpress\/ -->\n<title>ELLE Alkebulan - MAMIBA<\/title>\n<meta name=\"robots\" content=\"index, follow, max-snippet:-1, max-image-preview:large, max-video-preview:-1\" \/>\n<link rel=\"canonical\" href=\"https:\/\/mamibacosmetics.com\/fr\/elle-alkebulan\/\" \/>\n<meta property=\"og:locale\" content=\"fr_FR\" \/>\n<meta property=\"og:type\" content=\"article\" \/>\n<meta property=\"og:title\" content=\"ELLE Alkebulan - MAMIBA\" \/>\n<meta property=\"og:url\" content=\"https:\/\/mamibacosmetics.com\/fr\/elle-alkebulan\/\" \/>\n<meta property=\"og:site_name\" content=\"MAMIBA\" \/>\n<meta property=\"article:publisher\" content=\"https:\/\/www.facebook.com\/MamibaHotelSupplies\" \/>\n<meta property=\"article:modified_time\" content=\"2025-12-29T18:35:18+00:00\" \/>\n<meta property=\"og:image\" content=\"https:\/\/mamibacosmetics.com\/wp-content\/uploads\/2025\/04\/18.jpg\" \/>\n<meta name=\"twitter:card\" content=\"summary_large_image\" \/>\n<meta name=\"twitter:label1\" content=\"Dur\u00e9e de lecture estim\u00e9e\" \/>\n\t<meta name=\"twitter:data1\" content=\"2 minutes\" \/>\n<script type=\"application\/ld+json\" class=\"yoast-schema-graph\">{\"@context\":\"https:\\\/\\\/schema.org\",\"@graph\":[{\"@type\":\"WebPage\",\"@id\":\"https:\\\/\\\/mamibacosmetics.com\\\/fr\\\/elle-alkebulan\\\/\",\"url\":\"https:\\\/\\\/mamibacosmetics.com\\\/fr\\\/elle-alkebulan\\\/\",\"name\":\"ELLE Alkebulan - MAMIBA\",\"isPartOf\":{\"@id\":\"https:\\\/\\\/mamibacosmetics.com\\\/#website\"},\"primaryImageOfPage\":{\"@id\":\"https:\\\/\\\/mamibacosmetics.com\\\/fr\\\/elle-alkebulan\\\/#primaryimage\"},\"image\":{\"@id\":\"https:\\\/\\\/mamibacosmetics.com\\\/fr\\\/elle-alkebulan\\\/#primaryimage\"},\"thumbnailUrl\":\"https:\\\/\\\/mamibacosmetics.com\\\/wp-content\\\/uploads\\\/2025\\\/04\\\/18.jpg\",\"datePublished\":\"2025-04-14T12:37:38+00:00\",\"dateModified\":\"2025-12-29T18:35:18+00:00\",\"breadcrumb\":{\"@id\":\"https:\\\/\\\/mamibacosmetics.com\\\/fr\\\/elle-alkebulan\\\/#breadcrumb\"},\"inLanguage\":\"fr-FR\",\"potentialAction\":[{\"@type\":\"ReadAction\",\"target\":[\"https:\\\/\\\/mamibacosmetics.com\\\/fr\\\/elle-alkebulan\\\/\"]}]},{\"@type\":\"ImageObject\",\"inLanguage\":\"fr-FR\",\"@id\":\"https:\\\/\\\/mamibacosmetics.com\\\/fr\\\/elle-alkebulan\\\/#primaryimage\",\"url\":\"https:\\\/\\\/mamibacosmetics.com\\\/wp-content\\\/uploads\\\/2025\\\/04\\\/18.jpg\",\"contentUrl\":\"https:\\\/\\\/mamibacosmetics.com\\\/wp-content\\\/uploads\\\/2025\\\/04\\\/18.jpg\"},{\"@type\":\"BreadcrumbList\",\"@id\":\"https:\\\/\\\/mamibacosmetics.com\\\/fr\\\/elle-alkebulan\\\/#breadcrumb\",\"itemListElement\":[{\"@type\":\"ListItem\",\"position\":1,\"name\":\"Home\",\"item\":\"https:\\\/\\\/mamibacosmetics.com\\\/\"},{\"@type\":\"ListItem\",\"position\":2,\"name\":\"ELLE Alkebulan\"}]},{\"@type\":\"WebSite\",\"@id\":\"https:\\\/\\\/mamibacosmetics.com\\\/#website\",\"url\":\"https:\\\/\\\/mamibacosmetics.com\\\/\",\"name\":\"MAMIBA\",\"description\":\"MAMIBA is a hospitality one-stop shop We have a young and fresh approach with each one of our clients\",\"potentialAction\":[{\"@type\":\"SearchAction\",\"target\":{\"@type\":\"EntryPoint\",\"urlTemplate\":\"https:\\\/\\\/mamibacosmetics.com\\\/?s={search_term_string}\"},\"query-input\":{\"@type\":\"PropertyValueSpecification\",\"valueRequired\":true,\"valueName\":\"search_term_string\"}}],\"inLanguage\":\"fr-FR\"}]}<\/script>\n<!-- \/ Yoast SEO plugin. -->","yoast_head_json":{"title":"ELLE Alkebulan - MAMIBA","robots":{"index":"index","follow":"follow","max-snippet":"max-snippet:-1","max-image-preview":"max-image-preview:large","max-video-preview":"max-video-preview:-1"},"canonical":"https:\/\/mamibacosmetics.com\/fr\/elle-alkebulan\/","og_locale":"fr_FR","og_type":"article","og_title":"ELLE Alkebulan - MAMIBA","og_url":"https:\/\/mamibacosmetics.com\/fr\/elle-alkebulan\/","og_site_name":"MAMIBA","article_publisher":"https:\/\/www.facebook.com\/MamibaHotelSupplies","article_modified_time":"2025-12-29T18:35:18+00:00","og_image":[{"url":"https:\/\/mamibacosmetics.com\/wp-content\/uploads\/2025\/04\/18.jpg","type":"","width":"","height":""}],"twitter_card":"summary_large_image","twitter_misc":{"Dur\u00e9e de lecture estim\u00e9e":"2 minutes"},"schema":{"@context":"https:\/\/schema.org","@graph":[{"@type":"WebPage","@id":"https:\/\/mamibacosmetics.com\/fr\/elle-alkebulan\/","url":"https:\/\/mamibacosmetics.com\/fr\/elle-alkebulan\/","name":"ELLE Alkebulan - MAMIBA","isPartOf":{"@id":"https:\/\/mamibacosmetics.com\/#website"},"primaryImageOfPage":{"@id":"https:\/\/mamibacosmetics.com\/fr\/elle-alkebulan\/#primaryimage"},"image":{"@id":"https:\/\/mamibacosmetics.com\/fr\/elle-alkebulan\/#primaryimage"},"thumbnailUrl":"https:\/\/mamibacosmetics.com\/wp-content\/uploads\/2025\/04\/18.jpg","datePublished":"2025-04-14T12:37:38+00:00","dateModified":"2025-12-29T18:35:18+00:00","breadcrumb":{"@id":"https:\/\/mamibacosmetics.com\/fr\/elle-alkebulan\/#breadcrumb"},"inLanguage":"fr-FR","potentialAction":[{"@type":"ReadAction","target":["https:\/\/mamibacosmetics.com\/fr\/elle-alkebulan\/"]}]},{"@type":"ImageObject","inLanguage":"fr-FR","@id":"https:\/\/mamibacosmetics.com\/fr\/elle-alkebulan\/#primaryimage","url":"https:\/\/mamibacosmetics.com\/wp-content\/uploads\/2025\/04\/18.jpg","contentUrl":"https:\/\/mamibacosmetics.com\/wp-content\/uploads\/2025\/04\/18.jpg"},{"@type":"BreadcrumbList","@id":"https:\/\/mamibacosmetics.com\/fr\/elle-alkebulan\/#breadcrumb","itemListElement":[{"@type":"ListItem","position":1,"name":"Home","item":"https:\/\/mamibacosmetics.com\/"},{"@type":"ListItem","position":2,"name":"ELLE Alkebulan"}]},{"@type":"WebSite","@id":"https:\/\/mamibacosmetics.com\/#website","url":"https:\/\/mamibacosmetics.com\/","name":"MAMIBA","description":"MAMIBA is a hospitality one-stop shop We have a young and fresh approach with each one of our clients","potentialAction":[{"@type":"SearchAction","target":{"@type":"EntryPoint","urlTemplate":"https:\/\/mamibacosmetics.com\/?s={search_term_string}"},"query-input":{"@type":"PropertyValueSpecification","valueRequired":true,"valueName":"search_term_string"}}],"inLanguage":"fr-FR"}]}},"_links":{"self":[{"href":"https:\/\/mamibacosmetics.com\/fr\/wp-json\/wp\/v2\/pages\/28510","targetHints":{"allow":["GET"]}}],"collection":[{"href":"https:\/\/mamibacosmetics.com\/fr\/wp-json\/wp\/v2\/pages"}],"about":[{"href":"https:\/\/mamibacosmetics.com\/fr\/wp-json\/wp\/v2\/types\/page"}],"author":[{"embeddable":true,"href":"https:\/\/mamibacosmetics.com\/fr\/wp-json\/wp\/v2\/users\/10"}],"replies":[{"embeddable":true,"href":"https:\/\/mamibacosmetics.com\/fr\/wp-json\/wp\/v2\/comments?post=28510"}],"version-history":[{"count":4,"href":"https:\/\/mamibacosmetics.com\/fr\/wp-json\/wp\/v2\/pages\/28510\/revisions"}],"predecessor-version":[{"id":28514,"href":"https:\/\/mamibacosmetics.com\/fr\/wp-json\/wp\/v2\/pages\/28510\/revisions\/28514"}],"wp:attachment":[{"href":"https:\/\/mamibacosmetics.com\/fr\/wp-json\/wp\/v2\/media?parent=28510"}],"curies":[{"name":"wp","href":"https:\/\/api.w.org\/{rel}","templated":true}]}}