{"id":11924,"date":"2023-02-27T07:00:42","date_gmt":"2023-02-27T07:00:42","guid":{"rendered":"https:\/\/mamibacosmetics.comm-lili\/"},"modified":"2025-12-29T19:08:33","modified_gmt":"2025-12-29T19:08:33","slug":"m-lili","status":"publish","type":"page","link":"https:\/\/mamibacosmetics.com\/fr\/m-lili\/","title":{"rendered":"M lili"},"content":{"rendered":"\t\t<div data-elementor-type=\"wp-page\" data-elementor-id=\"11924\" class=\"elementor elementor-11924 elementor-11890\">\n\t\t\t\t\t\t<section class=\"elementor-section elementor-top-section elementor-element elementor-element-57e77fcf elementor-section-full_width elementor-section-height-default elementor-section-height-default\" data-id=\"57e77fcf\" data-element_type=\"section\" data-e-type=\"section\" data-settings=\"{&quot;jet_parallax_layout_list&quot;:[{&quot;jet_parallax_layout_image&quot;:{&quot;url&quot;:&quot;&quot;,&quot;id&quot;:&quot;&quot;,&quot;size&quot;:&quot;&quot;},&quot;_id&quot;:&quot;e37ee88&quot;,&quot;jet_parallax_layout_image_tablet&quot;:{&quot;url&quot;:&quot;&quot;,&quot;id&quot;:&quot;&quot;,&quot;size&quot;:&quot;&quot;},&quot;jet_parallax_layout_image_mobile&quot;:{&quot;url&quot;:&quot;&quot;,&quot;id&quot;:&quot;&quot;,&quot;size&quot;:&quot;&quot;},&quot;jet_parallax_layout_speed&quot;:{&quot;unit&quot;:&quot;%&quot;,&quot;size&quot;:50,&quot;sizes&quot;:[]},&quot;jet_parallax_layout_type&quot;:&quot;scroll&quot;,&quot;jet_parallax_layout_direction&quot;:&quot;1&quot;,&quot;jet_parallax_layout_fx_direction&quot;:null,&quot;jet_parallax_layout_z_index&quot;:&quot;&quot;,&quot;jet_parallax_layout_bg_x&quot;:50,&quot;jet_parallax_layout_bg_x_tablet&quot;:&quot;&quot;,&quot;jet_parallax_layout_bg_x_mobile&quot;:&quot;&quot;,&quot;jet_parallax_layout_bg_y&quot;:50,&quot;jet_parallax_layout_bg_y_tablet&quot;:&quot;&quot;,&quot;jet_parallax_layout_bg_y_mobile&quot;:&quot;&quot;,&quot;jet_parallax_layout_bg_size&quot;:&quot;auto&quot;,&quot;jet_parallax_layout_bg_size_tablet&quot;:&quot;&quot;,&quot;jet_parallax_layout_bg_size_mobile&quot;:&quot;&quot;,&quot;jet_parallax_layout_animation_prop&quot;:&quot;transform&quot;,&quot;jet_parallax_layout_on&quot;:[&quot;desktop&quot;,&quot;tablet&quot;]}],&quot;background_background&quot;:&quot;classic&quot;}\">\n\t\t\t\t\t\t\t<div class=\"elementor-background-overlay\"><\/div>\n\t\t\t\t\t\t\t<div class=\"elementor-container elementor-column-gap-no\">\n\t\t\t\t\t<div class=\"elementor-column elementor-col-100 elementor-top-column elementor-element elementor-element-cde051b\" data-id=\"cde051b\" data-element_type=\"column\" data-e-type=\"column\">\n\t\t\t<div class=\"elementor-widget-wrap elementor-element-populated\">\n\t\t\t\t\t\t<div class=\"elementor-element elementor-element-2fe2a77c elementor-widget elementor-widget-spacer\" data-id=\"2fe2a77c\" data-element_type=\"widget\" data-e-type=\"widget\" data-widget_type=\"spacer.default\">\n\t\t\t\t\t\t\t<div class=\"elementor-spacer\">\n\t\t\t<div class=\"elementor-spacer-inner\"><\/div>\n\t\t<\/div>\n\t\t\t\t\t\t<\/div>\n\t\t\t\t\t<\/div>\n\t\t<\/div>\n\t\t\t\t\t<\/div>\n\t\t<\/section>\n\t\t\t\t<section class=\"elementor-section elementor-top-section elementor-element elementor-element-48cf7547 elementor-section-boxed elementor-section-height-default elementor-section-height-default\" data-id=\"48cf7547\" data-element_type=\"section\" data-e-type=\"section\" data-settings=\"{&quot;jet_parallax_layout_list&quot;:[]}\">\n\t\t\t\t\t\t<div class=\"elementor-container elementor-column-gap-default\">\n\t\t\t\t\t<div class=\"elementor-column elementor-col-50 elementor-top-column elementor-element elementor-element-47ba10bd\" data-id=\"47ba10bd\" data-element_type=\"column\" data-e-type=\"column\">\n\t\t\t<div class=\"elementor-widget-wrap elementor-element-populated\">\n\t\t\t\t\t\t<div class=\"elementor-element elementor-element-3cb274c7 elementor-pagination-position-outside elementor-widget elementor-widget-image-carousel\" data-id=\"3cb274c7\" data-element_type=\"widget\" data-e-type=\"widget\" data-settings=\"{&quot;slides_to_show&quot;:&quot;1&quot;,&quot;navigation&quot;:&quot;dots&quot;,&quot;autoplay&quot;:&quot;yes&quot;,&quot;pause_on_hover&quot;:&quot;yes&quot;,&quot;pause_on_interaction&quot;:&quot;yes&quot;,&quot;autoplay_speed&quot;:5000,&quot;infinite&quot;:&quot;yes&quot;,&quot;effect&quot;:&quot;slide&quot;,&quot;speed&quot;:500}\" data-widget_type=\"image-carousel.default\">\n\t\t\t\t\t\t\t<div class=\"elementor-image-carousel-wrapper swiper\" role=\"region\" aria-roledescription=\"carousel\" aria-label=\"Image Carousel\" dir=\"ltr\">\n\t\t\t<div class=\"elementor-image-carousel swiper-wrapper\" aria-live=\"off\">\n\t\t\t\t\t\t\t\t<div class=\"swiper-slide\" role=\"group\" aria-roledescription=\"slide\" aria-label=\"1 sur 1\"><figure class=\"swiper-slide-inner\"><img decoding=\"async\" class=\"swiper-slide-image lazyload\" data-src=\"https:\/\/mamibacosmetics.com\/wp-content\/uploads\/elementor\/thumbs\/sweet-pea-q2rl4xttklu87eisfcdoesbzoju3btpftytxc8hh1k.jpg\" alt=\"sweet-pea\" src=\"data:image\/svg+xml;base64,PHN2ZyB3aWR0aD0iMSIgaGVpZ2h0PSIxIiB4bWxucz0iaHR0cDovL3d3dy53My5vcmcvMjAwMC9zdmciPjwvc3ZnPg==\" style=\"--smush-placeholder-width: 500px; --smush-placeholder-aspect-ratio: 500\/500;\" \/><\/figure><\/div>\t\t\t<\/div>\n\t\t\t\t\t<\/div>\n\t\t\t\t\t\t<\/div>\n\t\t\t\t\t<\/div>\n\t\t<\/div>\n\t\t\t\t<div class=\"elementor-column elementor-col-50 elementor-top-column elementor-element elementor-element-13c82569\" data-id=\"13c82569\" data-element_type=\"column\" data-e-type=\"column\">\n\t\t\t<div class=\"elementor-widget-wrap elementor-element-populated\">\n\t\t\t\t\t\t<div class=\"elementor-element elementor-element-15362f83 elementor-widget elementor-widget-text-editor\" data-id=\"15362f83\" data-element_type=\"widget\" data-e-type=\"widget\" data-widget_type=\"text-editor.default\">\n\t\t\t\t\t\t\t\t\t<p>Petit pois&#8230; La pomme de mes yeux&#8230;<br \/>Tu es la seule raison pour laquelle je continue \u00e0 rentrer \u00e0 la maison.<\/p><p>Ces paroles d&rsquo;Amos Lee ont inspir\u00e9 la cr\u00e9ation de la collection M.Lili. Nous savions que nous voulions offrir aux clients de l&rsquo;h\u00f4tel une exp\u00e9rience exquise, et nous n&rsquo;avons pas cherch\u00e9 plus loin que la fleur de pois de senteur. Pr\u00e9sente dans le sud de l&rsquo;Italie, la fleur de pois de senteur est connue pour son parfum gai, durable et sensuellement sucr\u00e9. Formul\u00e9 avec des ingr\u00e9dients d\u00e9licats et hydratants, M.Lili cr\u00e9e une exp\u00e9rience florale relaxante, une journ\u00e9e d&rsquo;\u00e9t\u00e9 ensoleill\u00e9e en Sicile.<\/p>\t\t\t\t\t\t\t\t<\/div>\n\t\t\t\t<div class=\"elementor-element elementor-element-fbbc41d elementor-widget elementor-widget-text-editor\" data-id=\"fbbc41d\" data-element_type=\"widget\" data-e-type=\"widget\" data-widget_type=\"text-editor.default\">\n\t\t\t\t\t\t\t\t\tPour les \u00e9tablissements \u00e0 la recherche d&rsquo;une gamme d&rsquo;articles de courtoisie \u00e0 la fois \u00e9l\u00e9gante et \u00e9conomique, M. Lili a \u00e9t\u00e9 con\u00e7ue pour allier beaut\u00e9 et valeur. Cette collection rechargeable apporte une touche raffin\u00e9e sans compromettre le prix, avec un d\u00e9licat parfum floral et une formule douce id\u00e9ale pour les douches quotidiennes. C\u2019est un choix parfait pour les h\u00f4tels souhaitant offrir \u00e0 leurs clients une exp\u00e9rience de qualit\u00e9 \u00e0 un prix abordable.\n\t\t\t\t\t\t\t\t<\/div>\n\t\t\t\t\t<\/div>\n\t\t<\/div>\n\t\t\t\t\t<\/div>\n\t\t<\/section>\n\t\t\t\t<section class=\"elementor-section elementor-top-section elementor-element elementor-element-eeafc8d elementor-section-boxed elementor-section-height-default elementor-section-height-default\" data-id=\"eeafc8d\" data-element_type=\"section\" data-e-type=\"section\" data-settings=\"{&quot;jet_parallax_layout_list&quot;:[]}\">\n\t\t\t\t\t\t<div class=\"elementor-container elementor-column-gap-default\">\n\t\t\t\t\t<div class=\"elementor-column elementor-col-25 elementor-top-column elementor-element elementor-element-b4a47ef\" data-id=\"b4a47ef\" data-element_type=\"column\" data-e-type=\"column\">\n\t\t\t<div class=\"elementor-widget-wrap elementor-element-populated\">\n\t\t\t\t\t\t<div class=\"elementor-element elementor-element-1c9b168 elementor-widget elementor-widget-image\" data-id=\"1c9b168\" data-element_type=\"widget\" data-e-type=\"widget\" data-widget_type=\"image.default\">\n\t\t\t\t\t\t\t\t\t\t\t\t<figure class=\"wp-caption\">\n\t\t\t\t\t\t\t\t\t\t<img fetchpriority=\"high\" decoding=\"async\" width=\"756\" height=\"756\" src=\"https:\/\/mamibacosmetics.com\/wp-content\/uploads\/2023\/02\/shampoo.jpg\" class=\"attachment-large size-large wp-image-11906\" alt=\"\" srcset=\"https:\/\/mamibacosmetics.com\/wp-content\/uploads\/2023\/02\/shampoo.jpg 756w, https:\/\/mamibacosmetics.com\/wp-content\/uploads\/2023\/02\/shampoo-300x300.jpg 300w, https:\/\/mamibacosmetics.com\/wp-content\/uploads\/2023\/02\/shampoo-150x150.jpg 150w, https:\/\/mamibacosmetics.com\/wp-content\/uploads\/2023\/02\/shampoo-500x500.jpg 500w\" sizes=\"(max-width: 756px) 100vw, 756px\" \/>\t\t\t\t\t\t\t\t\t\t\t<figcaption class=\"widget-image-caption wp-caption-text\">Shampoo<\/figcaption>\n\t\t\t\t\t\t\t\t\t\t<\/figure>\n\t\t\t\t\t\t\t\t\t<\/div>\n\t\t\t\t\t<\/div>\n\t\t<\/div>\n\t\t\t\t<div class=\"elementor-column elementor-col-25 elementor-top-column elementor-element elementor-element-046af95\" data-id=\"046af95\" data-element_type=\"column\" data-e-type=\"column\">\n\t\t\t<div class=\"elementor-widget-wrap elementor-element-populated\">\n\t\t\t\t\t\t<div class=\"elementor-element elementor-element-8afe5f2 elementor-widget elementor-widget-image\" data-id=\"8afe5f2\" data-element_type=\"widget\" data-e-type=\"widget\" data-widget_type=\"image.default\">\n\t\t\t\t\t\t\t\t\t\t\t\t<figure class=\"wp-caption\">\n\t\t\t\t\t\t\t\t\t\t<img decoding=\"async\" width=\"756\" height=\"756\" data-src=\"https:\/\/mamibacosmetics.com\/wp-content\/uploads\/2023\/02\/conditioner-1.jpg\" class=\"attachment-large size-large wp-image-11915 lazyload\" alt=\"\" data-srcset=\"https:\/\/mamibacosmetics.com\/wp-content\/uploads\/2023\/02\/conditioner-1.jpg 756w, https:\/\/mamibacosmetics.com\/wp-content\/uploads\/2023\/02\/conditioner-1-300x300.jpg 300w, https:\/\/mamibacosmetics.com\/wp-content\/uploads\/2023\/02\/conditioner-1-150x150.jpg 150w, https:\/\/mamibacosmetics.com\/wp-content\/uploads\/2023\/02\/conditioner-1-500x500.jpg 500w\" data-sizes=\"(max-width: 756px) 100vw, 756px\" src=\"data:image\/svg+xml;base64,PHN2ZyB3aWR0aD0iMSIgaGVpZ2h0PSIxIiB4bWxucz0iaHR0cDovL3d3dy53My5vcmcvMjAwMC9zdmciPjwvc3ZnPg==\" style=\"--smush-placeholder-width: 756px; --smush-placeholder-aspect-ratio: 756\/756;\" \/>\t\t\t\t\t\t\t\t\t\t\t<figcaption class=\"widget-image-caption wp-caption-text\">Conditioner <\/figcaption>\n\t\t\t\t\t\t\t\t\t\t<\/figure>\n\t\t\t\t\t\t\t\t\t<\/div>\n\t\t\t\t\t<\/div>\n\t\t<\/div>\n\t\t\t\t<div class=\"elementor-column elementor-col-25 elementor-top-column elementor-element elementor-element-a358d65\" data-id=\"a358d65\" data-element_type=\"column\" data-e-type=\"column\">\n\t\t\t<div class=\"elementor-widget-wrap elementor-element-populated\">\n\t\t\t\t\t\t<div class=\"elementor-element elementor-element-ee226d8 elementor-widget elementor-widget-image\" data-id=\"ee226d8\" data-element_type=\"widget\" data-e-type=\"widget\" data-widget_type=\"image.default\">\n\t\t\t\t\t\t\t\t\t\t\t\t<figure class=\"wp-caption\">\n\t\t\t\t\t\t\t\t\t\t<img decoding=\"async\" width=\"756\" height=\"756\" data-src=\"https:\/\/mamibacosmetics.com\/wp-content\/uploads\/2023\/02\/shower-gel-1.jpg\" class=\"attachment-large size-large wp-image-11912 lazyload\" alt=\"\" data-srcset=\"https:\/\/mamibacosmetics.com\/wp-content\/uploads\/2023\/02\/shower-gel-1.jpg 756w, https:\/\/mamibacosmetics.com\/wp-content\/uploads\/2023\/02\/shower-gel-1-300x300.jpg 300w, https:\/\/mamibacosmetics.com\/wp-content\/uploads\/2023\/02\/shower-gel-1-150x150.jpg 150w, https:\/\/mamibacosmetics.com\/wp-content\/uploads\/2023\/02\/shower-gel-1-500x500.jpg 500w\" data-sizes=\"(max-width: 756px) 100vw, 756px\" src=\"data:image\/svg+xml;base64,PHN2ZyB3aWR0aD0iMSIgaGVpZ2h0PSIxIiB4bWxucz0iaHR0cDovL3d3dy53My5vcmcvMjAwMC9zdmciPjwvc3ZnPg==\" style=\"--smush-placeholder-width: 756px; --smush-placeholder-aspect-ratio: 756\/756;\" \/>\t\t\t\t\t\t\t\t\t\t\t<figcaption class=\"widget-image-caption wp-caption-text\">Shower Gel <\/figcaption>\n\t\t\t\t\t\t\t\t\t\t<\/figure>\n\t\t\t\t\t\t\t\t\t<\/div>\n\t\t\t\t\t<\/div>\n\t\t<\/div>\n\t\t\t\t<div class=\"elementor-column elementor-col-25 elementor-top-column elementor-element elementor-element-d42c833\" data-id=\"d42c833\" data-element_type=\"column\" data-e-type=\"column\">\n\t\t\t<div class=\"elementor-widget-wrap elementor-element-populated\">\n\t\t\t\t\t\t<div class=\"elementor-element elementor-element-01de2e7 elementor-widget elementor-widget-image\" data-id=\"01de2e7\" data-element_type=\"widget\" data-e-type=\"widget\" data-widget_type=\"image.default\">\n\t\t\t\t\t\t\t\t\t\t\t\t<figure class=\"wp-caption\">\n\t\t\t\t\t\t\t\t\t\t<img decoding=\"async\" width=\"756\" height=\"756\" data-src=\"https:\/\/mamibacosmetics.com\/wp-content\/uploads\/2023\/02\/body-lotion-1.jpg\" class=\"attachment-large size-large wp-image-11918 lazyload\" alt=\"\" data-srcset=\"https:\/\/mamibacosmetics.com\/wp-content\/uploads\/2023\/02\/body-lotion-1.jpg 756w, https:\/\/mamibacosmetics.com\/wp-content\/uploads\/2023\/02\/body-lotion-1-300x300.jpg 300w, https:\/\/mamibacosmetics.com\/wp-content\/uploads\/2023\/02\/body-lotion-1-150x150.jpg 150w, https:\/\/mamibacosmetics.com\/wp-content\/uploads\/2023\/02\/body-lotion-1-500x500.jpg 500w\" data-sizes=\"(max-width: 756px) 100vw, 756px\" src=\"data:image\/svg+xml;base64,PHN2ZyB3aWR0aD0iMSIgaGVpZ2h0PSIxIiB4bWxucz0iaHR0cDovL3d3dy53My5vcmcvMjAwMC9zdmciPjwvc3ZnPg==\" style=\"--smush-placeholder-width: 756px; --smush-placeholder-aspect-ratio: 756\/756;\" \/>\t\t\t\t\t\t\t\t\t\t\t<figcaption class=\"widget-image-caption wp-caption-text\">Body loation<\/figcaption>\n\t\t\t\t\t\t\t\t\t\t<\/figure>\n\t\t\t\t\t\t\t\t\t<\/div>\n\t\t\t\t\t<\/div>\n\t\t<\/div>\n\t\t\t\t\t<\/div>\n\t\t<\/section>\n\t\t\t\t<section class=\"elementor-section elementor-top-section elementor-element elementor-element-6c043f95 elementor-section-boxed elementor-section-height-default elementor-section-height-default\" data-id=\"6c043f95\" data-element_type=\"section\" data-e-type=\"section\" data-settings=\"{&quot;jet_parallax_layout_list&quot;:[]}\">\n\t\t\t\t\t\t<div class=\"elementor-container elementor-column-gap-default\">\n\t\t\t\t\t<div class=\"elementor-column elementor-col-100 elementor-top-column elementor-element elementor-element-76781320\" data-id=\"76781320\" data-element_type=\"column\" data-e-type=\"column\">\n\t\t\t<div class=\"elementor-widget-wrap elementor-element-populated\">\n\t\t\t\t\t\t<section class=\"elementor-section elementor-inner-section elementor-element elementor-element-2114d609 elementor-section-boxed elementor-section-height-default elementor-section-height-default\" data-id=\"2114d609\" data-element_type=\"section\" data-e-type=\"section\" data-settings=\"{&quot;jet_parallax_layout_list&quot;:[]}\">\n\t\t\t\t\t\t<div class=\"elementor-container elementor-column-gap-default\">\n\t\t\t\t\t<div class=\"elementor-column elementor-col-50 elementor-inner-column elementor-element elementor-element-6867d577\" data-id=\"6867d577\" data-element_type=\"column\" data-e-type=\"column\">\n\t\t\t<div class=\"elementor-widget-wrap elementor-element-populated\">\n\t\t\t\t\t\t<div class=\"elementor-element elementor-element-1bb108ea elementor-widget elementor-widget-image\" data-id=\"1bb108ea\" data-element_type=\"widget\" data-e-type=\"widget\" data-widget_type=\"image.default\">\n\t\t\t\t\t\t\t\t\t\t\t\t\t\t\t<img decoding=\"async\" data-src=\"https:\/\/mamibacosmetics.com\/wp-content\/uploads\/elementor\/thumbs\/Accessories-1-pvyobvn9b312sd8ogo8crfe07r6vgxty8kmjaslzzk.jpg\" title=\"Accessories (1)\" alt=\"Accessories (1)\" src=\"data:image\/svg+xml;base64,PHN2ZyB3aWR0aD0iMSIgaGVpZ2h0PSIxIiB4bWxucz0iaHR0cDovL3d3dy53My5vcmcvMjAwMC9zdmciPjwvc3ZnPg==\" class=\"lazyload\" style=\"--smush-placeholder-width: 600px; --smush-placeholder-aspect-ratio: 600\/600;\" \/>\t\t\t\t\t\t\t\t\t\t\t\t\t\t\t<\/div>\n\t\t\t\t\t<\/div>\n\t\t<\/div>\n\t\t\t\t<div class=\"elementor-column elementor-col-50 elementor-inner-column elementor-element elementor-element-12493044\" data-id=\"12493044\" data-element_type=\"column\" data-e-type=\"column\">\n\t\t\t<div class=\"elementor-widget-wrap elementor-element-populated\">\n\t\t\t\t\t\t<div class=\"elementor-element elementor-element-7af4859f elementor-widget elementor-widget-heading\" data-id=\"7af4859f\" data-element_type=\"widget\" data-e-type=\"widget\" data-widget_type=\"heading.default\">\n\t\t\t\t\t<h2 class=\"elementor-heading-title elementor-size-default\">SACS CPE<\/h2>\t\t\t\t<\/div>\n\t\t\t\t<div class=\"elementor-element elementor-element-607f3646 elementor-widget elementor-widget-text-editor\" data-id=\"607f3646\" data-element_type=\"widget\" data-e-type=\"widget\" data-widget_type=\"text-editor.default\">\n\t\t\t\t\t\t\t\t\t<div>Les accessoires MAMIBA sont emball\u00e9s dans des sacs CPE \u00e9cologiques, compos\u00e9s \u00e0 100 % de plastique recycl\u00e9. Ils sont sup\u00e9rieurs au plastique pour leur flexibilit\u00e9 suppl\u00e9mentaire, leur meilleure r\u00e9sistance \u00e0 l&rsquo;eau, aux intemp\u00e9ries, \u00e0 la chaleur et aux flammes.<\/div>\t\t\t\t\t\t\t\t<\/div>\n\t\t\t\t<div class=\"elementor-element elementor-element-fe6c48f elementor-widget elementor-widget-text-editor\" data-id=\"fe6c48f\" data-element_type=\"widget\" data-e-type=\"widget\" data-widget_type=\"text-editor.default\">\n\t\t\t\t\t\t\t\t\t<div>Les distributeurs blancs \u00e9l\u00e9gants de 300ml peuvent \u00eatre mont\u00e9s en simple, double ou triple supports en acier inoxydable, offrant \u00e0 la fois flexibilit\u00e9 et style. Rechargeables avec des bidons de 5L, M. Lili garantit une facilit\u00e9 d&rsquo;entretien tout en r\u00e9duisant les co\u00fbts. L&#8217;emballage est enti\u00e8rement recyclable, s&rsquo;inscrivant dans une d\u00e9marche de durabilit\u00e9 tout en restant pratique. Et en prime, son design compact est parfait pour les \u00e9tablissements cherchant \u00e0 optimiser l&rsquo;espace dans les chambres sans sacrifier l&rsquo;\u00e9l\u00e9gance.<\/div>\t\t\t\t\t\t\t\t<\/div>\n\t\t\t\t\t<\/div>\n\t\t<\/div>\n\t\t\t\t\t<\/div>\n\t\t<\/section>\n\t\t\t\t\t<\/div>\n\t\t<\/div>\n\t\t\t\t\t<\/div>\n\t\t<\/section>\n\t\t\t\t<\/div>\n\t\t","protected":false},"excerpt":{"rendered":"<p>Petit pois&#8230; La pomme de mes yeux&#8230;Tu es la seule raison pour laquelle je continue \u00e0 rentrer \u00e0 la maison. Ces paroles d&rsquo;Amos Lee ont inspir\u00e9 la cr\u00e9ation de la collection M.Lili. Nous savions que nous voulions offrir aux clients de l&rsquo;h\u00f4tel une exp\u00e9rience exquise, et nous n&rsquo;avons pas cherch\u00e9 plus loin que la fleur [&hellip;]<\/p>\n","protected":false},"author":10,"featured_media":0,"parent":0,"menu_order":0,"comment_status":"closed","ping_status":"closed","template":"full-width.php","meta":{"_acf_changed":false,"om_disable_all_campaigns":false,"footnotes":""},"class_list":["post-11924","page","type-page","status-publish","hentry"],"acf":[],"yoast_head":"<!-- This site is optimized with the Yoast SEO plugin v27.4 - https:\/\/yoast.com\/product\/yoast-seo-wordpress\/ -->\n<title>M lili - MAMIBA<\/title>\n<meta name=\"robots\" content=\"index, follow, max-snippet:-1, max-image-preview:large, max-video-preview:-1\" \/>\n<link rel=\"canonical\" href=\"https:\/\/mamibacosmetics.com\/fr\/m-lili\/\" \/>\n<meta property=\"og:locale\" content=\"fr_FR\" \/>\n<meta property=\"og:type\" content=\"article\" \/>\n<meta property=\"og:title\" content=\"M lili - MAMIBA\" \/>\n<meta property=\"og:description\" content=\"Petit pois&#8230; La pomme de mes yeux&#8230;Tu es la seule raison pour laquelle je continue \u00e0 rentrer \u00e0 la maison. Ces paroles d&rsquo;Amos Lee ont inspir\u00e9 la cr\u00e9ation de la collection M.Lili. Nous savions que nous voulions offrir aux clients de l&rsquo;h\u00f4tel une exp\u00e9rience exquise, et nous n&rsquo;avons pas cherch\u00e9 plus loin que la fleur [&hellip;]\" \/>\n<meta property=\"og:url\" content=\"https:\/\/mamibacosmetics.com\/fr\/m-lili\/\" \/>\n<meta property=\"og:site_name\" content=\"MAMIBA\" \/>\n<meta property=\"article:publisher\" content=\"https:\/\/www.facebook.com\/MamibaHotelSupplies\" \/>\n<meta property=\"article:modified_time\" content=\"2025-12-29T19:08:33+00:00\" \/>\n<meta property=\"og:image\" content=\"https:\/\/mamibacosmetics.com\/wp-content\/uploads\/elementor\/thumbs\/sweet-pea-q2rl4xttklu87eisfcdoesbzoju3btpftytxc8hh1k.jpg\" \/>\n<meta name=\"twitter:card\" content=\"summary_large_image\" \/>\n<meta name=\"twitter:label1\" content=\"Dur\u00e9e de lecture estim\u00e9e\" \/>\n\t<meta name=\"twitter:data1\" content=\"3 minutes\" \/>\n<script type=\"application\/ld+json\" class=\"yoast-schema-graph\">{\"@context\":\"https:\\\/\\\/schema.org\",\"@graph\":[{\"@type\":\"WebPage\",\"@id\":\"https:\\\/\\\/mamibacosmetics.com\\\/fr\\\/m-lili\\\/\",\"url\":\"https:\\\/\\\/mamibacosmetics.com\\\/fr\\\/m-lili\\\/\",\"name\":\"M lili - MAMIBA\",\"isPartOf\":{\"@id\":\"https:\\\/\\\/mamibacosmetics.com\\\/#website\"},\"primaryImageOfPage\":{\"@id\":\"https:\\\/\\\/mamibacosmetics.com\\\/fr\\\/m-lili\\\/#primaryimage\"},\"image\":{\"@id\":\"https:\\\/\\\/mamibacosmetics.com\\\/fr\\\/m-lili\\\/#primaryimage\"},\"thumbnailUrl\":\"https:\\\/\\\/mamibacosmetics.com\\\/wp-content\\\/uploads\\\/elementor\\\/thumbs\\\/sweet-pea-q2rl4xttklu87eisfcdoesbzoju3btpftytxc8hh1k.jpg\",\"datePublished\":\"2023-02-27T07:00:42+00:00\",\"dateModified\":\"2025-12-29T19:08:33+00:00\",\"breadcrumb\":{\"@id\":\"https:\\\/\\\/mamibacosmetics.com\\\/fr\\\/m-lili\\\/#breadcrumb\"},\"inLanguage\":\"fr-FR\",\"potentialAction\":[{\"@type\":\"ReadAction\",\"target\":[\"https:\\\/\\\/mamibacosmetics.com\\\/fr\\\/m-lili\\\/\"]}]},{\"@type\":\"ImageObject\",\"inLanguage\":\"fr-FR\",\"@id\":\"https:\\\/\\\/mamibacosmetics.com\\\/fr\\\/m-lili\\\/#primaryimage\",\"url\":\"https:\\\/\\\/mamibacosmetics.com\\\/wp-content\\\/uploads\\\/elementor\\\/thumbs\\\/sweet-pea-q2rl4xttklu87eisfcdoesbzoju3btpftytxc8hh1k.jpg\",\"contentUrl\":\"https:\\\/\\\/mamibacosmetics.com\\\/wp-content\\\/uploads\\\/elementor\\\/thumbs\\\/sweet-pea-q2rl4xttklu87eisfcdoesbzoju3btpftytxc8hh1k.jpg\"},{\"@type\":\"BreadcrumbList\",\"@id\":\"https:\\\/\\\/mamibacosmetics.com\\\/fr\\\/m-lili\\\/#breadcrumb\",\"itemListElement\":[{\"@type\":\"ListItem\",\"position\":1,\"name\":\"Home\",\"item\":\"https:\\\/\\\/mamibacosmetics.com\\\/\"},{\"@type\":\"ListItem\",\"position\":2,\"name\":\"M lili\"}]},{\"@type\":\"WebSite\",\"@id\":\"https:\\\/\\\/mamibacosmetics.com\\\/#website\",\"url\":\"https:\\\/\\\/mamibacosmetics.com\\\/\",\"name\":\"MAMIBA\",\"description\":\"MAMIBA is a hospitality one-stop shop We have a young and fresh approach with each one of our clients\",\"potentialAction\":[{\"@type\":\"SearchAction\",\"target\":{\"@type\":\"EntryPoint\",\"urlTemplate\":\"https:\\\/\\\/mamibacosmetics.com\\\/?s={search_term_string}\"},\"query-input\":{\"@type\":\"PropertyValueSpecification\",\"valueRequired\":true,\"valueName\":\"search_term_string\"}}],\"inLanguage\":\"fr-FR\"}]}<\/script>\n<!-- \/ Yoast SEO plugin. -->","yoast_head_json":{"title":"M lili - MAMIBA","robots":{"index":"index","follow":"follow","max-snippet":"max-snippet:-1","max-image-preview":"max-image-preview:large","max-video-preview":"max-video-preview:-1"},"canonical":"https:\/\/mamibacosmetics.com\/fr\/m-lili\/","og_locale":"fr_FR","og_type":"article","og_title":"M lili - MAMIBA","og_description":"Petit pois&#8230; La pomme de mes yeux&#8230;Tu es la seule raison pour laquelle je continue \u00e0 rentrer \u00e0 la maison. Ces paroles d&rsquo;Amos Lee ont inspir\u00e9 la cr\u00e9ation de la collection M.Lili. Nous savions que nous voulions offrir aux clients de l&rsquo;h\u00f4tel une exp\u00e9rience exquise, et nous n&rsquo;avons pas cherch\u00e9 plus loin que la fleur [&hellip;]","og_url":"https:\/\/mamibacosmetics.com\/fr\/m-lili\/","og_site_name":"MAMIBA","article_publisher":"https:\/\/www.facebook.com\/MamibaHotelSupplies","article_modified_time":"2025-12-29T19:08:33+00:00","og_image":[{"url":"https:\/\/mamibacosmetics.com\/wp-content\/uploads\/elementor\/thumbs\/sweet-pea-q2rl4xttklu87eisfcdoesbzoju3btpftytxc8hh1k.jpg","type":"","width":"","height":""}],"twitter_card":"summary_large_image","twitter_misc":{"Dur\u00e9e de lecture estim\u00e9e":"3 minutes"},"schema":{"@context":"https:\/\/schema.org","@graph":[{"@type":"WebPage","@id":"https:\/\/mamibacosmetics.com\/fr\/m-lili\/","url":"https:\/\/mamibacosmetics.com\/fr\/m-lili\/","name":"M lili - MAMIBA","isPartOf":{"@id":"https:\/\/mamibacosmetics.com\/#website"},"primaryImageOfPage":{"@id":"https:\/\/mamibacosmetics.com\/fr\/m-lili\/#primaryimage"},"image":{"@id":"https:\/\/mamibacosmetics.com\/fr\/m-lili\/#primaryimage"},"thumbnailUrl":"https:\/\/mamibacosmetics.com\/wp-content\/uploads\/elementor\/thumbs\/sweet-pea-q2rl4xttklu87eisfcdoesbzoju3btpftytxc8hh1k.jpg","datePublished":"2023-02-27T07:00:42+00:00","dateModified":"2025-12-29T19:08:33+00:00","breadcrumb":{"@id":"https:\/\/mamibacosmetics.com\/fr\/m-lili\/#breadcrumb"},"inLanguage":"fr-FR","potentialAction":[{"@type":"ReadAction","target":["https:\/\/mamibacosmetics.com\/fr\/m-lili\/"]}]},{"@type":"ImageObject","inLanguage":"fr-FR","@id":"https:\/\/mamibacosmetics.com\/fr\/m-lili\/#primaryimage","url":"https:\/\/mamibacosmetics.com\/wp-content\/uploads\/elementor\/thumbs\/sweet-pea-q2rl4xttklu87eisfcdoesbzoju3btpftytxc8hh1k.jpg","contentUrl":"https:\/\/mamibacosmetics.com\/wp-content\/uploads\/elementor\/thumbs\/sweet-pea-q2rl4xttklu87eisfcdoesbzoju3btpftytxc8hh1k.jpg"},{"@type":"BreadcrumbList","@id":"https:\/\/mamibacosmetics.com\/fr\/m-lili\/#breadcrumb","itemListElement":[{"@type":"ListItem","position":1,"name":"Home","item":"https:\/\/mamibacosmetics.com\/"},{"@type":"ListItem","position":2,"name":"M lili"}]},{"@type":"WebSite","@id":"https:\/\/mamibacosmetics.com\/#website","url":"https:\/\/mamibacosmetics.com\/","name":"MAMIBA","description":"MAMIBA is a hospitality one-stop shop We have a young and fresh approach with each one of our clients","potentialAction":[{"@type":"SearchAction","target":{"@type":"EntryPoint","urlTemplate":"https:\/\/mamibacosmetics.com\/?s={search_term_string}"},"query-input":{"@type":"PropertyValueSpecification","valueRequired":true,"valueName":"search_term_string"}}],"inLanguage":"fr-FR"}]}},"_links":{"self":[{"href":"https:\/\/mamibacosmetics.com\/fr\/wp-json\/wp\/v2\/pages\/11924","targetHints":{"allow":["GET"]}}],"collection":[{"href":"https:\/\/mamibacosmetics.com\/fr\/wp-json\/wp\/v2\/pages"}],"about":[{"href":"https:\/\/mamibacosmetics.com\/fr\/wp-json\/wp\/v2\/types\/page"}],"author":[{"embeddable":true,"href":"https:\/\/mamibacosmetics.com\/fr\/wp-json\/wp\/v2\/users\/10"}],"replies":[{"embeddable":true,"href":"https:\/\/mamibacosmetics.com\/fr\/wp-json\/wp\/v2\/comments?post=11924"}],"version-history":[{"count":9,"href":"https:\/\/mamibacosmetics.com\/fr\/wp-json\/wp\/v2\/pages\/11924\/revisions"}],"predecessor-version":[{"id":28545,"href":"https:\/\/mamibacosmetics.com\/fr\/wp-json\/wp\/v2\/pages\/11924\/revisions\/28545"}],"wp:attachment":[{"href":"https:\/\/mamibacosmetics.com\/fr\/wp-json\/wp\/v2\/media?parent=11924"}],"curies":[{"name":"wp","href":"https:\/\/api.w.org\/{rel}","templated":true}]}}